{"id":17459,"date":"2022-09-23T13:59:53","date_gmt":"2022-09-23T17:59:53","guid":{"rendered":"https:\/\/arduxop.com.br\/loja\/?post_type=product&#038;p=17459"},"modified":"2024-11-07T16:29:01","modified_gmt":"2024-11-07T20:29:01","slug":"usb-host-v1-5-shield","status":"publish","type":"product","link":"https:\/\/arduxop.com.br\/loja\/produto\/usb-host-v1-5-shield\/","title":{"rendered":"USB Host v1.5 shield"},"content":{"rendered":"<p>Shield M\u00f3dulo Usb 2.0 Host Shield P\/ Rob\u00f3tica<\/p>\n<p>Com este USB Host Shield o seu Ardoino pode se comunicar com v\u00e1rios dispositivos USB, como Teclado USB, Mouse USB, C\u00e2meras, Scanners de C\u00f3digo de Barras, Bluetooth, incluindo seu celular Android ou Tablet!<\/p>\n<p>Caracter\u00edsticas:<br \/>Suporta portas entrada\/sa\u00edda de 5V e 3.3V<br \/>Compat\u00edvel com os Arduinos: Uno, Duemilanove, Diecimila, Mega 2560 e 1280<\/p>\n<p>Dimens\u00f5es: 58mm x 57mm x 17mm<\/p>\n<p>===========================================================<\/p>\n<p>Aplica\u00e7\u00f5es, Datasheet e c\u00f3digos:<\/p>\n<p><a href=\"https:\/\/wiki.keyestudio.com\/Ks0155_keyestudio_USB_Host_v1.5_shield\" data-mce-href=\"https:\/\/wiki.keyestudio.com\/Ks0155_keyestudio_USB_Host_v1.5_shield\">https:\/\/wiki.keyestudio.com\/Ks0155_keyestudio_USB_Host_v1.5_shield<\/a><br data-mce-bogus=\"1\"><\/p>\n<p>==========================================================<\/p>\n","protected":false},"excerpt":{"rendered":"<p id=\"firstHeading\" class=\"firstHeading\" lang=\"en\">Ks0155 keyestudio USB Host v1.5 shield<\/p>\n","protected":false},"featured_media":17465,"template":"","meta":[],"product_brand":[],"product_cat":[50],"product_tag":[],"class_list":{"0":"post-17459","1":"product","2":"type-product","3":"status-publish","4":"has-post-thumbnail","6":"product_cat-modulos","8":"entry","9":"has-media","11":"first","12":"instock","13":"shipping-taxable","14":"purchasable","15":"product-type-simple","16":"has-product-nav","17":"col","18":"span_1_of_3","19":"owp-content-center","20":"owp-thumbs-layout-horizontal","21":"owp-btn-normal","22":"owp-tabs-layout-horizontal"},"_links":{"self":[{"href":"https:\/\/arduxop.com.br\/loja\/wp-json\/wp\/v2\/product\/17459","targetHints":{"allow":["GET"]}}],"collection":[{"href":"https:\/\/arduxop.com.br\/loja\/wp-json\/wp\/v2\/product"}],"about":[{"href":"https:\/\/arduxop.com.br\/loja\/wp-json\/wp\/v2\/types\/product"}],"wp:featuredmedia":[{"embeddable":true,"href":"https:\/\/arduxop.com.br\/loja\/wp-json\/wp\/v2\/media\/17465"}],"wp:attachment":[{"href":"https:\/\/arduxop.com.br\/loja\/wp-json\/wp\/v2\/media?parent=17459"}],"wp:term":[{"taxonomy":"product_brand","embeddable":true,"href":"https:\/\/arduxop.com.br\/loja\/wp-json\/wp\/v2\/product_brand?post=17459"},{"taxonomy":"product_cat","embeddable":true,"href":"https:\/\/arduxop.com.br\/loja\/wp-json\/wp\/v2\/product_cat?post=17459"},{"taxonomy":"product_tag","embeddable":true,"href":"https:\/\/arduxop.com.br\/loja\/wp-json\/wp\/v2\/product_tag?post=17459"}],"curies":[{"name":"wp","href":"https:\/\/api.w.org\/{rel}","templated":true}]}}