{"id":17450,"date":"2022-09-12T17:29:43","date_gmt":"2022-09-12T21:29:43","guid":{"rendered":"https:\/\/arduxop.com.br\/loja\/?post_type=product&#038;p=17450"},"modified":"2024-11-07T16:29:55","modified_gmt":"2024-11-07T20:29:55","slug":"arduino-mega-2560-com-wifi","status":"publish","type":"product","link":"https:\/\/arduxop.com.br\/loja\/produto\/arduino-mega-2560-com-wifi\/","title":{"rendered":"Arduino Mega 2560 Com Wifi"},"content":{"rendered":"<p>Arduino Mega Atmega2560 Wifi R3 Esp8266 32-bits Ch340G.<\/p>\n<p>Especifica\u00e7\u00f5es T\u00e9cnicas:<\/p>\n<p>Microcontrolador: ATmega2560<br \/>\nCI Wi-Fi: ESP8266<br \/>\nConversor USB-TTL CH340G<br \/>\nTens\u00e3o de Sa\u00edda m\u00e1xima: 5V<br \/>\nCorrente de sa\u00edda m\u00e1xima: 800mA<br \/>\nAlimenta\u00e7\u00e3o via USB: 5V (500mA m\u00e1xima)<br \/>\nAlimenta\u00e7\u00e3o via Jack P4 (9-24V)<br \/>\nConsumo de Pot\u00eancia: 5V 800 mA<br \/>\nN\u00edvel L\u00f3gico: 5V<br \/>\nTipos de Rede Wi-FI suportados: Wi-Fi 802.11 b\/g\/n 2.4 GHz<br \/>\nUSB : Micro USB<br \/>\nFrequ\u00eancia de Clock: 16 MHz<br \/>\nTens\u00e3o de Opera\u00e7\u00e3o: 5V<br \/>\nEntradas\/Sa\u00eddas Digitais: 54<br \/>\nAnal\u00f3gicas: 16<br \/>\nTamanho da Mem\u00f3ria 256 kb<br \/>\nTipo\/Tamanho da RAM de dados: 8 kb<br \/>\nTipo\/Tamanho da ROM de dados: 4 kb<br \/>\nTipo da Interface: Serial\\OTA<br \/>\nFaixa de Temperatura Suportada: -40\u00b0C a 125\u00b0C<br \/>\nComprimento\u00d7Largura: 53.361\u00d7101.86mm<br \/>\nTipos de Antena Suportados : Antena Built-in\/Antena Externa<\/p>\n","protected":false},"excerpt":{"rendered":"<p class=\"ui-pdp-title\">Arduino Mega 2560 Com Wifi R3 Blackboard Ch340g<\/p>\n","protected":false},"featured_media":17451,"template":"","meta":[],"product_brand":[],"product_cat":[522,49,175],"product_tag":[],"class_list":{"0":"post-17450","1":"product","2":"type-product","3":"status-publish","4":"has-post-thumbnail","6":"product_cat-microcontrolador-2","7":"product_cat-microprocessadores","8":"product_cat-placas","10":"entry","11":"has-media","13":"first","14":"instock","15":"shipping-taxable","16":"purchasable","17":"product-type-simple","18":"has-product-nav","19":"col","20":"span_1_of_3","21":"owp-content-center","22":"owp-thumbs-layout-horizontal","23":"owp-btn-normal","24":"owp-tabs-layout-horizontal"},"_links":{"self":[{"href":"https:\/\/arduxop.com.br\/loja\/wp-json\/wp\/v2\/product\/17450","targetHints":{"allow":["GET"]}}],"collection":[{"href":"https:\/\/arduxop.com.br\/loja\/wp-json\/wp\/v2\/product"}],"about":[{"href":"https:\/\/arduxop.com.br\/loja\/wp-json\/wp\/v2\/types\/product"}],"wp:featuredmedia":[{"embeddable":true,"href":"https:\/\/arduxop.com.br\/loja\/wp-json\/wp\/v2\/media\/17451"}],"wp:attachment":[{"href":"https:\/\/arduxop.com.br\/loja\/wp-json\/wp\/v2\/media?parent=17450"}],"wp:term":[{"taxonomy":"product_brand","embeddable":true,"href":"https:\/\/arduxop.com.br\/loja\/wp-json\/wp\/v2\/product_brand?post=17450"},{"taxonomy":"product_cat","embeddable":true,"href":"https:\/\/arduxop.com.br\/loja\/wp-json\/wp\/v2\/product_cat?post=17450"},{"taxonomy":"product_tag","embeddable":true,"href":"https:\/\/arduxop.com.br\/loja\/wp-json\/wp\/v2\/product_tag?post=17450"}],"curies":[{"name":"wp","href":"https:\/\/api.w.org\/{rel}","templated":true}]}}