{"id":17449,"date":"2022-09-09T15:54:10","date_gmt":"2022-09-09T19:54:10","guid":{"rendered":"https:\/\/arduxop.com.br\/loja\/?post_type=product&#038;p=17449"},"modified":"2024-07-25T07:54:21","modified_gmt":"2024-07-25T11:54:21","slug":"arduino-mega-2560-cabo-usb-2","status":"publish","type":"product","link":"https:\/\/arduxop.com.br\/loja\/produto\/arduino-mega-2560-cabo-usb-2\/","title":{"rendered":"Arduino Mega 2560 +Cabo USB."},"content":{"rendered":"<p class=\"ui-pdp-description__content\">Especifica\u00e7\u00f5es:<br \/>\n\u2013 Microcontrolador: ATmega2560<br \/>\n\u2013 Tens\u00e3o de Opera\u00e7\u00e3o: 5V<br \/>\n\u2013 Tens\u00e3o de Entrada: 7-12V<br \/>\n\u2013 Portas Digitais: 54 (15 podem ser usadas como PWM)<br \/>\n\u2013 Portas Anal\u00f3gicas: 16<br \/>\n\u2013 Corrente Pinos I\/O: 40mA<br \/>\n\u2013 Corrente Pinos 3,3V: 50mA<br \/>\n\u2013 Mem\u00f3ria Flash: 256KB (8KB usado no bootloader)<br \/>\n\u2013 SRAM: 8KB<br \/>\n\u2013 EEPROM: 4KB<br \/>\n\u2013 Velocidade do Clock: 16MHz<\/p>\n<p>O Microcontrolador Mega 2560 \u00e9 uma plataforma open-hardware e possui seu pr\u00f3prio ambiente de desenvolvimento baseado na linguagem C, deixando a programa\u00e7\u00e3o bem intuitiva para iniciantes. Esta \u00e9 a vers\u00e3o open-hardware do original, ou seja, possui a mesma estrutura e componentes, mas difere pois n\u00e3o foi produzido na It\u00e1lia.<\/p>\n","protected":false},"excerpt":{"rendered":"<p>Especifica\u00e7\u00f5es: \u2013 Microcontrolador: ATmega2560 \u2013 Tens\u00e3o de Opera\u00e7\u00e3o: 5V \u2013 Tens\u00e3o de Entrada: 7-12V \u2013 Portas Digitais: 54 (15 podem ser usadas como PWM) \u2013 Portas Anal\u00f3gicas: 16 \u2013 Corrente Pinos I\/O: 40mA \u2013 Corrente Pinos 3,3V: 50mA \u2013 Mem\u00f3ria Flash: 256KB (8KB usado no bootloader) \u2013 SRAM: 8KB \u2013 EEPROM: 4KB \u2013 Velocidade do [&hellip;]<\/p>\n","protected":false},"featured_media":1524,"template":"","meta":[],"product_brand":[],"product_cat":[49,175],"product_tag":[],"class_list":{"0":"post-17449","1":"product","2":"type-product","3":"status-publish","4":"has-post-thumbnail","6":"product_cat-microprocessadores","7":"product_cat-placas","9":"entry","10":"has-media","12":"first","13":"outofstock","14":"purchasable","15":"product-type-simple","16":"has-product-nav","17":"col","18":"span_1_of_3","19":"owp-content-center","20":"owp-thumbs-layout-horizontal","21":"owp-btn-normal","22":"owp-tabs-layout-horizontal"},"_links":{"self":[{"href":"https:\/\/arduxop.com.br\/loja\/wp-json\/wp\/v2\/product\/17449","targetHints":{"allow":["GET"]}}],"collection":[{"href":"https:\/\/arduxop.com.br\/loja\/wp-json\/wp\/v2\/product"}],"about":[{"href":"https:\/\/arduxop.com.br\/loja\/wp-json\/wp\/v2\/types\/product"}],"wp:featuredmedia":[{"embeddable":true,"href":"https:\/\/arduxop.com.br\/loja\/wp-json\/wp\/v2\/media\/1524"}],"wp:attachment":[{"href":"https:\/\/arduxop.com.br\/loja\/wp-json\/wp\/v2\/media?parent=17449"}],"wp:term":[{"taxonomy":"product_brand","embeddable":true,"href":"https:\/\/arduxop.com.br\/loja\/wp-json\/wp\/v2\/product_brand?post=17449"},{"taxonomy":"product_cat","embeddable":true,"href":"https:\/\/arduxop.com.br\/loja\/wp-json\/wp\/v2\/product_cat?post=17449"},{"taxonomy":"product_tag","embeddable":true,"href":"https:\/\/arduxop.com.br\/loja\/wp-json\/wp\/v2\/product_tag?post=17449"}],"curies":[{"name":"wp","href":"https:\/\/api.w.org\/{rel}","templated":true}]}}