{"id":17369,"date":"2022-06-23T15:53:05","date_gmt":"2022-06-23T18:53:05","guid":{"rendered":"https:\/\/arduxop.com.br\/loja\/?post_type=product&#038;p=17369"},"modified":"2024-11-07T16:32:14","modified_gmt":"2024-11-07T20:32:14","slug":"placa-de-expansao-para-raspberry-pi-pico","status":"publish","type":"product","link":"https:\/\/arduxop.com.br\/loja\/produto\/placa-de-expansao-para-raspberry-pi-pico\/","title":{"rendered":"Placa de expans\u00e3o para Raspberry pi pico"},"content":{"rendered":"<p>Placa de extens\u00e3o conector de alimenta\u00e7\u00e3o usb com m\u00f3dulo expansor gpio duplo para raspberry pi pico dois conjuntos de cabe\u00e7alhos macho<\/p>\n<p>Recurso:<\/p>\n<p>Com base no design de interface raspberry pi pico, ele pode ser inserido diretamente ap\u00f3s soldar o cabe\u00e7alho do pino, ou pode ser conectado atrav\u00e9s do cabo plano.<\/p>\n<p>Dois conjuntos de cabe\u00e7alhos de 2&#215;20 pinos s\u00e3o estendidos para facilitar o acesso a v\u00e1rios para placas de expans\u00e3o pico raspberry pi.<\/p>\n<p>As telas de seda com fun\u00e7\u00e3o de pino transparente s\u00e3o marcadas na frente para facilitar o uso da fia\u00e7\u00e3o.<\/p>\n<p>Artesanato de ouro de imers\u00e3o, apar\u00eancia elegante.<\/p>\n<p>Especifica\u00e7\u00e3o:<\/p>\n<p>Tamanho do produto: 103.5x55x5mm\/4.07&#215;2.17&#215;0.2&#8243;<\/p>\n<p>Tamanho da embalagem: 110x60x25mm\/4.33&#215;2.39&#215;0.98&#8243;<\/p>\n","protected":false},"excerpt":{"rendered":"<div class=\"img-view-wrap\" data-spm=\"1000017\">\n<div>\n<div class=\"image-viewer\">\n<div class=\"image-view-magnifier-wrap\"><\/div>\n<\/div>\n<\/div>\n<\/div>\n<div class=\"product-info\">\n<div class=\"product-title\">\n<p class=\"product-title-text\" data-spm-anchor-id=\"a2g0o.detail.1000016.i2.381d3e27FdHijM\">placa de expans\u00e3o de conector de energia para rpi pico<\/p>\n<\/div>\n<\/div>\n","protected":false},"featured_media":17376,"template":"","meta":[],"product_brand":[],"product_cat":[175,176],"product_tag":[],"class_list":{"0":"post-17369","1":"product","2":"type-product","3":"status-publish","4":"has-post-thumbnail","6":"product_cat-placas","7":"product_cat-raspberry","9":"entry","10":"has-media","12":"first","13":"outofstock","14":"shipping-taxable","15":"purchasable","16":"product-type-simple","17":"has-product-nav","18":"col","19":"span_1_of_3","20":"owp-content-center","21":"owp-thumbs-layout-horizontal","22":"owp-btn-normal","23":"owp-tabs-layout-horizontal"},"_links":{"self":[{"href":"https:\/\/arduxop.com.br\/loja\/wp-json\/wp\/v2\/product\/17369","targetHints":{"allow":["GET"]}}],"collection":[{"href":"https:\/\/arduxop.com.br\/loja\/wp-json\/wp\/v2\/product"}],"about":[{"href":"https:\/\/arduxop.com.br\/loja\/wp-json\/wp\/v2\/types\/product"}],"wp:featuredmedia":[{"embeddable":true,"href":"https:\/\/arduxop.com.br\/loja\/wp-json\/wp\/v2\/media\/17376"}],"wp:attachment":[{"href":"https:\/\/arduxop.com.br\/loja\/wp-json\/wp\/v2\/media?parent=17369"}],"wp:term":[{"taxonomy":"product_brand","embeddable":true,"href":"https:\/\/arduxop.com.br\/loja\/wp-json\/wp\/v2\/product_brand?post=17369"},{"taxonomy":"product_cat","embeddable":true,"href":"https:\/\/arduxop.com.br\/loja\/wp-json\/wp\/v2\/product_cat?post=17369"},{"taxonomy":"product_tag","embeddable":true,"href":"https:\/\/arduxop.com.br\/loja\/wp-json\/wp\/v2\/product_tag?post=17369"}],"curies":[{"name":"wp","href":"https:\/\/api.w.org\/{rel}","templated":true}]}}