{"id":17368,"date":"2022-06-23T15:40:12","date_gmt":"2022-06-23T19:40:12","guid":{"rendered":"https:\/\/arduxop.com.br\/loja\/?post_type=product&#038;p=17368"},"modified":"2024-11-07T16:32:45","modified_gmt":"2024-11-07T20:32:45","slug":"raspberry-pi-pico-rp-2040","status":"publish","type":"product","link":"https:\/\/arduxop.com.br\/loja\/produto\/raspberry-pi-pico-rp-2040\/","title":{"rendered":"Raspberry PI Pico RP 2040"},"content":{"rendered":"<p>A Raspberry Pi Pico \u00e9 a primeira placa com microcontrolador produzido pela Funda\u00e7\u00e3o Raspberry. No cora\u00e7\u00e3o da placa Pico est\u00e1 o chip identificado como RP2040, o qual conta com dois n\u00facleos ARM Cortex-M0+ com um clock de at\u00e9 133 MHz \u00e9 o encarregado de entregar fun\u00e7\u00f5es capazes de rivalizar com outras placas de desenvolvimento como Arduino.<\/p>\n<hr \/>\n<div class=\"electro-description clearfix\">\n<p>A Raspberry Pi Pico \u00e9 a primeira placa com microcontrolador produzido pela Funda\u00e7\u00e3o Raspberry. No cora\u00e7\u00e3o da placa Pico est\u00e1 o chip identificado como <strong>RP2040<\/strong>, o qual conta com <strong>dois n\u00facleos ARM Cortex-M0+<\/strong> com um <strong>clock de at\u00e9 133 MHz. <\/strong>Al\u00e9m disso, a placa conta com <b>256 KB de mem\u00f3ria RAM<\/b>, <b>2 MB de mem\u00f3ria Flash<\/b>, sensor de temperatura <i>on-board <\/i>e um RTC (<i>Real Time Counter<\/i>) de alta precis\u00e3o.<\/p>\n<p>A Raspberry Pi Pico possui uma <b>GPIO de 40 pinos<\/b>, sendo que 26 deles s\u00e3o multifuncionais. H\u00e1 pinos para comunica\u00e7\u00e3o SPI, I2C e UART, 3 entradas ADC com precis\u00e3o de 12 bits e 16 canais PWM.<\/p>\n<p><img fetchpriority=\"high\" decoding=\"async\" class=\"aligncenter wp-image-476171 size-full lazy-loaded\" src=\"https:\/\/uploads.filipeflop.com\/2021\/01\/imagem_anuncio-1-1.jpg\" sizes=\"(max-width: 777px) 100vw, 777px\" srcset=\"https:\/\/uploads.filipeflop.com\/2021\/01\/imagem_anuncio-1-1.jpg 777w, https:\/\/uploads.filipeflop.com\/2021\/01\/imagem_anuncio-1-1-300x105.jpg 300w, https:\/\/uploads.filipeflop.com\/2021\/01\/imagem_anuncio-1-1-768x270.jpg 768w, https:\/\/uploads.filipeflop.com\/2021\/01\/imagem_anuncio-1-1-600x211.jpg 600w\" alt=\"\" width=\"777\" height=\"273\" data-lazy-type=\"image\" data-src=\"https:\/\/uploads.filipeflop.com\/2021\/01\/imagem_anuncio-1-1.jpg\" data-srcset=\"\" \/><\/p>\n<p>Com esta placa, voc\u00ea pode criar projetos em <strong>Python<\/strong> e <strong>C\/C++<\/strong>, de forma simples e bastante pr\u00e1tica. Prot\u00f3tipos nunca foram t\u00e3o f\u00e1ceis de serem montados! Basta arrastar o arquivo do c\u00f3digo para dentro da pasta da placa e est\u00e1 tudo pronto!<\/p>\n<p><strong>Especifica\u00e7\u00f5es:<br \/>\n<\/strong>\u2013 Raspberry Pi Pico<br \/>\n\u2013 Microcontrolador RP2040 ARM Cortex-M0+ Dual Core<br \/>\n\u2013 Clock 133 MHz<br \/>\n\u2013 Mem\u00f3ria RAM: 256 KB<br \/>\n\u2013 Mem\u00f3ria FLASH: 2 MB<br \/>\n\u2013 Desenvolvimento em Python ou C\/C++<br \/>\n\u2013 Comunica\u00e7\u00e3o: 2\u00d7SPI, 2\u00d7I2C, 2\u00d7UART, 3\u00d712-bit ADC, 16\u00d7canais PWM control\u00e1veis<br \/>\n\u2013 GPIO de 40 pinos (26 pinos multifuncionais)<br \/>\n\u2013 RTC (Real Time Counter) de alta precis\u00e3o<br \/>\n\u2013 Sensor de temperatura on-board<br \/>\n\u2013 PIO: 8 pinos de m\u00e1quina de estados program\u00e1veis<br \/>\n\u2013 Dimens\u00f5es: 21 mm x 51.3 mm x 3.9 mm<\/p>\n<p><strong>Documenta\u00e7\u00e3o:<br \/>\n<\/strong>\u2013 <a href=\"https:\/\/datasheets.raspberrypi.org\/pico\/pico_datasheet.pdf\">Datasheet Raspberry Pi Pico<\/a><br \/>\n\u2013 <a href=\"https:\/\/datasheets.raspberrypi.org\/rp2040\/rp2040_datasheet.pdf\">Datasheet RP2040<\/a><br \/>\n\u2013 <a href=\"https:\/\/datasheets.raspberrypi.org\/pico\/sdk\/pico_c_sdk.pdf\">Desenvolvimento em C\/C++<\/a><br \/>\n\u2013 <a href=\"https:\/\/datasheets.raspberrypi.org\/pico\/sdk\/pico_python_sdk.pdf\">Desenvolvimento em Python\u00a0<\/a><\/p>\n<p><strong>Acompanha:<\/strong><br \/>\n01 \u2013 Raspberry Pi Pico<\/p>\n<h3><strong>\u00a0<\/strong><\/h3>\n<p>&nbsp;<\/p>\n<\/div>\n","protected":false},"excerpt":{"rendered":"<p>A Raspberry Pi Pico \u00e9 a primeira placa com microcontrolador produzido pela Funda\u00e7\u00e3o Raspberry. No cora\u00e7\u00e3o da placa Pico est\u00e1 o chip identificado como RP2040, o qual conta com dois n\u00facleos ARM Cortex-M0+ com um clock de at\u00e9 133 MHz \u00e9 o encarregado de entregar fun\u00e7\u00f5es capazes de rivalizar com outras placas de desenvolvimento como [&hellip;]<\/p>\n","protected":false},"featured_media":16582,"template":"","meta":[],"product_brand":[],"product_cat":[522,49,176],"product_tag":[],"class_list":{"0":"post-17368","1":"product","2":"type-product","3":"status-publish","4":"has-post-thumbnail","6":"product_cat-microcontrolador-2","7":"product_cat-microprocessadores","8":"product_cat-raspberry","10":"entry","11":"has-media","13":"first","14":"instock","15":"shipping-taxable","16":"purchasable","17":"product-type-simple","18":"has-product-nav","19":"col","20":"span_1_of_3","21":"owp-content-center","22":"owp-thumbs-layout-horizontal","23":"owp-btn-normal","24":"owp-tabs-layout-horizontal","25":"has-no-thumbnails"},"_links":{"self":[{"href":"https:\/\/arduxop.com.br\/loja\/wp-json\/wp\/v2\/product\/17368","targetHints":{"allow":["GET"]}}],"collection":[{"href":"https:\/\/arduxop.com.br\/loja\/wp-json\/wp\/v2\/product"}],"about":[{"href":"https:\/\/arduxop.com.br\/loja\/wp-json\/wp\/v2\/types\/product"}],"wp:featuredmedia":[{"embeddable":true,"href":"https:\/\/arduxop.com.br\/loja\/wp-json\/wp\/v2\/media\/16582"}],"wp:attachment":[{"href":"https:\/\/arduxop.com.br\/loja\/wp-json\/wp\/v2\/media?parent=17368"}],"wp:term":[{"taxonomy":"product_brand","embeddable":true,"href":"https:\/\/arduxop.com.br\/loja\/wp-json\/wp\/v2\/product_brand?post=17368"},{"taxonomy":"product_cat","embeddable":true,"href":"https:\/\/arduxop.com.br\/loja\/wp-json\/wp\/v2\/product_cat?post=17368"},{"taxonomy":"product_tag","embeddable":true,"href":"https:\/\/arduxop.com.br\/loja\/wp-json\/wp\/v2\/product_tag?post=17368"}],"curies":[{"name":"wp","href":"https:\/\/api.w.org\/{rel}","templated":true}]}}