{"id":17361,"date":"2022-06-23T15:34:00","date_gmt":"2022-06-23T19:34:00","guid":{"rendered":"https:\/\/arduxop.com.br\/loja\/?post_type=product&#038;p=17361"},"modified":"2024-07-25T07:54:24","modified_gmt":"2024-07-25T11:54:24","slug":"chave-liga-desliga","status":"publish","type":"product","link":"https:\/\/arduxop.com.br\/loja\/produto\/chave-liga-desliga\/","title":{"rendered":"Chave Liga desliga"},"content":{"rendered":"<p>A Mini Chave Gangorra KCD11 2 Terminais Preta \u00e9 capaz de realizar o controle do fluxo de corrente el\u00e9trica permitindo a passagem ou bloqueando, assim acionando ou desligando cargas e circuitos el\u00e9tricos. A chave possui marca\u00e7\u00f5es no bot\u00e3o indicando a posi\u00e7\u00e3o de ligado e desligado<\/p>\n<p>CARACTER\u00cdSTICAS:<br \/>&#8211; 2 Terminais<br \/>&#8211; Corrente M\u00e1xima: 3A em 250VAC<br \/>&#8211; Corrente M\u00e1xima: 6A em 125VAC<br \/>&#8211; Tens\u00e3o M\u00e1xima: 250VAC<br \/>&#8211; Temperatura de Trabalho: -10\u00baC a +70\u00baC<br \/>&#8211; 2 Posi\u00e7\u00f5es<\/p>\n","protected":false},"excerpt":{"rendered":"<p>Chaves Gangorra Mini Kcd11 Liga\/desliga 250v<\/p>\n","protected":false},"featured_media":17367,"template":"","meta":[],"product_brand":[],"product_cat":[182,47],"product_tag":[],"class_list":{"0":"post-17361","1":"product","2":"type-product","3":"status-publish","4":"has-post-thumbnail","6":"product_cat-conectores","7":"product_cat-diversos","9":"entry","10":"has-media","12":"first","13":"instock","14":"shipping-taxable","15":"purchasable","16":"product-type-simple","17":"has-product-nav","18":"col","19":"span_1_of_3","20":"owp-content-center","21":"owp-thumbs-layout-horizontal","22":"owp-btn-normal","23":"owp-tabs-layout-horizontal"},"_links":{"self":[{"href":"https:\/\/arduxop.com.br\/loja\/wp-json\/wp\/v2\/product\/17361","targetHints":{"allow":["GET"]}}],"collection":[{"href":"https:\/\/arduxop.com.br\/loja\/wp-json\/wp\/v2\/product"}],"about":[{"href":"https:\/\/arduxop.com.br\/loja\/wp-json\/wp\/v2\/types\/product"}],"wp:featuredmedia":[{"embeddable":true,"href":"https:\/\/arduxop.com.br\/loja\/wp-json\/wp\/v2\/media\/17367"}],"wp:attachment":[{"href":"https:\/\/arduxop.com.br\/loja\/wp-json\/wp\/v2\/media?parent=17361"}],"wp:term":[{"taxonomy":"product_brand","embeddable":true,"href":"https:\/\/arduxop.com.br\/loja\/wp-json\/wp\/v2\/product_brand?post=17361"},{"taxonomy":"product_cat","embeddable":true,"href":"https:\/\/arduxop.com.br\/loja\/wp-json\/wp\/v2\/product_cat?post=17361"},{"taxonomy":"product_tag","embeddable":true,"href":"https:\/\/arduxop.com.br\/loja\/wp-json\/wp\/v2\/product_tag?post=17361"}],"curies":[{"name":"wp","href":"https:\/\/api.w.org\/{rel}","templated":true}]}}