{"id":1734,"date":"2018-01-16T11:27:46","date_gmt":"2018-01-16T13:27:46","guid":{"rendered":"https:\/\/arduxop.com.br\/loja\/produto\/micro-cartao-usb-portatil-de-bolso-com-led\/"},"modified":"2024-07-25T07:57:07","modified_gmt":"2024-07-25T11:57:07","slug":"micro-cartao-usb-portatil-de-bolso-com-led","status":"publish","type":"product","link":"https:\/\/arduxop.com.br\/loja\/produto\/micro-cartao-usb-portatil-de-bolso-com-led\/","title":{"rendered":"Micro cart\u00e3o USB port\u00e1til de bolso com LED"},"content":{"rendered":"<p>Micro cart\u00e3o port\u00e1til de bolso com l\u00e2mpadas LED SMD branco para conex\u00e3o  USB, excelente para camping, ilumina\u00e7\u00e3o de mesa, muito port\u00e1til.  Caracteristicas:  Pot\u00eancia: 0,2 W Tamanho: 2,3&#215;1,2 cm Medidas: 25mm X 11mm X 2mm Quantidades de Leds: 3<\/p>\n","protected":false},"excerpt":{"rendered":"<p>Micro cart\u00e3o port\u00e1til de bolso com l\u00e2mpadas LED SMD branco para conex\u00e3o USB, excelente para camping, ilumina\u00e7\u00e3o de mesa, muito port\u00e1til. Caracteristicas: Pot\u00eancia: 0,2 W Tamanho: 2,3&#215;1,2 cm Medidas: 25mm X 11mm X 2mm Quantidades de Leds: 3<\/p>\n","protected":false},"featured_media":1735,"template":"","meta":[],"product_brand":[],"product_cat":[186],"product_tag":[],"class_list":{"0":"post-1734","1":"product","2":"type-product","3":"status-publish","4":"has-post-thumbnail","6":"product_cat-leds","8":"entry","9":"has-media","11":"first","12":"outofstock","13":"sold-individually","14":"purchasable","15":"product-type-simple","16":"has-product-nav","17":"col","18":"span_1_of_3","19":"owp-content-center","20":"owp-thumbs-layout-horizontal","21":"owp-btn-normal","22":"owp-tabs-layout-horizontal","23":"has-no-thumbnails"},"_links":{"self":[{"href":"https:\/\/arduxop.com.br\/loja\/wp-json\/wp\/v2\/product\/1734","targetHints":{"allow":["GET"]}}],"collection":[{"href":"https:\/\/arduxop.com.br\/loja\/wp-json\/wp\/v2\/product"}],"about":[{"href":"https:\/\/arduxop.com.br\/loja\/wp-json\/wp\/v2\/types\/product"}],"wp:featuredmedia":[{"embeddable":true,"href":"https:\/\/arduxop.com.br\/loja\/wp-json\/wp\/v2\/media\/1735"}],"wp:attachment":[{"href":"https:\/\/arduxop.com.br\/loja\/wp-json\/wp\/v2\/media?parent=1734"}],"wp:term":[{"taxonomy":"product_brand","embeddable":true,"href":"https:\/\/arduxop.com.br\/loja\/wp-json\/wp\/v2\/product_brand?post=1734"},{"taxonomy":"product_cat","embeddable":true,"href":"https:\/\/arduxop.com.br\/loja\/wp-json\/wp\/v2\/product_cat?post=1734"},{"taxonomy":"product_tag","embeddable":true,"href":"https:\/\/arduxop.com.br\/loja\/wp-json\/wp\/v2\/product_tag?post=1734"}],"curies":[{"name":"wp","href":"https:\/\/api.w.org\/{rel}","templated":true}]}}