{"id":1732,"date":"2018-01-16T10:27:46","date_gmt":"2018-01-16T13:27:46","guid":{"rendered":"https:\/\/arduxop.com.br\/loja\/produto\/conversor-cp2102-usb-para-ttl-6-pinos\/"},"modified":"2024-07-25T07:58:59","modified_gmt":"2024-07-25T11:58:59","slug":"conversor-cp2102-usb-para-ttl-6-pinos","status":"publish","type":"product","link":"https:\/\/arduxop.com.br\/loja\/produto\/conversor-cp2102-usb-para-ttl-6-pinos\/","title":{"rendered":"Conversor CP2102 USB para TTL"},"content":{"rendered":"<p>O CP2102 \u00e9 um circuito integrado compacto que fornece uma solu\u00e7\u00e3o simples para convers\u00e3o USB-UART, possibilitando a atualiza\u00e7\u00e3o de dispositivos e projetos RS-232 para USB. Ideal para grava\u00e7\u00e3o do arduino pro mini.<\/p>\n<p>Especifica\u00e7\u00f5es:<br \/>USB 2.0 compat\u00edvel com 12 Mbps de velocidade total<br \/>5 pinos: 3.3V, TXD, RXD, GND, 5V<br \/>Leds indicadores: TX \/ RX<br \/>Taxas de transmiss\u00e3o: 300 bps at\u00e9 1 Mbps<br \/>576 Byte rx buffer; 640 Byte tx buffer<br \/>Tamanho da embalagen: 70 mm x 100mm x 10mm<br \/>Peso: 8 g<\/p>\n<p><\/p>\n<p><\/p>\n<p>Agora voce poder\u00e1 gravar ou atualizar seu codigo em seu Arduino Standalone ou em seu Arduino Mini Pro com muita facilidade, este Modulo CP2102 conversor \u00e9 um \u00f3timo produto para quem precisa de usar a porta USB de maneira f\u00e1cil e com um baixo custo. Caracter\u00edsticas: Taxa de Transmiss\u00e3o: 300Kbps &#8211; 1Mbps Chip de controle: CP2102 Tens\u00e3o de trabalho: 4V~5.25 (Alimentado pela porta USB) Sistemas operacionais: Windows XP \/ 7 \/ Linux \/ Mac OS etc. Tens\u00e3o de sa\u00edda: 3.3V e 5V (Dois pinos) LED\u00b4s Indicadores: Alimenta\u00e7\u00e3o (Power) e TXD (Transmiss\u00e3o) Corrente limite: 100mA (Com prote\u00e7\u00e3o) Pino RST: Reset Para que seu sistema operacional reconhe\u00e7a este m\u00f3dulo, \u00e9 necess\u00e1rio a instala\u00e7\u00e3o de um driver especifico do mesmo, de acordo coma vers\u00e3o do seu sistema operacional. Veja tamb\u00e9m<\/p>\n","protected":false},"excerpt":{"rendered":"<p><br data-mce-bogus=\"1\"><\/p>\n","protected":false},"featured_media":16998,"template":"","meta":[],"product_brand":[],"product_cat":[46],"product_tag":[],"class_list":{"0":"post-1732","1":"product","2":"type-product","3":"status-publish","4":"has-post-thumbnail","6":"product_cat-conversores-usb-serial","8":"entry","9":"has-media","11":"first","12":"instock","13":"sale","14":"sold-individually","15":"purchasable","16":"product-type-simple","17":"has-product-nav","18":"col","19":"span_1_of_3","20":"owp-content-center","21":"owp-thumbs-layout-horizontal","22":"owp-btn-normal","23":"owp-tabs-layout-horizontal","24":"has-no-thumbnails"},"_links":{"self":[{"href":"https:\/\/arduxop.com.br\/loja\/wp-json\/wp\/v2\/product\/1732","targetHints":{"allow":["GET"]}}],"collection":[{"href":"https:\/\/arduxop.com.br\/loja\/wp-json\/wp\/v2\/product"}],"about":[{"href":"https:\/\/arduxop.com.br\/loja\/wp-json\/wp\/v2\/types\/product"}],"wp:featuredmedia":[{"embeddable":true,"href":"https:\/\/arduxop.com.br\/loja\/wp-json\/wp\/v2\/media\/16998"}],"wp:attachment":[{"href":"https:\/\/arduxop.com.br\/loja\/wp-json\/wp\/v2\/media?parent=1732"}],"wp:term":[{"taxonomy":"product_brand","embeddable":true,"href":"https:\/\/arduxop.com.br\/loja\/wp-json\/wp\/v2\/product_brand?post=1732"},{"taxonomy":"product_cat","embeddable":true,"href":"https:\/\/arduxop.com.br\/loja\/wp-json\/wp\/v2\/product_cat?post=1732"},{"taxonomy":"product_tag","embeddable":true,"href":"https:\/\/arduxop.com.br\/loja\/wp-json\/wp\/v2\/product_tag?post=1732"}],"curies":[{"name":"wp","href":"https:\/\/api.w.org\/{rel}","templated":true}]}}