{"id":17311,"date":"2022-04-01T10:26:15","date_gmt":"2022-04-01T14:26:15","guid":{"rendered":"https:\/\/arduxop.com.br\/loja\/?post_type=product&#038;p=17311"},"modified":"2024-11-07T16:34:59","modified_gmt":"2024-11-07T20:34:59","slug":"led-ultravioleta-5mm","status":"publish","type":"product","link":"https:\/\/arduxop.com.br\/loja\/produto\/led-ultravioleta-5mm\/","title":{"rendered":"Led Ultravioleta 5mm"},"content":{"rendered":"<p>LEDs 5mm 3mm s\u00e3o comumente empregados em circuitos eletr\u00f4nicos, brinquedos, miniaturas, prototipagem, lanternas, artesanato, arduino, ferromodelisto, entre outros. Possuem baixo consumo e longa vida \u00faltil. S\u00e3o fac\u00e9is de usar e possuem uma luminosidade bastante efetiva para o seu tamanho. Possuem modelos de alto brilho ou lentes difusas.<\/p>\n<p>&gt; COR: ULTRA VIOLETA UV<br \/>&gt; TENS\u00c3O: 3.2-3.4V<br \/>&gt;INTENSIDADE LUMINOSA: 1000-1500 mcd<br \/>&gt; VIDA \u00daTIL: 20.000 Hrs<br \/>&gt; CORRENTE: 20 mA<br \/>&gt; OP\u00c7\u00d5ES DE RESISTOR: 5V 9V 12V 14V<br \/>&gt; APLICA\u00c7\u00c3O: nota falsa, neom, fluorescencia, cura tinta, resina, mascara uv.<\/p>\n<p>========================================================<br \/>Fa\u00e7a a ARMADILHA de PERNILONGOS que pega um MONTE! Manual do Mundo<\/p>\n<p>Cansado de ca\u00e7ar insetos com uma raquete el\u00e9trica? N\u00e3o aguenta mais respirar e gastar dinheiro com veneno?? N\u00f3s temos a solu\u00e7\u00e3o! Aprenda a fazer uma ARMADILHA CASEIRA para PEGAR PERNILONGOS! Essa engenhoca capturou uma quantidade impressionante de insetos na sede do Manual do Mundo usando apenas luz ultravioleta e ventoinha! N\u00e3o est\u00e1 acreditando? Confira no v\u00eddeo o passo a passo e se surpreenda com o resultado!<\/p>\n<p><\/p>\n<p><p class=\"responsive-video-wrap clr\"><iframe title=\"Fa\u00e7a a ARMADILHA de PERNILONGOS que pega um MONTE!\" width=\"1200\" height=\"675\" src=\"https:\/\/www.youtube.com\/embed\/IUaeHCLCTUw?feature=oembed\" frameborder=\"0\" allow=\"accelerometer; autoplay; clipboard-write; encrypted-media; gyroscope; picture-in-picture\" allowfullscreen><\/iframe><\/p><\/p>\n","protected":false},"excerpt":{"rendered":"<p><br data-mce-bogus=\"1\"><\/p>\n","protected":false},"featured_media":17313,"template":"","meta":[],"product_brand":[],"product_cat":[186],"product_tag":[],"class_list":{"0":"post-17311","1":"product","2":"type-product","3":"status-publish","4":"has-post-thumbnail","6":"product_cat-leds","8":"entry","9":"has-media","11":"first","12":"instock","13":"shipping-taxable","14":"purchasable","15":"product-type-simple","16":"has-product-nav","17":"col","18":"span_1_of_3","19":"owp-content-center","20":"owp-thumbs-layout-horizontal","21":"owp-btn-normal","22":"owp-tabs-layout-horizontal"},"_links":{"self":[{"href":"https:\/\/arduxop.com.br\/loja\/wp-json\/wp\/v2\/product\/17311","targetHints":{"allow":["GET"]}}],"collection":[{"href":"https:\/\/arduxop.com.br\/loja\/wp-json\/wp\/v2\/product"}],"about":[{"href":"https:\/\/arduxop.com.br\/loja\/wp-json\/wp\/v2\/types\/product"}],"wp:featuredmedia":[{"embeddable":true,"href":"https:\/\/arduxop.com.br\/loja\/wp-json\/wp\/v2\/media\/17313"}],"wp:attachment":[{"href":"https:\/\/arduxop.com.br\/loja\/wp-json\/wp\/v2\/media?parent=17311"}],"wp:term":[{"taxonomy":"product_brand","embeddable":true,"href":"https:\/\/arduxop.com.br\/loja\/wp-json\/wp\/v2\/product_brand?post=17311"},{"taxonomy":"product_cat","embeddable":true,"href":"https:\/\/arduxop.com.br\/loja\/wp-json\/wp\/v2\/product_cat?post=17311"},{"taxonomy":"product_tag","embeddable":true,"href":"https:\/\/arduxop.com.br\/loja\/wp-json\/wp\/v2\/product_tag?post=17311"}],"curies":[{"name":"wp","href":"https:\/\/api.w.org\/{rel}","templated":true}]}}