{"id":1730,"date":"2018-01-16T11:27:46","date_gmt":"2018-01-16T13:27:46","guid":{"rendered":"https:\/\/arduxop.com.br\/loja\/produto\/led-smd-branco-0-5w-40-65lm-mod-5730\/"},"modified":"2024-07-25T07:57:06","modified_gmt":"2024-07-25T11:57:06","slug":"led-smd-branco-0-5w-40-65lm-mod-5730","status":"publish","type":"product","link":"https:\/\/arduxop.com.br\/loja\/produto\/led-smd-branco-0-5w-40-65lm-mod-5730\/","title":{"rendered":"Led SMD &#8211; Branco 0.5W 40-65lm &#8211; Mod.5730"},"content":{"rendered":"<p>este modelo de led de 0,5 W tem alta efic\u00e1cia, com baixo consumo de energia, um amplo \u00e2ngulo de vis\u00e3o e um formato compacto. Estas caracter\u00edsticas tornam este modelo de led ideal para toda a aplica\u00e7\u00e3o de ilumina\u00e7\u00e3o. Podendo ser utilizado em decora\u00e7\u00e3o, ilumina\u00e7\u00e3o, entretenimento e uso geral.  Descri\u00e7\u00f5es:  -Modelo N\u00famero: SX-5730-CW-0.5W -Marca: SONGXIN LIGHT -Cor: Branco -M\u00e1x. Corrente Reversa: 40-65LM -M\u00e1x. Voltagem: 2.8-3.6V -Embalagem: Montagem em superf\u00edcie (SMD) -M\u00e1x. Corrente: 150ma (baseado na condu\u00e7\u00e3o atual) -M\u00e1x. Tens\u00e3o reversa: 6000-7000K -CCT:5700-6800K  Aten\u00e7\u00e3o: Este led por ter dimens\u00f5es compactas requer certa habilidade para manusea-lo, verifique sua polariza\u00e7\u00e3o.<\/p>\n","protected":false},"excerpt":{"rendered":"<p>este modelo de led de 0,5 W tem alta efic\u00e1cia, com baixo consumo de energia, um amplo \u00e2ngulo de vis\u00e3o e um formato compacto. Estas caracter\u00edsticas tornam este modelo de led ideal para toda a aplica\u00e7\u00e3o de ilumina\u00e7\u00e3o. Podendo ser utilizado em decora\u00e7\u00e3o, ilumina\u00e7\u00e3o, entretenimento e uso geral. Descri\u00e7\u00f5es: -Modelo N\u00famero: SX-5730-CW-0.5W -Marca: SONGXIN LIGHT [&hellip;]<\/p>\n","protected":false},"featured_media":1731,"template":"","meta":[],"product_brand":[],"product_cat":[186],"product_tag":[],"class_list":{"0":"post-1730","1":"product","2":"type-product","3":"status-publish","4":"has-post-thumbnail","6":"product_cat-leds","8":"entry","9":"has-media","11":"first","12":"instock","13":"sale","14":"sold-individually","15":"purchasable","16":"product-type-simple","17":"has-product-nav","18":"col","19":"span_1_of_3","20":"owp-content-center","21":"owp-thumbs-layout-horizontal","22":"owp-btn-normal","23":"owp-tabs-layout-horizontal","24":"has-no-thumbnails"},"_links":{"self":[{"href":"https:\/\/arduxop.com.br\/loja\/wp-json\/wp\/v2\/product\/1730","targetHints":{"allow":["GET"]}}],"collection":[{"href":"https:\/\/arduxop.com.br\/loja\/wp-json\/wp\/v2\/product"}],"about":[{"href":"https:\/\/arduxop.com.br\/loja\/wp-json\/wp\/v2\/types\/product"}],"wp:featuredmedia":[{"embeddable":true,"href":"https:\/\/arduxop.com.br\/loja\/wp-json\/wp\/v2\/media\/1731"}],"wp:attachment":[{"href":"https:\/\/arduxop.com.br\/loja\/wp-json\/wp\/v2\/media?parent=1730"}],"wp:term":[{"taxonomy":"product_brand","embeddable":true,"href":"https:\/\/arduxop.com.br\/loja\/wp-json\/wp\/v2\/product_brand?post=1730"},{"taxonomy":"product_cat","embeddable":true,"href":"https:\/\/arduxop.com.br\/loja\/wp-json\/wp\/v2\/product_cat?post=1730"},{"taxonomy":"product_tag","embeddable":true,"href":"https:\/\/arduxop.com.br\/loja\/wp-json\/wp\/v2\/product_tag?post=1730"}],"curies":[{"name":"wp","href":"https:\/\/api.w.org\/{rel}","templated":true}]}}