{"id":17296,"date":"2022-03-17T16:35:38","date_gmt":"2022-03-17T20:35:38","guid":{"rendered":"https:\/\/arduxop.com.br\/loja\/?post_type=product&#038;p=17296"},"modified":"2024-11-07T16:36:17","modified_gmt":"2024-11-07T20:36:17","slug":"modulo-joystick-2","status":"publish","type":"product","link":"https:\/\/arduxop.com.br\/loja\/produto\/modulo-joystick-2\/","title":{"rendered":"M\u00f3dulo Joystick"},"content":{"rendered":"<p>O M\u00f3dulo Joystick de Navega\u00e7\u00e3o 5D \u2013 5 Dire\u00e7\u00f5es tem funcionamento parecido com o de um controle de videogame, dirigido para projetos com Arduino.<\/p>\n","protected":false},"excerpt":{"rendered":"<p class=\"product_title entry-title\">M\u00f3dulo Joystick de Navega\u00e7\u00e3o 5D \u2013 5 Dire\u00e7\u00f5es<\/p>\n","protected":false},"featured_media":17298,"template":"","meta":[],"product_brand":[],"product_cat":[42,195,411,409],"product_tag":[],"class_list":{"0":"post-17296","1":"product","2":"type-product","3":"status-publish","4":"has-post-thumbnail","6":"product_cat-aeromodelos","7":"product_cat-controle-remoto","8":"product_cat-sem-categoria","9":"product_cat-robotica","11":"entry","12":"has-media","14":"first","15":"instock","16":"shipping-taxable","17":"purchasable","18":"product-type-simple","19":"has-product-nav","20":"col","21":"span_1_of_3","22":"owp-content-center","23":"owp-thumbs-layout-horizontal","24":"owp-btn-normal","25":"owp-tabs-layout-horizontal"},"_links":{"self":[{"href":"https:\/\/arduxop.com.br\/loja\/wp-json\/wp\/v2\/product\/17296","targetHints":{"allow":["GET"]}}],"collection":[{"href":"https:\/\/arduxop.com.br\/loja\/wp-json\/wp\/v2\/product"}],"about":[{"href":"https:\/\/arduxop.com.br\/loja\/wp-json\/wp\/v2\/types\/product"}],"wp:featuredmedia":[{"embeddable":true,"href":"https:\/\/arduxop.com.br\/loja\/wp-json\/wp\/v2\/media\/17298"}],"wp:attachment":[{"href":"https:\/\/arduxop.com.br\/loja\/wp-json\/wp\/v2\/media?parent=17296"}],"wp:term":[{"taxonomy":"product_brand","embeddable":true,"href":"https:\/\/arduxop.com.br\/loja\/wp-json\/wp\/v2\/product_brand?post=17296"},{"taxonomy":"product_cat","embeddable":true,"href":"https:\/\/arduxop.com.br\/loja\/wp-json\/wp\/v2\/product_cat?post=17296"},{"taxonomy":"product_tag","embeddable":true,"href":"https:\/\/arduxop.com.br\/loja\/wp-json\/wp\/v2\/product_tag?post=17296"}],"curies":[{"name":"wp","href":"https:\/\/api.w.org\/{rel}","templated":true}]}}