{"id":17293,"date":"2022-03-17T17:25:33","date_gmt":"2022-03-17T20:25:33","guid":{"rendered":"https:\/\/arduxop.com.br\/loja\/?post_type=product&#038;p=17293"},"modified":"2025-06-23T14:20:15","modified_gmt":"2025-06-23T18:20:15","slug":"modulo-conversor-rs485","status":"publish","type":"product","link":"https:\/\/arduxop.com.br\/loja\/produto\/modulo-conversor-rs485\/","title":{"rendered":"M\u00f3dulo Conversor RS485 ou Max485"},"content":{"rendered":"<p>Sua placa Arduino pode ser conectada em redes RS485 com o M\u00f3dulo Conversor RS485 TTL Serial Max485, possibilitando a comunica\u00e7\u00e3o da placa com m\u00e1quinas e equipamentos que utilizem esse tipo de protocolo, como por exemplo IHM\u00b4s, CNC\u00b4s e CLP\u00b4s.<\/p>\n","protected":false},"excerpt":{"rendered":"<p class=\"product_title entry-title\">M\u00f3dulo Conversor RS485 TTL Serial Max485<\/p>\n","protected":false},"featured_media":17294,"template":"","meta":[],"product_brand":[],"product_cat":[46],"product_tag":[],"class_list":{"0":"post-17293","1":"product","2":"type-product","3":"status-publish","4":"has-post-thumbnail","6":"product_cat-conversores-usb-serial","8":"entry","9":"has-media","11":"first","12":"instock","13":"shipping-taxable","14":"purchasable","15":"product-type-simple","16":"has-product-nav","17":"col","18":"span_1_of_3","19":"owp-content-center","20":"owp-thumbs-layout-horizontal","21":"owp-btn-normal","22":"owp-tabs-layout-horizontal"},"_links":{"self":[{"href":"https:\/\/arduxop.com.br\/loja\/wp-json\/wp\/v2\/product\/17293","targetHints":{"allow":["GET"]}}],"collection":[{"href":"https:\/\/arduxop.com.br\/loja\/wp-json\/wp\/v2\/product"}],"about":[{"href":"https:\/\/arduxop.com.br\/loja\/wp-json\/wp\/v2\/types\/product"}],"wp:featuredmedia":[{"embeddable":true,"href":"https:\/\/arduxop.com.br\/loja\/wp-json\/wp\/v2\/media\/17294"}],"wp:attachment":[{"href":"https:\/\/arduxop.com.br\/loja\/wp-json\/wp\/v2\/media?parent=17293"}],"wp:term":[{"taxonomy":"product_brand","embeddable":true,"href":"https:\/\/arduxop.com.br\/loja\/wp-json\/wp\/v2\/product_brand?post=17293"},{"taxonomy":"product_cat","embeddable":true,"href":"https:\/\/arduxop.com.br\/loja\/wp-json\/wp\/v2\/product_cat?post=17293"},{"taxonomy":"product_tag","embeddable":true,"href":"https:\/\/arduxop.com.br\/loja\/wp-json\/wp\/v2\/product_tag?post=17293"}],"curies":[{"name":"wp","href":"https:\/\/api.w.org\/{rel}","templated":true}]}}