{"id":1728,"date":"2018-01-16T10:27:46","date_gmt":"2018-01-16T13:27:46","guid":{"rendered":"https:\/\/arduxop.com.br\/loja\/produto\/modulo-mosfet-irf520-driver-controlador-motor-dc\/"},"modified":"2024-07-25T07:58:58","modified_gmt":"2024-07-25T11:58:58","slug":"modulo-mosfet-irf520-driver-controlador-motor-dc","status":"publish","type":"product","link":"https:\/\/arduxop.com.br\/loja\/produto\/modulo-mosfet-irf520-driver-controlador-motor-dc\/","title":{"rendered":"M\u00f3dulo Mosfet IRF520 Driver Controlador Motor DC"},"content":{"rendered":"<p>O\u00a0Driver Motor DC\u00a0poder ser aplicado para controlar um\u00a0motor DC, uma v\u00e1lvula solen\u00f3ide,\u00a0 controle de l\u00e2mpadas e outros dispositivos. Tamb\u00e9m \u00e9 muito utilizado em circuitos de interruptor eletr\u00f4nico, como por exemplo controle de motores, ilumina\u00e7\u00e3o e fontes de alimenta\u00e7\u00e3o. O m\u00f3dulo MOSFET n\u00e3o \u00e9 compat\u00edvel com tens\u00e3o AC. Com cargas acima de 1A, \u00e9 recomendado o uso de um dissipador de calor. \u00a0ESPECIFICA\u00c7\u00d5ES: &#8211; Tens\u00e3o de opera\u00e7\u00e3o: 3.3V &#8211; 5V &#8211; Tens\u00e3o m\u00e1xima de carga: 24V DC &#8211; Corrente m\u00e1xima de carga: &lt;5A &#8211; Peso: 10g<\/p>\n","protected":false},"excerpt":{"rendered":"<p><br data-mce-bogus=\"1\"><\/p>\n","protected":false},"featured_media":1729,"template":"","meta":[],"product_brand":[],"product_cat":[191],"product_tag":[],"class_list":{"0":"post-1728","1":"product","2":"type-product","3":"status-publish","4":"has-post-thumbnail","6":"product_cat-drivers","8":"entry","9":"has-media","11":"first","12":"instock","13":"sold-individually","14":"purchasable","15":"product-type-simple","16":"has-product-nav","17":"col","18":"span_1_of_3","19":"owp-content-center","20":"owp-thumbs-layout-horizontal","21":"owp-btn-normal","22":"owp-tabs-layout-horizontal","23":"has-no-thumbnails"},"_links":{"self":[{"href":"https:\/\/arduxop.com.br\/loja\/wp-json\/wp\/v2\/product\/1728","targetHints":{"allow":["GET"]}}],"collection":[{"href":"https:\/\/arduxop.com.br\/loja\/wp-json\/wp\/v2\/product"}],"about":[{"href":"https:\/\/arduxop.com.br\/loja\/wp-json\/wp\/v2\/types\/product"}],"wp:featuredmedia":[{"embeddable":true,"href":"https:\/\/arduxop.com.br\/loja\/wp-json\/wp\/v2\/media\/1729"}],"wp:attachment":[{"href":"https:\/\/arduxop.com.br\/loja\/wp-json\/wp\/v2\/media?parent=1728"}],"wp:term":[{"taxonomy":"product_brand","embeddable":true,"href":"https:\/\/arduxop.com.br\/loja\/wp-json\/wp\/v2\/product_brand?post=1728"},{"taxonomy":"product_cat","embeddable":true,"href":"https:\/\/arduxop.com.br\/loja\/wp-json\/wp\/v2\/product_cat?post=1728"},{"taxonomy":"product_tag","embeddable":true,"href":"https:\/\/arduxop.com.br\/loja\/wp-json\/wp\/v2\/product_tag?post=1728"}],"curies":[{"name":"wp","href":"https:\/\/api.w.org\/{rel}","templated":true}]}}