{"id":1724,"date":"2018-01-16T10:27:46","date_gmt":"2018-01-16T13:27:46","guid":{"rendered":"https:\/\/arduxop.com.br\/loja\/produto\/modulo-gravador-de-voz-e-player-lsd1820\/"},"modified":"2025-02-06T16:01:56","modified_gmt":"2025-02-06T20:01:56","slug":"modulo-gravador-de-voz-e-player-isd1820","status":"publish","type":"product","link":"https:\/\/arduxop.com.br\/loja\/produto\/modulo-gravador-de-voz-e-player-isd1820\/","title":{"rendered":"M\u00f3dulo Gravador De Voz E Player ISD1820"},"content":{"rendered":"<p>O M\u00f3dulo ISD1820 possui uma interface muito simples de usar e pode ser facilmente controlador por um microcontrolador como Arduino, Pic, Raspberry e entre outros. Em sua placa est\u00e1 embutido um microfone para grava\u00e7\u00e3o do som, bem como bot\u00f5es REC e PLAY<\/p>\n<p>&#8211; 10 segundos de grava\u00e7\u00e3o<br \/>\n&#8211; Pode ser usado como auto-falante<br \/>\n&#8211; Grava a voz diretamente pelo microcofone embutido na placa<br \/>\n&#8211; Reproduz a mensagem previamente gravada em modo loop, jog ou single-pass<br \/>\n&#8211; Tens\u00e3o de opera\u00e7\u00e3o: 3-5v DC<br \/>\n&#8211; Auto-Falante: 8\u03a9 e 0,5W<br \/>\n&#8211; Dimens\u00f5es da placa:38 mm * 42,5 mm<\/p>\n<p>&nbsp;<\/p>\n","protected":false},"excerpt":{"rendered":"<p>O M\u00f3dulo ISD1820 possui uma interface muito simples de usar e pode ser facilmente controlador por um microcontrolador como Arduino, Pic, Raspberry e entre outros. Em sua placa est\u00e1 embutido um microfone para grava\u00e7\u00e3o do som, bem como bot\u00f5es REC e PLAY &#8211; 10 segundos de grava\u00e7\u00e3o &#8211; Pode ser usado como auto-falante &#8211; Grava [&hellip;]<\/p>\n","protected":false},"featured_media":1725,"template":"","meta":[],"product_brand":[],"product_cat":[47,48,50],"product_tag":[],"class_list":{"0":"post-1724","1":"product","2":"type-product","3":"status-publish","4":"has-post-thumbnail","6":"product_cat-diversos","7":"product_cat-kits","8":"product_cat-modulos","10":"entry","11":"has-media","13":"first","14":"instock","15":"purchasable","16":"product-type-simple","17":"has-product-nav","18":"col","19":"span_1_of_3","20":"owp-content-center","21":"owp-thumbs-layout-horizontal","22":"owp-btn-normal","23":"owp-tabs-layout-horizontal"},"_links":{"self":[{"href":"https:\/\/arduxop.com.br\/loja\/wp-json\/wp\/v2\/product\/1724","targetHints":{"allow":["GET"]}}],"collection":[{"href":"https:\/\/arduxop.com.br\/loja\/wp-json\/wp\/v2\/product"}],"about":[{"href":"https:\/\/arduxop.com.br\/loja\/wp-json\/wp\/v2\/types\/product"}],"wp:featuredmedia":[{"embeddable":true,"href":"https:\/\/arduxop.com.br\/loja\/wp-json\/wp\/v2\/media\/1725"}],"wp:attachment":[{"href":"https:\/\/arduxop.com.br\/loja\/wp-json\/wp\/v2\/media?parent=1724"}],"wp:term":[{"taxonomy":"product_brand","embeddable":true,"href":"https:\/\/arduxop.com.br\/loja\/wp-json\/wp\/v2\/product_brand?post=1724"},{"taxonomy":"product_cat","embeddable":true,"href":"https:\/\/arduxop.com.br\/loja\/wp-json\/wp\/v2\/product_cat?post=1724"},{"taxonomy":"product_tag","embeddable":true,"href":"https:\/\/arduxop.com.br\/loja\/wp-json\/wp\/v2\/product_tag?post=1724"}],"curies":[{"name":"wp","href":"https:\/\/api.w.org\/{rel}","templated":true}]}}