{"id":17237,"date":"2021-10-11T16:44:24","date_gmt":"2021-10-11T20:44:24","guid":{"rendered":"https:\/\/arduxop.com.br\/loja\/?post_type=product&#038;p=17237"},"modified":"2024-07-25T07:54:27","modified_gmt":"2024-07-25T11:54:27","slug":"suporte-porta-1-bateria-18650","status":"publish","type":"product","link":"https:\/\/arduxop.com.br\/loja\/produto\/suporte-porta-1-bateria-18650\/","title":{"rendered":"Suporte para 1 Bateria 18650"},"content":{"rendered":"<p>Suporte para 1 Bateria 18650 3,7V<\/p>\n<p>O Suporte para 1 Bateria 18650 3,7V \u00e9 ideal para compor seu projeto el\u00e9trico\/eletr\u00f4nico alimentado por pilhas, oferecendo o melhor acabamento e visual para o seu dispositivo.<\/p>\n<p>Especifica\u00e7\u00f5es T\u00e9cnicas:<br \/>\nSuporte para 1 Bateria 18650 3,7V<br \/>\nMarca: OEM<br \/>\n2 Conex\u00f5es de sa\u00edda: Vermelho Positivo e Preto Negativo<br \/>\nComposi\u00e7\u00e3o: Pl\u00e1stico e Metal<br \/>\nOrigem: China<br \/>\nTamanho: 20mm Largura x 76mm de Comprimento x 19mm de Altura<br \/>\nPeso: 10g<\/p>\n<p>Conte\u00fado da Embalagem:<br \/>\n01 &#8211; Suporte para 1 Bateria 18650 3,7V<\/p>\n","protected":false},"excerpt":{"rendered":"<p class=\"ui-pdp-title\">Suporte Porta 1 Bateria 18650<\/p>\n","protected":false},"featured_media":17240,"template":"","meta":[],"product_brand":[],"product_cat":[187],"product_tag":[629,511,631,630],"class_list":{"0":"post-17237","1":"product","2":"type-product","3":"status-publish","4":"has-post-thumbnail","6":"product_cat-pilhas-e-baterias","7":"product_tag-629","8":"product_tag-bateria","9":"product_tag-litium","10":"product_tag-pilha","12":"entry","13":"has-media","15":"first","16":"instock","17":"shipping-taxable","18":"purchasable","19":"product-type-simple","20":"has-product-nav","21":"col","22":"span_1_of_3","23":"owp-content-center","24":"owp-thumbs-layout-horizontal","25":"owp-btn-normal","26":"owp-tabs-layout-horizontal"},"_links":{"self":[{"href":"https:\/\/arduxop.com.br\/loja\/wp-json\/wp\/v2\/product\/17237","targetHints":{"allow":["GET"]}}],"collection":[{"href":"https:\/\/arduxop.com.br\/loja\/wp-json\/wp\/v2\/product"}],"about":[{"href":"https:\/\/arduxop.com.br\/loja\/wp-json\/wp\/v2\/types\/product"}],"wp:featuredmedia":[{"embeddable":true,"href":"https:\/\/arduxop.com.br\/loja\/wp-json\/wp\/v2\/media\/17240"}],"wp:attachment":[{"href":"https:\/\/arduxop.com.br\/loja\/wp-json\/wp\/v2\/media?parent=17237"}],"wp:term":[{"taxonomy":"product_brand","embeddable":true,"href":"https:\/\/arduxop.com.br\/loja\/wp-json\/wp\/v2\/product_brand?post=17237"},{"taxonomy":"product_cat","embeddable":true,"href":"https:\/\/arduxop.com.br\/loja\/wp-json\/wp\/v2\/product_cat?post=17237"},{"taxonomy":"product_tag","embeddable":true,"href":"https:\/\/arduxop.com.br\/loja\/wp-json\/wp\/v2\/product_tag?post=17237"}],"curies":[{"name":"wp","href":"https:\/\/api.w.org\/{rel}","templated":true}]}}