{"id":1720,"date":"2018-01-16T11:27:46","date_gmt":"2018-01-16T13:27:46","guid":{"rendered":"https:\/\/arduxop.com.br\/loja\/produto\/tela-modulo-lcd-touch-screen-raspberry-pi-3-2-tft-320x240\/"},"modified":"2024-07-25T07:57:06","modified_gmt":"2024-07-25T11:57:06","slug":"tela-modulo-lcd-touch-screen-raspberry-pi-3-2-tft-320x240","status":"publish","type":"product","link":"https:\/\/arduxop.com.br\/loja\/produto\/tela-modulo-lcd-touch-screen-raspberry-pi-3-2-tft-320x240\/","title":{"rendered":"Tela M\u00f3dulo Lcd Touch Screen Raspberry Pi 3.2 Tft 320&#215;240"},"content":{"rendered":"<p>Tela M\u00f3dulo Touch Screen Para Raspberry Pi 3.2 TFT 320*240 Tela  touch screen para Raspberry Pi, suporta acesso ao raspberry, f\u00e1cil de  usar, suporta o Raspbian que \u00e9 o sistema nativo do Raspberry, e  reprodu\u00e7\u00e3o de v\u00eddeo MP4. CARACTER\u00cdSTICAS: TFT Interface SPI Chip de controle do touch XPT2046 N\u00edveis de \u00edndices: 65536 LED Backlight Resolu\u00e7\u00e3o: 320&#215;240 pixeis Rateio: 4:3 Consumo de Energia TBD Corrente do Backlight TBD Temperatura de Opera\u00e7\u00e3o TBD Dimens\u00f5es: L85.7 x C56.9 \u00a0 Compat\u00edvel com os modelos: \u00a0 \u00a0Raspberry pi A+\u00a0Raspberry pi B\u00a0Raspberry pi B+\u00a0Raspberry pi 2 B\u00a0Raspberry pi 3\u00a0 Itens inclusos:\u00a0 \u00a0DISPLAY LCD TFT 3.2 + CANETA TOUCH<\/p>\n","protected":false},"excerpt":{"rendered":"<p>Tela M\u00f3dulo Touch Screen Para Raspberry Pi 3.2 TFT 320*240 Tela touch screen para Raspberry Pi, suporta acesso ao raspberry, f\u00e1cil de usar, suporta o Raspbian que \u00e9 o sistema nativo do Raspberry, e reprodu\u00e7\u00e3o de v\u00eddeo MP4. CARACTER\u00cdSTICAS: TFT Interface SPI Chip de controle do touch XPT2046 N\u00edveis de \u00edndices: 65536 LED Backlight Resolu\u00e7\u00e3o: [&hellip;]<\/p>\n","protected":false},"featured_media":1721,"template":"","meta":[],"product_brand":[],"product_cat":[183,233],"product_tag":[],"class_list":{"0":"post-1720","1":"product","2":"type-product","3":"status-publish","4":"has-post-thumbnail","6":"product_cat-displays","7":"product_cat-lcd","9":"entry","10":"has-media","12":"first","13":"instock","14":"sale","15":"sold-individually","16":"purchasable","17":"product-type-simple","18":"has-product-nav","19":"col","20":"span_1_of_3","21":"owp-content-center","22":"owp-thumbs-layout-horizontal","23":"owp-btn-normal","24":"owp-tabs-layout-horizontal"},"_links":{"self":[{"href":"https:\/\/arduxop.com.br\/loja\/wp-json\/wp\/v2\/product\/1720","targetHints":{"allow":["GET"]}}],"collection":[{"href":"https:\/\/arduxop.com.br\/loja\/wp-json\/wp\/v2\/product"}],"about":[{"href":"https:\/\/arduxop.com.br\/loja\/wp-json\/wp\/v2\/types\/product"}],"wp:featuredmedia":[{"embeddable":true,"href":"https:\/\/arduxop.com.br\/loja\/wp-json\/wp\/v2\/media\/1721"}],"wp:attachment":[{"href":"https:\/\/arduxop.com.br\/loja\/wp-json\/wp\/v2\/media?parent=1720"}],"wp:term":[{"taxonomy":"product_brand","embeddable":true,"href":"https:\/\/arduxop.com.br\/loja\/wp-json\/wp\/v2\/product_brand?post=1720"},{"taxonomy":"product_cat","embeddable":true,"href":"https:\/\/arduxop.com.br\/loja\/wp-json\/wp\/v2\/product_cat?post=1720"},{"taxonomy":"product_tag","embeddable":true,"href":"https:\/\/arduxop.com.br\/loja\/wp-json\/wp\/v2\/product_tag?post=1720"}],"curies":[{"name":"wp","href":"https:\/\/api.w.org\/{rel}","templated":true}]}}