{"id":1717,"date":"2018-01-16T11:27:46","date_gmt":"2018-01-16T13:27:46","guid":{"rendered":"https:\/\/arduxop.com.br\/loja\/produto\/modulo-sensor-infravermelho-distancia-seguidor-linha\/"},"modified":"2024-07-25T07:57:05","modified_gmt":"2024-07-25T11:57:05","slug":"modulo-sensor-infravermelho-distancia-seguidor-linha","status":"publish","type":"product","link":"https:\/\/arduxop.com.br\/loja\/produto\/modulo-sensor-infravermelho-distancia-seguidor-linha\/","title":{"rendered":"M\u00f3dulo Sensor Infravermelho (distancia \/ Seguidor Linha)"},"content":{"rendered":"<p>Este  m\u00f3dulo pode ser usado tanto para detectar dist\u00e2ncia do mesmo at\u00e9  objetos que se encontrem \u00e0 sua frente como no desenvolvimento de robos  &#8220;seguidores de linha&#8221; (line tracking). Principais Caracter\u00edsticas: F\u00e1cil utiliza\u00e7\u00e3o Pode ser conectado diretamente aos pinos de entrada de microcontroladores que suportem I\/O em 5V Pronta entrega Especifica\u00e7\u00f5es 4 Canais Tens\u00e3o: 3 ~ 5 v Temperatura: -10 +50 C Dist\u00e2ncia m\u00e1xima: 60 CM Conex\u00f4es: 6 (um para cada canal + positivo + negativo) Dimens\u00f5es:\u00a042mm * 38mm * 12mm (C * A * L) Itens inclusos01 &#8211; M\u00f3dulo com 4 sensores seguidor de linha com potenciometro.<\/p>\n","protected":false},"excerpt":{"rendered":"<p>Este m\u00f3dulo pode ser usado tanto para detectar dist\u00e2ncia do mesmo at\u00e9 objetos que se encontrem \u00e0 sua frente como no desenvolvimento de robos &#8220;seguidores de linha&#8221; (line tracking). Principais Caracter\u00edsticas: F\u00e1cil utiliza\u00e7\u00e3o Pode ser conectado diretamente aos pinos de entrada de microcontroladores que suportem I\/O em 5V Pronta entrega Especifica\u00e7\u00f5es 4 Canais Tens\u00e3o: 3 [&hellip;]<\/p>\n","protected":false},"featured_media":1718,"template":"","meta":[],"product_brand":[],"product_cat":[50,409,178],"product_tag":[],"class_list":{"0":"post-1717","1":"product","2":"type-product","3":"status-publish","4":"has-post-thumbnail","6":"product_cat-modulos","7":"product_cat-robotica","8":"product_cat-sensores","10":"entry","11":"has-media","13":"first","14":"instock","15":"sale","16":"sold-individually","17":"purchasable","18":"product-type-simple","19":"has-product-nav","20":"col","21":"span_1_of_3","22":"owp-content-center","23":"owp-thumbs-layout-horizontal","24":"owp-btn-normal","25":"owp-tabs-layout-horizontal"},"_links":{"self":[{"href":"https:\/\/arduxop.com.br\/loja\/wp-json\/wp\/v2\/product\/1717","targetHints":{"allow":["GET"]}}],"collection":[{"href":"https:\/\/arduxop.com.br\/loja\/wp-json\/wp\/v2\/product"}],"about":[{"href":"https:\/\/arduxop.com.br\/loja\/wp-json\/wp\/v2\/types\/product"}],"wp:featuredmedia":[{"embeddable":true,"href":"https:\/\/arduxop.com.br\/loja\/wp-json\/wp\/v2\/media\/1718"}],"wp:attachment":[{"href":"https:\/\/arduxop.com.br\/loja\/wp-json\/wp\/v2\/media?parent=1717"}],"wp:term":[{"taxonomy":"product_brand","embeddable":true,"href":"https:\/\/arduxop.com.br\/loja\/wp-json\/wp\/v2\/product_brand?post=1717"},{"taxonomy":"product_cat","embeddable":true,"href":"https:\/\/arduxop.com.br\/loja\/wp-json\/wp\/v2\/product_cat?post=1717"},{"taxonomy":"product_tag","embeddable":true,"href":"https:\/\/arduxop.com.br\/loja\/wp-json\/wp\/v2\/product_tag?post=1717"}],"curies":[{"name":"wp","href":"https:\/\/api.w.org\/{rel}","templated":true}]}}