{"id":1713,"date":"2018-01-16T11:27:46","date_gmt":"2018-01-16T14:27:46","guid":{"rendered":"https:\/\/arduxop.com.br\/loja\/produto\/termostato-controle-temperatura-w1209\/"},"modified":"2024-07-25T07:57:04","modified_gmt":"2024-07-25T11:57:04","slug":"termostato-controle-temperatura-w1209","status":"publish","type":"product","link":"https:\/\/arduxop.com.br\/loja\/produto\/termostato-controle-temperatura-w1209\/","title":{"rendered":"Termostato W1209"},"content":{"rendered":"<p>Termostato Controle Temperatura W1209<br \/>Arduino Chocadeira Aquario<br \/>Tens\u00e3o de Alimenta\u00e7\u00e3o 12 Vcc<\/p>\n<p>especifica\u00e7\u00f5es Modelo<br \/>dimens\u00f5es: 48*40mm<br \/>controle de temperatura mode: ON\/OFF<br \/>faixa de temperatura:-50-110<br \/>ResolutionWhen temperatura \u00e9 de 0.1 a resolu\u00e7\u00e3o \u00e9 de-9.9 ~ 99.9, outro segmento de temperatura \u00e9 de 1<br \/>precis\u00e3o de controle: 0.1<br \/>histerese precis\u00e3o: 0.1<br \/>taxa de atualiza\u00e7\u00e3o: 0.5 S<br \/>prote\u00e7\u00e3o de alta temperatura 0-110<br \/>tens\u00e3o de alimenta\u00e7\u00e3o: DC 12 V<br \/>corrente de est\u00e1tica: = 35MA, atrair atual = 65MA<br \/>tens\u00e3o de sa\u00edda: DC 12 V<br \/>pot\u00eancia de sa\u00edda: 10A rel\u00e9<br \/>entrada de medi\u00e7\u00e3o: NTC (10 K 0.5%) Do Sensor \u00c0 Prova D&#8217; \u00c1gua<br \/>requisitos ambientais:-10 ~ 60 Umidade 20%-85%<\/p>\n","protected":false},"excerpt":{"rendered":"<p>Termostato \/ Controle Temperatura W1209<\/p>\n","protected":false},"featured_media":1714,"template":"","meta":[],"product_brand":[],"product_cat":[45,47,48,175],"product_tag":[515],"class_list":{"0":"post-1713","1":"product","2":"type-product","3":"status-publish","4":"has-post-thumbnail","6":"product_cat-componentes","7":"product_cat-diversos","8":"product_cat-kits","9":"product_cat-placas","10":"product_tag-timer-j4","12":"entry","13":"has-media","15":"first","16":"instock","17":"purchasable","18":"product-type-simple","19":"has-product-nav","20":"col","21":"span_1_of_3","22":"owp-content-center","23":"owp-thumbs-layout-horizontal","24":"owp-btn-normal","25":"owp-tabs-layout-horizontal"},"_links":{"self":[{"href":"https:\/\/arduxop.com.br\/loja\/wp-json\/wp\/v2\/product\/1713","targetHints":{"allow":["GET"]}}],"collection":[{"href":"https:\/\/arduxop.com.br\/loja\/wp-json\/wp\/v2\/product"}],"about":[{"href":"https:\/\/arduxop.com.br\/loja\/wp-json\/wp\/v2\/types\/product"}],"wp:featuredmedia":[{"embeddable":true,"href":"https:\/\/arduxop.com.br\/loja\/wp-json\/wp\/v2\/media\/1714"}],"wp:attachment":[{"href":"https:\/\/arduxop.com.br\/loja\/wp-json\/wp\/v2\/media?parent=1713"}],"wp:term":[{"taxonomy":"product_brand","embeddable":true,"href":"https:\/\/arduxop.com.br\/loja\/wp-json\/wp\/v2\/product_brand?post=1713"},{"taxonomy":"product_cat","embeddable":true,"href":"https:\/\/arduxop.com.br\/loja\/wp-json\/wp\/v2\/product_cat?post=1713"},{"taxonomy":"product_tag","embeddable":true,"href":"https:\/\/arduxop.com.br\/loja\/wp-json\/wp\/v2\/product_tag?post=1713"}],"curies":[{"name":"wp","href":"https:\/\/api.w.org\/{rel}","templated":true}]}}