{"id":17107,"date":"2021-10-07T15:27:40","date_gmt":"2021-10-07T19:27:40","guid":{"rendered":"https:\/\/arduxop.com.br\/loja\/?post_type=product&#038;p=17107"},"modified":"2024-11-07T16:36:59","modified_gmt":"2024-11-07T20:36:59","slug":"display-lcd-nokia-5110-vermelho","status":"publish","type":"product","link":"https:\/\/arduxop.com.br\/loja\/produto\/display-lcd-nokia-5110-vermelho\/","title":{"rendered":"Display LCD Nokia 5110 [VERMELHO]"},"content":{"rendered":"<div class=\"description-box-mobile-size\">\n<p>&#8211; O <strong><a class=\"anchorlink\" href=\"https:\/\/www.usinainfo.com.br\/display-arduino-405\" data-randanchor=\"5e28d5c67a765\" data-mce-href=\"https:\/\/www.usinainfo.com.br\/display-arduino-405\">Display<\/a> LCD Nokia 5110<\/strong> \u00e9 uma tela de 84&#215;48 pixels (84 colunas e 48 linhas) que era facilmente encontrado tempos atr\u00e1s junto ao celular modelo 5110 da linha Nokia.<br \/>&#8211; De design simples e de extrema facilidade de uso, o <strong>Display LCD Nokia 5110<\/strong> \u00e9 um produto indicado para voc\u00ea hobista que deseja realizar um trabalho r\u00e1pido, simples e de qualidade j\u00e1 que o mesmo exibe mensagens de texto e imagens gr\u00e1ficas.<br \/>&#8211; Compat\u00edvel com um grande n\u00famero de sistemas microcontroladores, o <strong>Display LCD Nokia 5110<\/strong> \u00e9 um equipamento que pode ser utilizado junto ao seu <a class=\"anchorlink\" href=\"https:\/\/www.usinainfo.com.br\/arduino-74\" data-randanchor=\"5e28d5c67a37f\" data-mce-href=\"https:\/\/www.usinainfo.com.br\/arduino-74\">Arduino<\/a>, ARM, AVR, entre outros.<br \/>&#8211; Entre as principais caracter\u00edsticas do <strong>Display LCD Nokia 5110<\/strong> destaca-se seu design simples e compacto, j\u00e1 estando integrado em uma placa que possui 4 perfura\u00e7\u00f5es para fixa\u00e7\u00e3o.<br \/>&#8211; O <strong>Display LCD Nokia 5110<\/strong> conta com luz de fundo em LED que facilita a visualiza\u00e7\u00e3o de dados junto \u00e0 tela LCD, contribuindo assim para o aperfei\u00e7oamento dos projetos realizados por projetistas.<br \/>&#8211; Indicado para visualiza\u00e7\u00e3o de informa\u00e7\u00f5es, o <strong>Display LCD Nokia 5110<\/strong> \u00e9 utilizado em projetos eletr\u00f4nicos ou rob\u00f3ticos de modo a aumentar a integra\u00e7\u00e3o do projeto com os espectadores, trazendo tamb\u00e9m informa\u00e7\u00f5es \u00fateis ao operador do sistema.<\/p>\n<\/div>\n<div class=\"description-box-mobile-size\">\n<p><a name=\"caract\" class=\"mce-item-anchor\"><\/a><br data-mce-bogus=\"1\"><\/p>\n<p class=\"product_title_interno font-weight-bold m-0 p-0\">CARACTER\u00cdSTICAS:<\/p>\n<p>&#8211; Display de LCD Nokia 5110\u00a0para projetos:<br \/>&#8211; Compat\u00edvel com Arduino, ARM, AVR, entre outros;<br \/>&#8211; 84 x 48 pixels (84 colunas 48 linhas);<br \/>&#8211; Luz de fundo para melhor visualiza\u00e7\u00e3o;<br \/>&#8211; Capacidade de reproduzir textos e imagens;<br \/>&#8211; De f\u00e1cil e r\u00e1pida instala\u00e7\u00e3o;<br \/>&#8211; Baixo consumo de energia;<br \/>&#8211; Datasheet PCD8544: <em><a href=\"https:\/\/www.usinainfo.com.br\/index.php?controller=attachment&amp;id_attachment=140\" target=\"_blank\" rel=\"noopener\" data-mce-href=\"https:\/\/www.usinainfo.com.br\/index.php?controller=attachment&amp;id_attachment=140\">Download AQUI<\/a><\/em>.<\/p>\n<\/div>\n<div class=\"description-box-mobile-size\">\n<p class=\"product_title_interno font-weight-bold mt-3 p-0\">ESPECIFICA\u00c7\u00d5ES:<\/p>\n<p>&#8211; Tens\u00e3o de trabalho: 3.3V;<br \/>&#8211; Tela de 1,6\u201d;<br \/>&#8211; Controlador: PCD8544;<br \/>&#8211; Modos de Exibi\u00e7\u00e3o: Letras e imagens pretas em fundo branco;<br \/>&#8211; Backlight: LED;<br \/>&#8211; Backlight entrada: LED 3,3V;<br \/>&#8211; Interface serial: 4 Mbits\/s;<br \/>&#8211; Dimens\u00f5es aproximadas da tela (CxL): 37x26mm;<br \/>&#8211; Dimens\u00f5es da m\u00f3dulo (CxLxE): 45x45x13mm;<br \/>&#8211; Peso: 13g;<br \/>&#8211; Peso com embalagem: 15g.<\/p>\n<p><p class=\"responsive-video-wrap clr\"><iframe title=\"APRENDA USAR O DISPLAY LCD NOKIA 5110 NO ARDUINO | CrazyDuino\" width=\"1200\" height=\"675\" src=\"https:\/\/www.youtube.com\/embed\/nvCFaJItMog?feature=oembed\" frameborder=\"0\" allow=\"accelerometer; autoplay; clipboard-write; encrypted-media; gyroscope; picture-in-picture\" allowfullscreen><\/iframe><\/p>\n<\/p>\n<\/div>\n","protected":false},"excerpt":{"rendered":"<p id=\"name-imagem\" class=\"col-12 col-sm-12\">Display LCD nokia 5110 para Arduino &#8211; 84&#215;48 pixels<\/p>\n","protected":false},"featured_media":17110,"template":"","meta":[],"product_brand":[],"product_cat":[183,233],"product_tag":[],"class_list":{"0":"post-17107","1":"product","2":"type-product","3":"status-publish","4":"has-post-thumbnail","6":"product_cat-displays","7":"product_cat-lcd","9":"entry","10":"has-media","12":"first","13":"instock","14":"shipping-taxable","15":"purchasable","16":"product-type-simple","17":"has-product-nav","18":"col","19":"span_1_of_3","20":"owp-content-center","21":"owp-thumbs-layout-horizontal","22":"owp-btn-normal","23":"owp-tabs-layout-horizontal"},"_links":{"self":[{"href":"https:\/\/arduxop.com.br\/loja\/wp-json\/wp\/v2\/product\/17107","targetHints":{"allow":["GET"]}}],"collection":[{"href":"https:\/\/arduxop.com.br\/loja\/wp-json\/wp\/v2\/product"}],"about":[{"href":"https:\/\/arduxop.com.br\/loja\/wp-json\/wp\/v2\/types\/product"}],"wp:featuredmedia":[{"embeddable":true,"href":"https:\/\/arduxop.com.br\/loja\/wp-json\/wp\/v2\/media\/17110"}],"wp:attachment":[{"href":"https:\/\/arduxop.com.br\/loja\/wp-json\/wp\/v2\/media?parent=17107"}],"wp:term":[{"taxonomy":"product_brand","embeddable":true,"href":"https:\/\/arduxop.com.br\/loja\/wp-json\/wp\/v2\/product_brand?post=17107"},{"taxonomy":"product_cat","embeddable":true,"href":"https:\/\/arduxop.com.br\/loja\/wp-json\/wp\/v2\/product_cat?post=17107"},{"taxonomy":"product_tag","embeddable":true,"href":"https:\/\/arduxop.com.br\/loja\/wp-json\/wp\/v2\/product_tag?post=17107"}],"curies":[{"name":"wp","href":"https:\/\/api.w.org\/{rel}","templated":true}]}}