{"id":17086,"date":"2021-10-05T11:15:51","date_gmt":"2021-10-05T14:15:51","guid":{"rendered":"https:\/\/arduxop.com.br\/loja\/?post_type=product&#038;p=17086"},"modified":"2024-11-07T16:38:09","modified_gmt":"2024-11-07T20:38:09","slug":"controlador-de-velocidade-motor-dc","status":"publish","type":"product","link":"https:\/\/arduxop.com.br\/loja\/produto\/controlador-de-velocidade-motor-dc\/","title":{"rendered":"Controlador de Velocidade Motor DC"},"content":{"rendered":"<p>O Controlador de Velocidade Motor DC \u2013 PWM permite controlar a dire\u00e7\u00e3o de um motor DC utilizando uma largura de pulso modulada (PWM) Tens\u00e3o DC com um ciclo de trabalho totalmente ajust\u00e1vel de 0% a 100%.<\/p>\n<p>O controlador de velocidade do motor pode facilmente fornecer 3A de corrente cont\u00ednua para o seu motor de corrente cont\u00ednua ou outra carga DC.<\/p>\n<h6><strong>Especifica\u00e7\u00f5es:<\/strong><\/h6>\n<p>\u2013 Tens\u00e3o de alimenta\u00e7\u00e3o de entrada: 6V-28VCC;<br \/>\n\u2013 A pot\u00eancia m\u00e1xima de sa\u00edda: 80W;<br \/>\n\u2013 A corrente de sa\u00edda m\u00e1xima cont\u00ednua: 3A;<br \/>\n\u2013 Ciclo de trabalho ajust\u00e1vel: 0% a 100%;<br \/>\n\u2013 Motor DC \u2013 6V \u2013 12V \u2013 24V \u2013 28V \u2013 3A;<br \/>\n\u2013 Dimens\u00f5es: 7\u00d73,5\u00d72 (comprimento, largura, altura).<\/p>\n","protected":false},"excerpt":{"rendered":"<p class=\"product_title entry-title\">Controlador de Velocidade Motor DC \u2013 3V \u2013 28V- PWM<\/p>\n","protected":false},"featured_media":17089,"template":"","meta":[],"product_brand":[],"product_cat":[191,51],"product_tag":[512,626,625],"class_list":{"0":"post-17086","1":"product","2":"type-product","3":"status-publish","4":"has-post-thumbnail","6":"product_cat-drivers","7":"product_cat-motores","8":"product_tag-motor","9":"product_tag-pwm","10":"product_tag-velocidde","12":"entry","13":"has-media","15":"first","16":"instock","17":"shipping-taxable","18":"purchasable","19":"product-type-simple","20":"has-product-nav","21":"col","22":"span_1_of_3","23":"owp-content-center","24":"owp-thumbs-layout-horizontal","25":"owp-btn-normal","26":"owp-tabs-layout-horizontal"},"_links":{"self":[{"href":"https:\/\/arduxop.com.br\/loja\/wp-json\/wp\/v2\/product\/17086","targetHints":{"allow":["GET"]}}],"collection":[{"href":"https:\/\/arduxop.com.br\/loja\/wp-json\/wp\/v2\/product"}],"about":[{"href":"https:\/\/arduxop.com.br\/loja\/wp-json\/wp\/v2\/types\/product"}],"wp:featuredmedia":[{"embeddable":true,"href":"https:\/\/arduxop.com.br\/loja\/wp-json\/wp\/v2\/media\/17089"}],"wp:attachment":[{"href":"https:\/\/arduxop.com.br\/loja\/wp-json\/wp\/v2\/media?parent=17086"}],"wp:term":[{"taxonomy":"product_brand","embeddable":true,"href":"https:\/\/arduxop.com.br\/loja\/wp-json\/wp\/v2\/product_brand?post=17086"},{"taxonomy":"product_cat","embeddable":true,"href":"https:\/\/arduxop.com.br\/loja\/wp-json\/wp\/v2\/product_cat?post=17086"},{"taxonomy":"product_tag","embeddable":true,"href":"https:\/\/arduxop.com.br\/loja\/wp-json\/wp\/v2\/product_tag?post=17086"}],"curies":[{"name":"wp","href":"https:\/\/api.w.org\/{rel}","templated":true}]}}