{"id":17073,"date":"2021-09-30T11:50:51","date_gmt":"2021-09-30T15:50:51","guid":{"rendered":"https:\/\/arduxop.com.br\/loja\/?post_type=product&#038;p=17073"},"modified":"2024-11-07T16:40:14","modified_gmt":"2024-11-07T20:40:14","slug":"conversor-dc-dc-xl6019","status":"publish","type":"product","link":"https:\/\/arduxop.com.br\/loja\/produto\/conversor-dc-dc-xl6019\/","title":{"rendered":"Regulador de Tens\u00e3o Dc Dc Xl6019"},"content":{"rendered":"<p>O Regulador \/ Conversor Dc Dc Buck Boost Step Up e Down Xl6019 \u00e9 um produto desenvolvido para aplica\u00e7\u00e3o em projetos eletr\u00f4nicos onde s\u00e3o necess\u00e1rias diferentes tens\u00f5es e correntes para acionamento de circuitos eletr\u00f4nicos.<\/p>\n<p>O Conversor DC\/DC &#8211; Step Down e Boost &#8211; XL6019 \u00e9 um regulador de tens\u00e3o, dispositivo que tem como base semicondutores, tais como diodos e circuitos integrados, que tem a fun\u00e7\u00e3o de aumentar ou diminuir a tens\u00e3o de sa\u00edda de um circuito el\u00e9trico. Um regulador de tens\u00e3o \u00e9 incapaz de gerar energia.<\/p>\n<p>A grande vantagem do Conversor DC\/DC &#8211; Step Down e Boost &#8211; XL6019 em rela\u00e7\u00e3o aos demais Conversores de Tens\u00e3o \u00e9 poder trabalhar tanto como Step Down como Step Up, pois ele \u00e9 constru\u00eddo com um Mosfet de pot\u00eancia de canal N e possui um oscilador de frequ\u00eancia fixa, fato que deixa o circuito est\u00e1vel e possibilita tanto aumentar quanto diminuir a tens\u00e3o.<\/p>\n<p>Ele trabalha com as tens\u00f5es de 5V \u00e0 40V, corrente de 5A e recursos como prote\u00e7\u00e3o contra sobre temperatura, tornando o Conversor DC\/DC &#8211; Step Down e Boost &#8211; XL6019 muito utilizado nos mais diversos projetos eletr\u00f4nicos.<\/p>\n<p>Especifica\u00e7\u00f5es:<\/p>\n<p>&#8211; Tens\u00e3o de entrada: 5V a 32V DC;<br \/>&#8211; Corrente de entrada: 4A (m\u00e1x.);<br \/>&#8211; Tens\u00e3o de sa\u00edda: 1,25 a 35V DC Ajust\u00e1vel;<br \/>&#8211; Corrente de sa\u00edda: 1,5A (m\u00e1x.);<br \/>&#8211; Pot\u00eancia de sa\u00edda: 20W (25W (m\u00e1x.) com dissipador);<br \/>&#8211; Prote\u00e7\u00e3o contra curto circuito: N\u00e3o;<br \/>&#8211; Prote\u00e7\u00e3o reversa da polaridade da entrada: N\u00e3o;<br \/>&#8211; Dimens\u00f5es: 53x26x12mm (C x L x A);<br \/>&#8211; Peso com embalagem: 18g;<\/p>\n<p>Obs. Para o regulador come\u00e7ar a funcionar gire o trimpot do regulador 50 vezes pro sentido anti hor\u00e1rio. Acompanhe a sa\u00edda de tens\u00e3o do mesmo com um mult\u00edmetro.<\/p>\n","protected":false},"excerpt":{"rendered":"<p class=\"ui-pdp-title\">Conversor Dc Dc Buck Boost 2 Em 1 Step Up E Down Xl6019<\/p>\n","protected":false},"featured_media":17074,"template":"","meta":[],"product_brand":[],"product_cat":[627,185,194],"product_tag":[],"class_list":{"0":"post-17073","1":"product","2":"type-product","3":"status-publish","4":"has-post-thumbnail","6":"product_cat-conversores-de-tensao","7":"product_cat-fontes","8":"product_cat-reguladores-de-tensao","10":"entry","11":"has-media","13":"first","14":"instock","15":"shipping-taxable","16":"purchasable","17":"product-type-simple","18":"has-product-nav","19":"col","20":"span_1_of_3","21":"owp-content-center","22":"owp-thumbs-layout-horizontal","23":"owp-btn-normal","24":"owp-tabs-layout-horizontal"},"_links":{"self":[{"href":"https:\/\/arduxop.com.br\/loja\/wp-json\/wp\/v2\/product\/17073","targetHints":{"allow":["GET"]}}],"collection":[{"href":"https:\/\/arduxop.com.br\/loja\/wp-json\/wp\/v2\/product"}],"about":[{"href":"https:\/\/arduxop.com.br\/loja\/wp-json\/wp\/v2\/types\/product"}],"wp:featuredmedia":[{"embeddable":true,"href":"https:\/\/arduxop.com.br\/loja\/wp-json\/wp\/v2\/media\/17074"}],"wp:attachment":[{"href":"https:\/\/arduxop.com.br\/loja\/wp-json\/wp\/v2\/media?parent=17073"}],"wp:term":[{"taxonomy":"product_brand","embeddable":true,"href":"https:\/\/arduxop.com.br\/loja\/wp-json\/wp\/v2\/product_brand?post=17073"},{"taxonomy":"product_cat","embeddable":true,"href":"https:\/\/arduxop.com.br\/loja\/wp-json\/wp\/v2\/product_cat?post=17073"},{"taxonomy":"product_tag","embeddable":true,"href":"https:\/\/arduxop.com.br\/loja\/wp-json\/wp\/v2\/product_tag?post=17073"}],"curies":[{"name":"wp","href":"https:\/\/api.w.org\/{rel}","templated":true}]}}