{"id":17070,"date":"2021-09-30T10:27:08","date_gmt":"2021-09-30T14:27:08","guid":{"rendered":"https:\/\/arduxop.com.br\/loja\/?post_type=product&#038;p=17070"},"modified":"2024-07-25T07:54:32","modified_gmt":"2024-07-25T11:54:32","slug":"modulo-nrf24l01","status":"publish","type":"product","link":"https:\/\/arduxop.com.br\/loja\/produto\/modulo-nrf24l01\/","title":{"rendered":"M\u00f3dulo NRF24L01"},"content":{"rendered":"<p>Comunica\u00e7\u00e3o wireless com o m\u00f3dulo NRF24L01O m\u00f3dulo wireless NRF24L01+ 2.4GHz, um m\u00f3dulo compacto e muito eficiente, perfeito para quem precisa montar um sistema de comunica\u00e7\u00e3o entre dois (ou mais) dispositivos.<\/p>\n<p>Al\u00e9m do tamanho reduzido, esse m\u00f3dulo, que \u00e9 controlado pelo CI NRF24L01+ da Nordic (datasheet) se caracteriza pelo baixo consumo de energia e pela velocidade de comunica\u00e7\u00e3o, que pode chegar a 2Mbps.<\/p>\n<p>Devido ao uso da interface SPI, \u00e9 poss\u00edvel interligar esse m\u00f3dulo \u00e0 maioria dos microcontroladores dispon\u00edveis atualmente.<\/p>\n<p>O alcance do m\u00f3dulo varia de 10 metros em ambiente fechado (indoor) \u00e0 50 metros em ambiente aberto (outdoor). Uma outra vantagem \u00e9 que um mesmo m\u00f3dulo pode atuar como emissor ou receptor, apenas realizando-se uma configura\u00e7\u00e3o por software. Sua tens\u00e3o de alimenta\u00e7\u00e3o vai de 1,9 \u00e0 3.6V, e os pinos de sinal podem trabalhar normalmente com n\u00edvel de sinal de 5V.<\/p>\n","protected":false},"excerpt":{"rendered":"<p>M\u00f3dulo wireless NRF24L01+ 2.4GHz<\/p>\n","protected":false},"featured_media":1309,"template":"","meta":[],"product_brand":[],"product_cat":[195,50,180],"product_tag":[401],"class_list":{"0":"post-17070","1":"product","2":"type-product","3":"status-publish","4":"has-post-thumbnail","6":"product_cat-controle-remoto","7":"product_cat-modulos","8":"product_cat-wifi","9":"product_tag-wirelles","11":"entry","12":"has-media","14":"first","15":"instock","16":"purchasable","17":"product-type-simple","18":"has-product-nav","19":"col","20":"span_1_of_3","21":"owp-content-center","22":"owp-thumbs-layout-horizontal","23":"owp-btn-normal","24":"owp-tabs-layout-horizontal"},"_links":{"self":[{"href":"https:\/\/arduxop.com.br\/loja\/wp-json\/wp\/v2\/product\/17070","targetHints":{"allow":["GET"]}}],"collection":[{"href":"https:\/\/arduxop.com.br\/loja\/wp-json\/wp\/v2\/product"}],"about":[{"href":"https:\/\/arduxop.com.br\/loja\/wp-json\/wp\/v2\/types\/product"}],"wp:featuredmedia":[{"embeddable":true,"href":"https:\/\/arduxop.com.br\/loja\/wp-json\/wp\/v2\/media\/1309"}],"wp:attachment":[{"href":"https:\/\/arduxop.com.br\/loja\/wp-json\/wp\/v2\/media?parent=17070"}],"wp:term":[{"taxonomy":"product_brand","embeddable":true,"href":"https:\/\/arduxop.com.br\/loja\/wp-json\/wp\/v2\/product_brand?post=17070"},{"taxonomy":"product_cat","embeddable":true,"href":"https:\/\/arduxop.com.br\/loja\/wp-json\/wp\/v2\/product_cat?post=17070"},{"taxonomy":"product_tag","embeddable":true,"href":"https:\/\/arduxop.com.br\/loja\/wp-json\/wp\/v2\/product_tag?post=17070"}],"curies":[{"name":"wp","href":"https:\/\/api.w.org\/{rel}","templated":true}]}}