{"id":17058,"date":"2021-09-15T09:56:26","date_gmt":"2021-09-15T12:56:26","guid":{"rendered":"https:\/\/arduxop.com.br\/loja\/?post_type=product&#038;p=17058"},"modified":"2024-07-25T07:54:33","modified_gmt":"2024-07-25T11:54:33","slug":"placa-de-expansao-do-driver-de-motor-de-passo","status":"publish","type":"product","link":"https:\/\/arduxop.com.br\/loja\/produto\/placa-de-expansao-do-driver-de-motor-de-passo\/","title":{"rendered":"Placa de expans\u00e3o do driver de motor de passo"},"content":{"rendered":"<div class=\"tab-content\">\n<div id=\"descricao\" class=\"tab-pane active\">\n<p><strong>M\u00f3dulo Expansor Driver 8825\/A4988 &#8211; Descri\u00e7\u00e3o:<\/strong><\/p>\n<p>O <strong>M\u00f3dulo Expansor Driver 8825\/A4988 <\/strong>\u00e9 uma placa eletr\u00f4nica que permite a expans\u00e3o de at\u00e9 42 drivers de motor de passo dos modelos 8825 ou A4988, sua utiliza\u00e7\u00e3o se faz indispens\u00e1vel em m\u00e1quinas cnc e impressoras 3D.<\/p>\n<p>Adquirindo o\u00a0<strong>M\u00f3dulo Expansor Driver 8825\/A4988<\/strong>, voc\u00ea tem a certeza que ir\u00e1 agregar \u00e0 sua m\u00e1quina de corte ou impress\u00e3o um m\u00f3dulo de alta efici\u00eancia por um \u00f3timo custo x benef\u00edcio.<\/p>\n<p><strong>M\u00f3dulo Expansor Driver 8825\/A4988 &#8211; Especifica\u00e7\u00e3o:<\/strong><\/p>\n<div>&#8211; Tens\u00e3o de Entrada: 12-30V;<\/div>\n<div>&#8211; Tens\u00e3o L\u00f3gica: 5V;<\/div>\n<div>&#8211; Modelos Compat\u00edveis: A4988, DRV8825;<\/div>\n<div>&#8211; Passo: 1400 x 1400mil (35,56 x 35,56mm);<\/div>\n<div>&#8211; Dimens\u00f5es: 42 x 42 x 15mm.<\/div>\n<p><strong>M\u00f3dulo Expansor Driver 8825\/A4988 &#8211; Acompanha:<\/strong><\/p>\n<p>01 &#8211;\u00a0M\u00f3dulo Expansor Driver 8825\/A4988<\/p>\n<p><strong>\u00a0<\/strong><\/p>\n<\/div>\n<\/div>\n","protected":false},"excerpt":{"rendered":"<p><span class=\"VIiyi\" lang=\"pt\"><span class=\"JLqJ4b ChMk0b\" data-language-for-alternatives=\"pt\" data-language-to-translate-into=\"en\" data-phrase-index=\"0\">Placa de expans\u00e3o do driver de motor de passo<\/span><\/span> A4988 DRV8825<\/p>\n","protected":false},"featured_media":17064,"template":"","meta":[],"product_brand":[],"product_cat":[198,191,50,51,212,409,179],"product_tag":[],"class_list":{"0":"post-17058","1":"product","2":"type-product","3":"status-publish","4":"has-post-thumbnail","6":"product_cat-cnc","7":"product_cat-drivers","8":"product_cat-modulos","9":"product_cat-motores","10":"product_cat-passo","11":"product_cat-robotica","12":"product_cat-shields","14":"entry","15":"has-media","17":"first","18":"instock","19":"shipping-taxable","20":"purchasable","21":"product-type-simple","22":"has-product-nav","23":"col","24":"span_1_of_3","25":"owp-content-center","26":"owp-thumbs-layout-horizontal","27":"owp-btn-normal","28":"owp-tabs-layout-horizontal"},"_links":{"self":[{"href":"https:\/\/arduxop.com.br\/loja\/wp-json\/wp\/v2\/product\/17058","targetHints":{"allow":["GET"]}}],"collection":[{"href":"https:\/\/arduxop.com.br\/loja\/wp-json\/wp\/v2\/product"}],"about":[{"href":"https:\/\/arduxop.com.br\/loja\/wp-json\/wp\/v2\/types\/product"}],"wp:featuredmedia":[{"embeddable":true,"href":"https:\/\/arduxop.com.br\/loja\/wp-json\/wp\/v2\/media\/17064"}],"wp:attachment":[{"href":"https:\/\/arduxop.com.br\/loja\/wp-json\/wp\/v2\/media?parent=17058"}],"wp:term":[{"taxonomy":"product_brand","embeddable":true,"href":"https:\/\/arduxop.com.br\/loja\/wp-json\/wp\/v2\/product_brand?post=17058"},{"taxonomy":"product_cat","embeddable":true,"href":"https:\/\/arduxop.com.br\/loja\/wp-json\/wp\/v2\/product_cat?post=17058"},{"taxonomy":"product_tag","embeddable":true,"href":"https:\/\/arduxop.com.br\/loja\/wp-json\/wp\/v2\/product_tag?post=17058"}],"curies":[{"name":"wp","href":"https:\/\/api.w.org\/{rel}","templated":true}]}}