{"id":17048,"date":"2021-09-04T15:54:29","date_gmt":"2021-09-04T18:54:29","guid":{"rendered":"https:\/\/arduxop.com.br\/loja\/?post_type=product&#038;p=17048"},"modified":"2024-07-25T07:54:34","modified_gmt":"2024-07-25T11:54:34","slug":"braco-robotico-em-acrilico-mearm","status":"publish","type":"product","link":"https:\/\/arduxop.com.br\/loja\/produto\/braco-robotico-em-acrilico-mearm\/","title":{"rendered":"Bra\u00e7o Rob\u00f3tico Em Acr\u00edlico Mearm"},"content":{"rendered":"<div class=\"ui-pdp-container__row ui-pdp-container__row--technical-specifications\">\n<div class=\"ui-pdp-specs\">\n<h2 class=\"ui-pdp-specs__title\">Caracter\u00edsticas principais<\/h2>\n<div class=\"ui-pdp-specs__table\">\n<table class=\"andes-table\">\n<tbody class=\"andes-table__body\">\n<tr class=\"andes-table__row\">\n<th class=\"andes-table__header andes-table__header--left ui-pdp-specs__table__column ui-pdp-specs__table__column-title\">Marca<\/th>\n<td class=\"andes-table__column andes-table__column--left ui-pdp-specs__table__column\"><span class=\"andes-table__column--value\">Edsmaker<\/span><\/td>\n<\/tr>\n<tr class=\"andes-table__row\">\n<th class=\"andes-table__header andes-table__header--left ui-pdp-specs__table__column ui-pdp-specs__table__column-title\">Modelo<\/th>\n<td class=\"andes-table__column andes-table__column--left ui-pdp-specs__table__column\"><span class=\"andes-table__column--value\">EDSMaker<\/span><\/td>\n<\/tr>\n<\/tbody>\n<\/table>\n<\/div>\n<h3 class=\"ui-pdp-specs__subtitle\">Outras caracter\u00edsticas<\/h3>\n<div class=\"ui-pdp-list ui-pdp-specs__list\">\n<ul class=\"ui-pdp-list__wrapper\">\n<li class=\"ui-pdp-list__item\">\n<p class=\"ui-pdp-family--REGULAR ui-pdp-list__text\"><span class=\"ui-pdp-color--BLACK ui-pdp-size--XSMALL ui-pdp-family--BOLD\">Microcontrolador<\/span>: ARDUINO<\/p>\n<\/li>\n<li class=\"ui-pdp-list__item\">\n<p class=\"ui-pdp-family--REGULAR ui-pdp-list__text\"><span class=\"ui-pdp-color--BLACK ui-pdp-size--XSMALL ui-pdp-family--BOLD\">Tens\u00e3o de opera\u00e7\u00e3o<\/span>: 5<\/p>\n<\/li>\n<\/ul>\n<ul class=\"ui-pdp-list__wrapper\">\n<li class=\"ui-pdp-list__item\">\n<p class=\"ui-pdp-family--REGULAR ui-pdp-list__text\"><span class=\"ui-pdp-color--BLACK ui-pdp-size--XSMALL ui-pdp-family--BOLD\">Voltagem m\u00ednimo de entrada recomendado &#8211; Voltagem m\u00e1ximo de entrada recomendado<\/span>: 5V &#8211; 5V<\/p>\n<\/li>\n<li class=\"ui-pdp-list__item\">\n<p class=\"ui-pdp-family--REGULAR ui-pdp-list__text\"><span class=\"ui-pdp-color--BLACK ui-pdp-size--XSMALL ui-pdp-family--BOLD\">Voltagem m\u00ednimo de entrada limite &#8211; Voltagem m\u00e1ximo de entrada limite<\/span>: 5V &#8211; 5V<\/p>\n<\/li>\n<\/ul>\n<ul class=\"ui-pdp-list__wrapper\">\n<li class=\"ui-pdp-list__item\">\n<p class=\"ui-pdp-family--REGULAR ui-pdp-list__text\"><span class=\"ui-pdp-color--BLACK ui-pdp-size--XSMALL ui-pdp-family--BOLD\">Capacidade da mem\u00f3ria flash<\/span>: 0 kB<\/p>\n<\/li>\n<li class=\"ui-pdp-list__item\">\n<p class=\"ui-pdp-family--REGULAR ui-pdp-list__text\"><span class=\"ui-pdp-color--BLACK ui-pdp-size--XSMALL ui-pdp-family--BOLD\">Inclui cabo USB<\/span>: N\u00e3o<\/p>\n<\/li>\n<\/ul>\n<\/div>\n<\/div>\n<\/div>\n<div class=\"ui-pdp-container__row ui-pdp-container__row--description\">\n<div class=\"ui-pdp-description\">\n<h2 class=\"ui-pdp-description__title\">Descri\u00e7\u00e3o<\/h2>\n<p class=\"ui-pdp-description__content\">Bra\u00e7o Rob\u00f3tico cortado \u00e0 laser em acr\u00edlico<\/p>\n<p>Vers\u00e3o MeArm V1.0<\/p>\n<p>Exercite seus conhecimentos se divertindo !!!<br \/>\nPerfeito para experimentos e projetos com Arduino e PIC (microcontroladores).<br \/>\nFotos reais do produto,<\/p>\n<p>Nesse kit est\u00e3o inclusos:<br \/>\n&#8211; A parte mec\u00e2nica em acr\u00edlico cortado \u00e0 laser.<br \/>\n&#8211; Os parafusos de fixa\u00e7\u00e3o-<\/p>\n<p>Quatro servos 90g<\/p>\n<p>N\u00e3o inclui o Processador Arduino.<\/p>\n<p>&nbsp;<\/p>\n<p>Montagem do bra\u00e7o rob\u00f3tico <a href=\"https:\/\/www.instructables.com\/Pocket-Sized-Robot-Arm-meArm-V04\/\">Clique aqui<\/a><\/p>\n<p class=\"ui-pdp-description__content\">\n<p class=\"responsive-video-wrap clr\"><iframe title=\"EDSMaker 003 Bra\u00e7o Rob\u00f3tico\" width=\"1200\" height=\"675\" src=\"https:\/\/www.youtube.com\/embed\/PszDk_rYaJg?feature=oembed\" frameborder=\"0\" allow=\"accelerometer; autoplay; clipboard-write; encrypted-media; gyroscope; picture-in-picture\" allowfullscreen><\/iframe><\/p>\n<\/div>\n<\/div>\n","protected":false},"excerpt":{"rendered":"<p>Caracter\u00edsticas principais Marca Edsmaker Modelo EDSMaker Outras caracter\u00edsticas Microcontrolador: ARDUINO Tens\u00e3o de opera\u00e7\u00e3o: 5 Voltagem m\u00ednimo de entrada recomendado &#8211; Voltagem m\u00e1ximo de entrada recomendado: 5V &#8211; 5V Voltagem m\u00ednimo de entrada limite &#8211; Voltagem m\u00e1ximo de entrada limite: 5V &#8211; 5V Capacidade da mem\u00f3ria flash: 0 kB Inclui cabo USB: N\u00e3o Descri\u00e7\u00e3o Bra\u00e7o Rob\u00f3tico [&hellip;]<\/p>\n","protected":false},"featured_media":17053,"template":"","meta":[],"product_brand":[],"product_cat":[409,192],"product_tag":[],"class_list":{"0":"post-17048","1":"product","2":"type-product","3":"status-publish","4":"has-post-thumbnail","6":"product_cat-robotica","7":"product_cat-servos","9":"entry","10":"has-media","12":"first","13":"outofstock","14":"shipping-taxable","15":"purchasable","16":"product-type-simple","17":"has-product-nav","18":"col","19":"span_1_of_3","20":"owp-content-center","21":"owp-thumbs-layout-horizontal","22":"owp-btn-normal","23":"owp-tabs-layout-horizontal"},"_links":{"self":[{"href":"https:\/\/arduxop.com.br\/loja\/wp-json\/wp\/v2\/product\/17048","targetHints":{"allow":["GET"]}}],"collection":[{"href":"https:\/\/arduxop.com.br\/loja\/wp-json\/wp\/v2\/product"}],"about":[{"href":"https:\/\/arduxop.com.br\/loja\/wp-json\/wp\/v2\/types\/product"}],"wp:featuredmedia":[{"embeddable":true,"href":"https:\/\/arduxop.com.br\/loja\/wp-json\/wp\/v2\/media\/17053"}],"wp:attachment":[{"href":"https:\/\/arduxop.com.br\/loja\/wp-json\/wp\/v2\/media?parent=17048"}],"wp:term":[{"taxonomy":"product_brand","embeddable":true,"href":"https:\/\/arduxop.com.br\/loja\/wp-json\/wp\/v2\/product_brand?post=17048"},{"taxonomy":"product_cat","embeddable":true,"href":"https:\/\/arduxop.com.br\/loja\/wp-json\/wp\/v2\/product_cat?post=17048"},{"taxonomy":"product_tag","embeddable":true,"href":"https:\/\/arduxop.com.br\/loja\/wp-json\/wp\/v2\/product_tag?post=17048"}],"curies":[{"name":"wp","href":"https:\/\/api.w.org\/{rel}","templated":true}]}}