{"id":17020,"date":"2021-08-06T11:17:35","date_gmt":"2021-08-06T14:17:35","guid":{"rendered":"https:\/\/arduxop.com.br\/loja\/?post_type=product&#038;p=17020"},"modified":"2024-11-07T16:51:05","modified_gmt":"2024-11-07T20:51:05","slug":"til311-display-hexadecimal","status":"publish","type":"product","link":"https:\/\/arduxop.com.br\/loja\/produto\/til311-display-hexadecimal\/","title":{"rendered":"TIL311 display Hexadecimal"},"content":{"rendered":"<p style=\"text-align: center;\">Esse display \u00e9 da d\u00e9cada de 1970. Somente os fortes entender\u00e3o. Temos apenas uma pe\u00e7a nova.<\/p>\n<p><img fetchpriority=\"high\" decoding=\"async\" class=\"aligncenter size-full wp-image-17023\" src=\"https:\/\/arduxop.com.br\/loja\/wp-content\/uploads\/2021\/08\/Screenshot-2021-08-06-at-10-03-28-TIL311-Texas-Instruments-Mouser.png\" alt=\"\" width=\"650\" height=\"489\" srcset=\"https:\/\/arduxop.com.br\/loja\/wp-content\/uploads\/2021\/08\/Screenshot-2021-08-06-at-10-03-28-TIL311-Texas-Instruments-Mouser.png 650w, https:\/\/arduxop.com.br\/loja\/wp-content\/uploads\/2021\/08\/Screenshot-2021-08-06-at-10-03-28-TIL311-Texas-Instruments-Mouser-350x263.png 350w, https:\/\/arduxop.com.br\/loja\/wp-content\/uploads\/2021\/08\/Screenshot-2021-08-06-at-10-03-28-TIL311-Texas-Instruments-Mouser-64x48.png 64w, https:\/\/arduxop.com.br\/loja\/wp-content\/uploads\/2021\/08\/Screenshot-2021-08-06-at-10-03-28-TIL311-Texas-Instruments-Mouser-300x226.png 300w\" sizes=\"(max-width: 650px) 100vw, 650px\" \/><\/p>\n","protected":false},"excerpt":{"rendered":"<p>TIL311 display Hexadecimal Texas Semicondutores<\/p>\n","protected":false},"featured_media":17022,"template":"","meta":[],"product_brand":[],"product_cat":[183,234],"product_tag":[],"class_list":{"0":"post-17020","1":"product","2":"type-product","3":"status-publish","4":"has-post-thumbnail","6":"product_cat-displays","7":"product_cat-led","9":"entry","10":"has-media","12":"first","13":"instock","14":"shipping-taxable","15":"purchasable","16":"product-type-simple","17":"has-product-nav","18":"col","19":"span_1_of_3","20":"owp-content-center","21":"owp-thumbs-layout-horizontal","22":"owp-btn-normal","23":"owp-tabs-layout-horizontal"},"_links":{"self":[{"href":"https:\/\/arduxop.com.br\/loja\/wp-json\/wp\/v2\/product\/17020","targetHints":{"allow":["GET"]}}],"collection":[{"href":"https:\/\/arduxop.com.br\/loja\/wp-json\/wp\/v2\/product"}],"about":[{"href":"https:\/\/arduxop.com.br\/loja\/wp-json\/wp\/v2\/types\/product"}],"wp:featuredmedia":[{"embeddable":true,"href":"https:\/\/arduxop.com.br\/loja\/wp-json\/wp\/v2\/media\/17022"}],"wp:attachment":[{"href":"https:\/\/arduxop.com.br\/loja\/wp-json\/wp\/v2\/media?parent=17020"}],"wp:term":[{"taxonomy":"product_brand","embeddable":true,"href":"https:\/\/arduxop.com.br\/loja\/wp-json\/wp\/v2\/product_brand?post=17020"},{"taxonomy":"product_cat","embeddable":true,"href":"https:\/\/arduxop.com.br\/loja\/wp-json\/wp\/v2\/product_cat?post=17020"},{"taxonomy":"product_tag","embeddable":true,"href":"https:\/\/arduxop.com.br\/loja\/wp-json\/wp\/v2\/product_tag?post=17020"}],"curies":[{"name":"wp","href":"https:\/\/api.w.org\/{rel}","templated":true}]}}