{"id":16993,"date":"2021-08-02T14:35:57","date_gmt":"2021-08-02T17:35:57","guid":{"rendered":"https:\/\/arduxop.com.br\/loja\/?post_type=product&#038;p=16993"},"modified":"2024-11-07T16:51:39","modified_gmt":"2024-11-07T20:51:39","slug":"sensor-de-nivelamento-indutivo-npn","status":"publish","type":"product","link":"https:\/\/arduxop.com.br\/loja\/produto\/sensor-de-nivelamento-indutivo-npn\/","title":{"rendered":"Sensor De Nivelamento Indutivo Npn"},"content":{"rendered":"<p>Sensor de Nivelamento Indutivo NPN PL-08N NO 3D Printer<\/p>\n<p>O Sensor de Nivelamento Indutivo NPN PL-08N NO 3D Printer \u00e9 um sensor indutivo muito utilizado em impressoras 3D como sensor de nivelamento de mesa aquecida.<\/p>\n<p>Amplamente utilizado na ind\u00fastria de controle autom\u00e1tico para a detec\u00e7\u00e3o de proximidade de um componente, controle de m\u00e1quinas, esteiras autom\u00e1ticas, interruptor sem contato, m\u00e1quinas de contar pe\u00e7as, medir velocidade, detectar materiais de baixa resist\u00eancia mec\u00e2nica, entre muitas outras aplica\u00e7\u00f5es<\/p>\n<p>&nbsp;<\/p>\n<p>Especifica\u00e7\u00f5es T\u00e9cnicas:<br \/>\nSensor de Nivelamento Indutivo NPN PL-08N NO 3D Printer &#8211; Datasheet<br \/>\nModelo: PL-08N<br \/>\nMarca: OEM<br \/>\nA Polaridade do fio 3: Detec\u00e7\u00e3o NPN &#8211; NO (Normally Opened)<br \/>\nTens\u00e3o: DC 6V ~ 36V<br \/>\nDist\u00e2ncia de detec\u00e7\u00e3o: 8mm +\/- 10%<br \/>\nSa\u00edda: NO (Normally Opened) Normalmente Aberto<br \/>\nLED indicador de funcionamento<br \/>\nCorrente de sa\u00edda: 150mA<br \/>\nResposta de Frequ\u00eancia: 0.8KHz<br \/>\nTemperatura de Opera\u00e7\u00e3o: -20 \u00b0 C a + 80 \u00b0 C (N\u00e3o-congelamento)<br \/>\nGrau de prote\u00e7\u00e3o: IP67<br \/>\nConex\u00e3o: 3 fios (Marrom &#8211; VCC \/ Azul &#8211; GND \/ Preto &#8211; OUT)<br \/>\nComprimento do fio: 1m<br \/>\nComposi\u00e7\u00e3o: Metal, Pl\u00e1stico, Componentes Eletr\u00f4nicos<br \/>\nTamanho: 18mm Largura x 35mm de Comprimento x 18mm de Altura<br \/>\nPeso: 50g<\/p>\n<p>Conte\u00fado da Embalagem:<br \/>\n01 &#8211; Sensor de Nivelamento Indutivo NPN PL-08N NA 3D Printer<\/p>\n","protected":false},"excerpt":{"rendered":"<p class=\"ui-pdp-title\">Sensor De Nivelamento Indutivo Npn Pl-08n No 3d Printer<\/p>\n","protected":false},"featured_media":16996,"template":"","meta":[],"product_brand":[],"product_cat":[437,178],"product_tag":[],"class_list":{"0":"post-16993","1":"product","2":"type-product","3":"status-publish","4":"has-post-thumbnail","6":"product_cat-impressao-3d","7":"product_cat-sensores","9":"entry","10":"has-media","12":"first","13":"instock","14":"shipping-taxable","15":"purchasable","16":"product-type-simple","17":"has-product-nav","18":"col","19":"span_1_of_3","20":"owp-content-center","21":"owp-thumbs-layout-horizontal","22":"owp-btn-normal","23":"owp-tabs-layout-horizontal"},"_links":{"self":[{"href":"https:\/\/arduxop.com.br\/loja\/wp-json\/wp\/v2\/product\/16993","targetHints":{"allow":["GET"]}}],"collection":[{"href":"https:\/\/arduxop.com.br\/loja\/wp-json\/wp\/v2\/product"}],"about":[{"href":"https:\/\/arduxop.com.br\/loja\/wp-json\/wp\/v2\/types\/product"}],"wp:featuredmedia":[{"embeddable":true,"href":"https:\/\/arduxop.com.br\/loja\/wp-json\/wp\/v2\/media\/16996"}],"wp:attachment":[{"href":"https:\/\/arduxop.com.br\/loja\/wp-json\/wp\/v2\/media?parent=16993"}],"wp:term":[{"taxonomy":"product_brand","embeddable":true,"href":"https:\/\/arduxop.com.br\/loja\/wp-json\/wp\/v2\/product_brand?post=16993"},{"taxonomy":"product_cat","embeddable":true,"href":"https:\/\/arduxop.com.br\/loja\/wp-json\/wp\/v2\/product_cat?post=16993"},{"taxonomy":"product_tag","embeddable":true,"href":"https:\/\/arduxop.com.br\/loja\/wp-json\/wp\/v2\/product_tag?post=16993"}],"curies":[{"name":"wp","href":"https:\/\/api.w.org\/{rel}","templated":true}]}}