{"id":1694,"date":"2018-01-16T11:27:20","date_gmt":"2018-01-16T13:27:20","guid":{"rendered":"https:\/\/arduxop.com.br\/loja\/produto\/modulo-para-teste-de-servo-motores-servo-tester\/"},"modified":"2024-07-25T07:57:19","modified_gmt":"2024-07-25T11:57:19","slug":"modulo-para-teste-de-servo-motores-servo-tester","status":"publish","type":"product","link":"https:\/\/arduxop.com.br\/loja\/produto\/modulo-para-teste-de-servo-motores-servo-tester\/","title":{"rendered":"Teste De Servo Motores"},"content":{"rendered":"<p>CCPM Servo Consistency Master \/ Servo tester.<br \/>\nPode  ser usado como gerador de sinais para ESC Electric Speed Controller,  para testar um sistema motorizado sem um transmissor\/receptor 3 modos para testar SERVOS ou ESC: modo Manual: gire o bot\u00e3o para obter diferentes velocidades e verifique o tempo de rea\u00e7\u00e3o.<br \/>\nModo neutro: faz o servo voltar ao ponto neutro<br \/>\nModo automatico (window wiper): Faz o servo trabalhar como um limpador de parabrisas, indo e voltando em seu maior \u00e2ngulo<br \/>\nPOde conectar at\u00e9 3 servos ao mesmo tempo, testando os 3 de uma vez Pode conectar at\u00e9 3 ESC e comparar o tempo de rea\u00e7\u00e3o.<br \/>\nPode conectar at\u00e9 3 servos de helic\u00f3ptero CCPM e selecionar os servos.<br \/>\nPode conectar os servos num aeromodelo e ajust\u00e1-los usando o modo Neutro.<br \/>\nVoltagem de trabalho: entre 4,8v e 6v DC. Tamanho: 4cm x 3.1cm x 2.2cm. \u00a0<\/p>\n","protected":false},"excerpt":{"rendered":"<p>Modulo Para Teste De Servo Motores Servo Tester<\/p>\n","protected":false},"featured_media":1695,"template":"","meta":[],"product_brand":[],"product_cat":[42,192],"product_tag":[],"class_list":{"0":"post-1694","1":"product","2":"type-product","3":"status-publish","4":"has-post-thumbnail","6":"product_cat-aeromodelos","7":"product_cat-servos","9":"entry","10":"has-media","12":"first","13":"instock","14":"sale","15":"purchasable","16":"product-type-simple","17":"has-product-nav","18":"col","19":"span_1_of_3","20":"owp-content-center","21":"owp-thumbs-layout-horizontal","22":"owp-btn-normal","23":"owp-tabs-layout-horizontal"},"_links":{"self":[{"href":"https:\/\/arduxop.com.br\/loja\/wp-json\/wp\/v2\/product\/1694","targetHints":{"allow":["GET"]}}],"collection":[{"href":"https:\/\/arduxop.com.br\/loja\/wp-json\/wp\/v2\/product"}],"about":[{"href":"https:\/\/arduxop.com.br\/loja\/wp-json\/wp\/v2\/types\/product"}],"wp:featuredmedia":[{"embeddable":true,"href":"https:\/\/arduxop.com.br\/loja\/wp-json\/wp\/v2\/media\/1695"}],"wp:attachment":[{"href":"https:\/\/arduxop.com.br\/loja\/wp-json\/wp\/v2\/media?parent=1694"}],"wp:term":[{"taxonomy":"product_brand","embeddable":true,"href":"https:\/\/arduxop.com.br\/loja\/wp-json\/wp\/v2\/product_brand?post=1694"},{"taxonomy":"product_cat","embeddable":true,"href":"https:\/\/arduxop.com.br\/loja\/wp-json\/wp\/v2\/product_cat?post=1694"},{"taxonomy":"product_tag","embeddable":true,"href":"https:\/\/arduxop.com.br\/loja\/wp-json\/wp\/v2\/product_tag?post=1694"}],"curies":[{"name":"wp","href":"https:\/\/api.w.org\/{rel}","templated":true}]}}