{"id":16910,"date":"2021-07-09T14:33:27","date_gmt":"2021-07-09T18:33:27","guid":{"rendered":"https:\/\/arduxop.com.br\/loja\/?post_type=product&#038;p=16910"},"modified":"2025-02-03T09:21:21","modified_gmt":"2025-02-03T13:21:21","slug":"modulo-esp32-wifi-bluetooth","status":"publish","type":"product","link":"https:\/\/arduxop.com.br\/loja\/produto\/modulo-esp32-wifi-bluetooth\/","title":{"rendered":"M\u00f3dulo Esp32 Wifi Bluetooth"},"content":{"rendered":"<p>O m\u00f3dulo ESP32 \u00e9 um m\u00f3dulo de alta performance para aplica\u00e7\u00f5es envolvendo wifi, contando com um baix\u00edssimo consumo de energia. \u00c9 uma evolu\u00e7\u00e3o do j\u00e1 conhecido ESP8266, com maior poder de processamento e bluetooth BLE 4.2 embutido.<\/p>\n<p>Na placa temos o chip ESP32 com antena embutida, uma interface usb-serial e regulador de tens\u00e3o 3.3V. A programa\u00e7\u00e3o pode ser feita em LUA ou usando a IDE do Arduino atrav\u00e9s de um cabo micro-usb.<\/p>\n<p>Com 4 MB de mem\u00f3ria flash, o ESP32 permite criar variadas aplica\u00e7\u00f5es para projetos de IoT, acesso remoto, webservers e dataloggers, entre outros.<\/p>\n<p>Especifica\u00e7\u00f5es:<br \/>\n&#8211; ESP32 (datasheet)<br \/>\n&#8211; CPU: Xtensa\u00ae Dual-Core 32-bit LX6<br \/>\n&#8211; ROM: 448 KBytes<br \/>\n&#8211; RAM: 520 Kbytes<br \/>\n&#8211; Flash: 4 MB<br \/>\n&#8211; Clock m\u00e1ximo: 240MHz<br \/>\n&#8211; Wireless padr\u00e3o 802.11 b\/g\/n<br \/>\n&#8211; Conex\u00e3o Wifi 2.4Ghz (m\u00e1ximo de 150 Mbps)<br \/>\n&#8211; Antena embutida<br \/>\n&#8211; Conector micro-usb<br \/>\n&#8211; Wi-Fi Direct (P2P), P2P Discovery, P2P Group Owner mode e P2P Power Management<br \/>\n&#8211; Modos de opera\u00e7\u00e3o: STA\/AP\/STA+AP<br \/>\n&#8211; Bluetooth BLE 4.2<br \/>\n&#8211; Portas GPIO: 11<br \/>\n&#8211; GPIO com fun\u00e7\u00f5es de PWM, I2C, SPI, etc<br \/>\n&#8211; Tens\u00e3o de opera\u00e7\u00e3o: 4,5 ~ 9V<br \/>\n&#8211; Taxa de transfer\u00eancia: 110-460800bps<br \/>\n&#8211; Suporta Upgrade remoto de firmware<br \/>\n&#8211; Conversor anal\u00f3gico digital (ADC)<br \/>\n&#8211; Dist\u00e2ncia entre pinos: 2,54mm<br \/>\n&#8211; Dimens\u00f5es: 49 x 25,5 x 7 mm<\/p>\n","protected":false},"excerpt":{"rendered":"<p>O m\u00f3dulo ESP32 \u00e9 um m\u00f3dulo de alta performance para aplica\u00e7\u00f5es envolvendo wifi, contando com um baix\u00edssimo consumo de energia. \u00c9 uma evolu\u00e7\u00e3o do j\u00e1 conhecido ESP8266, com maior poder de processamento e bluetooth BLE 4.2 embutido. Na placa temos o chip ESP32 com antena embutida, uma interface usb-serial e regulador de tens\u00e3o 3.3V. A [&hellip;]<\/p>\n","protected":false},"featured_media":2255,"template":"","meta":[],"product_brand":[],"product_cat":[210,175,180],"product_tag":[279,293,276,292,278],"class_list":{"0":"post-16910","1":"product","2":"type-product","3":"status-publish","4":"has-post-thumbnail","6":"product_cat-comunicacoes","7":"product_cat-placas","8":"product_cat-wifi","9":"product_tag-802-11","10":"product_tag-esp32","11":"product_tag-esp8266","12":"product_tag-nodemcu","13":"product_tag-wifi","15":"entry","16":"has-media","18":"first","19":"instock","20":"shipping-taxable","21":"purchasable","22":"product-type-simple","23":"has-product-nav","24":"col","25":"span_1_of_3","26":"owp-content-center","27":"owp-thumbs-layout-horizontal","28":"owp-btn-normal","29":"owp-tabs-layout-horizontal"},"_links":{"self":[{"href":"https:\/\/arduxop.com.br\/loja\/wp-json\/wp\/v2\/product\/16910","targetHints":{"allow":["GET"]}}],"collection":[{"href":"https:\/\/arduxop.com.br\/loja\/wp-json\/wp\/v2\/product"}],"about":[{"href":"https:\/\/arduxop.com.br\/loja\/wp-json\/wp\/v2\/types\/product"}],"wp:featuredmedia":[{"embeddable":true,"href":"https:\/\/arduxop.com.br\/loja\/wp-json\/wp\/v2\/media\/2255"}],"wp:attachment":[{"href":"https:\/\/arduxop.com.br\/loja\/wp-json\/wp\/v2\/media?parent=16910"}],"wp:term":[{"taxonomy":"product_brand","embeddable":true,"href":"https:\/\/arduxop.com.br\/loja\/wp-json\/wp\/v2\/product_brand?post=16910"},{"taxonomy":"product_cat","embeddable":true,"href":"https:\/\/arduxop.com.br\/loja\/wp-json\/wp\/v2\/product_cat?post=16910"},{"taxonomy":"product_tag","embeddable":true,"href":"https:\/\/arduxop.com.br\/loja\/wp-json\/wp\/v2\/product_tag?post=16910"}],"curies":[{"name":"wp","href":"https:\/\/api.w.org\/{rel}","templated":true}]}}