{"id":1691,"date":"2018-01-16T11:27:20","date_gmt":"2018-01-16T13:27:20","guid":{"rendered":"https:\/\/arduxop.com.br\/loja\/produto\/sensor-de-temperatura-e-umidade-am2302-dht22\/"},"modified":"2024-07-25T07:57:19","modified_gmt":"2024-07-25T11:57:19","slug":"sensor-de-temperatura-e-umidade-am2302-dht22","status":"publish","type":"product","link":"https:\/\/arduxop.com.br\/loja\/produto\/sensor-de-temperatura-e-umidade-am2302-dht22\/","title":{"rendered":"Sensor De Temperatura E Umidade Am2302 Dht22"},"content":{"rendered":"<p>O AM2302 \u00e9 um sensor de temperatura e umidade que permite fazer leituras de temperaturas entre -40 a +80 graus Celsius e umidade entre 0 a 100%, sendo muito f\u00e1cil de usar com Arduino, Raspberry e outros microcontroladores, pois possui apenas 1 pino com sa\u00edda digital.<\/p>\n<p>O DHT22\/AM2302 \u00e9 formado por um sensor de umidade capacitivo e um termistor para medir o ar ao redor, enviando no pino de dados um sinal digital, sem a necessidade de utiliza\u00e7\u00e3o de pinos anal\u00f3gicos.<\/p>\n<p>Dados t\u00e9cnicos:<\/p>\n<p>* Modelo: DHT22\/AM2302<br \/>\n* Tens\u00e3o de opera\u00e7\u00e3o: 5V DC<br \/>\n* Faixa de medi\u00e7\u00e3o de umidade: 0 a 100% UR<br \/>\n* Faixa de medi\u00e7\u00e3o de temperatura: -40\u00ba a +80\u00baC<br \/>\n* Corrente: 2,5mA max durante uso, em stand by de 100uA a 150 uA<br \/>\n* Precis\u00e3o de umidade de medi\u00e7\u00e3o: \u00b1 2,0% UR<br \/>\n* Precis\u00e3o de medi\u00e7\u00e3o de temperatura: \u00b1 0,5 \u00baC<br \/>\n* Resolu\u00e7\u00e3o: 0,1<br \/>\n* Tempo de resposta: 2s<br \/>\n* Dimens\u00f5es: 25 x 15 7mm (sem terminais)<\/p>\n<p>&nbsp;<\/p>\n","protected":false},"excerpt":{"rendered":"<p>O AM2302 \u00e9 um sensor de temperatura e umidade que permite fazer leituras de temperaturas entre -40 a +80 graus Celsius e umidade entre 0 a 100%, sendo muito f\u00e1cil de usar com Arduino, Raspberry e outros microcontroladores, pois possui apenas 1 pino com sa\u00edda digital. O DHT22\/AM2302 \u00e9 formado por um sensor de umidade [&hellip;]<\/p>\n","protected":false},"featured_media":1692,"template":"","meta":[],"product_brand":[],"product_cat":[178],"product_tag":[],"class_list":{"0":"post-1691","1":"product","2":"type-product","3":"status-publish","4":"has-post-thumbnail","6":"product_cat-sensores","8":"entry","9":"has-media","11":"first","12":"outofstock","13":"purchasable","14":"product-type-simple","15":"has-product-nav","16":"col","17":"span_1_of_3","18":"owp-content-center","19":"owp-thumbs-layout-horizontal","20":"owp-btn-normal","21":"owp-tabs-layout-horizontal"},"_links":{"self":[{"href":"https:\/\/arduxop.com.br\/loja\/wp-json\/wp\/v2\/product\/1691","targetHints":{"allow":["GET"]}}],"collection":[{"href":"https:\/\/arduxop.com.br\/loja\/wp-json\/wp\/v2\/product"}],"about":[{"href":"https:\/\/arduxop.com.br\/loja\/wp-json\/wp\/v2\/types\/product"}],"wp:featuredmedia":[{"embeddable":true,"href":"https:\/\/arduxop.com.br\/loja\/wp-json\/wp\/v2\/media\/1692"}],"wp:attachment":[{"href":"https:\/\/arduxop.com.br\/loja\/wp-json\/wp\/v2\/media?parent=1691"}],"wp:term":[{"taxonomy":"product_brand","embeddable":true,"href":"https:\/\/arduxop.com.br\/loja\/wp-json\/wp\/v2\/product_brand?post=1691"},{"taxonomy":"product_cat","embeddable":true,"href":"https:\/\/arduxop.com.br\/loja\/wp-json\/wp\/v2\/product_cat?post=1691"},{"taxonomy":"product_tag","embeddable":true,"href":"https:\/\/arduxop.com.br\/loja\/wp-json\/wp\/v2\/product_tag?post=1691"}],"curies":[{"name":"wp","href":"https:\/\/api.w.org\/{rel}","templated":true}]}}