{"id":16908,"date":"2021-07-05T19:48:54","date_gmt":"2021-07-05T22:48:54","guid":{"rendered":"https:\/\/arduxop.com.br\/loja\/?post_type=product&#038;p=16908"},"modified":"2024-11-07T16:52:51","modified_gmt":"2024-11-07T20:52:51","slug":"mini-voltimetro-digital-de-0100v","status":"publish","type":"product","link":"https:\/\/arduxop.com.br\/loja\/produto\/mini-voltimetro-digital-de-0100v\/","title":{"rendered":"Mini Volt\u00edmetro Digital de 0~100V"},"content":{"rendered":"<p>Descri\u00e7\u00e3o:<\/p>\n<p>O volt\u00edmetro \u00e9 um aparelho que realiza medi\u00e7\u00f5es de tens\u00e3o el\u00e9trica em um circuito. Ele exibe essas medi\u00e7\u00f5es, por meio de um mostrador digital, de LED. A unidade apresentada \u00e9 em volts. Aconselh\u00e1vel a utiliza\u00e7\u00e3o em baterias de carros e motos, e tamb\u00e9m em circuitos el\u00e9tricos e eletr\u00f4nicos como prot\u00f3tipos criados em PIC ou Arduino.<\/p>\n<p>Especifica\u00e7\u00f5es:\u00a0\u00a0\u00a0 Faixa de medi\u00e7\u00e3o: 0v~100V\u00a0\u00a0\u00a0 Tens\u00e3o de alimenta\u00e7\u00e3o: 5~12V\u00a0\u00a0\u00a0 Cor dos Leds: Vermelha\u00a0\u00a0\u00a0 Tamanho: 2.2cm x 1.4cm x 1cm\u00a0\u00a0\u00a0 3 Fios: GND (preto), VCC (vermelho) e Tens\u00e3o a ser medida &#8211; Remote (branco)<\/p>\n","protected":false},"excerpt":{"rendered":"<p>Descri\u00e7\u00e3o: O volt\u00edmetro \u00e9 um aparelho que realiza medi\u00e7\u00f5es de tens\u00e3o el\u00e9trica em um circuito. Ele exibe essas medi\u00e7\u00f5es, por meio de um mostrador digital, de LED. A unidade apresentada \u00e9 em volts. Aconselh\u00e1vel a utiliza\u00e7\u00e3o em baterias de carros e motos, e tamb\u00e9m em circuitos el\u00e9tricos e eletr\u00f4nicos como prot\u00f3tipos criados em PIC ou [&hellip;]<\/p>\n","protected":false},"featured_media":1946,"template":"","meta":[],"product_brand":[],"product_cat":[185,186,196,197],"product_tag":[],"class_list":{"0":"post-16908","1":"product","2":"type-product","3":"status-publish","4":"has-post-thumbnail","6":"product_cat-fontes","7":"product_cat-leds","8":"product_cat-medidores","9":"product_cat-volt-amperes","11":"entry","12":"has-media","14":"first","15":"instock","16":"sold-individually","17":"purchasable","18":"product-type-simple","19":"has-product-nav","20":"col","21":"span_1_of_3","22":"owp-content-center","23":"owp-thumbs-layout-horizontal","24":"owp-btn-normal","25":"owp-tabs-layout-horizontal"},"_links":{"self":[{"href":"https:\/\/arduxop.com.br\/loja\/wp-json\/wp\/v2\/product\/16908","targetHints":{"allow":["GET"]}}],"collection":[{"href":"https:\/\/arduxop.com.br\/loja\/wp-json\/wp\/v2\/product"}],"about":[{"href":"https:\/\/arduxop.com.br\/loja\/wp-json\/wp\/v2\/types\/product"}],"wp:featuredmedia":[{"embeddable":true,"href":"https:\/\/arduxop.com.br\/loja\/wp-json\/wp\/v2\/media\/1946"}],"wp:attachment":[{"href":"https:\/\/arduxop.com.br\/loja\/wp-json\/wp\/v2\/media?parent=16908"}],"wp:term":[{"taxonomy":"product_brand","embeddable":true,"href":"https:\/\/arduxop.com.br\/loja\/wp-json\/wp\/v2\/product_brand?post=16908"},{"taxonomy":"product_cat","embeddable":true,"href":"https:\/\/arduxop.com.br\/loja\/wp-json\/wp\/v2\/product_cat?post=16908"},{"taxonomy":"product_tag","embeddable":true,"href":"https:\/\/arduxop.com.br\/loja\/wp-json\/wp\/v2\/product_tag?post=16908"}],"curies":[{"name":"wp","href":"https:\/\/api.w.org\/{rel}","templated":true}]}}