{"id":1666,"date":"2018-01-16T11:27:20","date_gmt":"2018-01-16T13:27:20","guid":{"rendered":"https:\/\/arduxop.com.br\/loja\/produto\/modulo-display-matriz-de-led-8x8-c-max7219-codigo-arduino\/"},"modified":"2024-07-25T07:57:17","modified_gmt":"2024-07-25T11:57:17","slug":"modulo-display-matriz-de-led-8x8-c-max7219-codigo-arduino","status":"publish","type":"product","link":"https:\/\/arduxop.com.br\/loja\/produto\/modulo-display-matriz-de-led-8x8-c-max7219-codigo-arduino\/","title":{"rendered":"M\u00f3dulo Display Matriz De Led 8&#215;8 C\/ Max7219 + C\u00f3digo Arduino"},"content":{"rendered":"<div class=\"item-description__html-text\">\n<p>Muitas vezes ter toda\u00a0a eletr\u00f4nica em um s\u00f3 lugar pode facilitar a sua vida e este m\u00f3dulo faz exatamente isso. Este m\u00f3dulo de matriz de LED \u00e9 capaz de controlar 8&#215;8 LEDs simultaneamente.<\/p>\n<p><strong>Especifica\u00e7\u00f5es:<\/strong><br \/>\n&#8211; Tens\u00e3o de opera\u00e7\u00e3o: 5V<br \/>\n&#8211; Cor LED: Vermelha<br \/>\n&#8211; 4 furos para fixa\u00e7\u00e3o<br \/>\n&#8211; Dimens\u00f5es: 5,0 x 3,2 x 1,5cm<br \/>\n&#8211; Comprimento cabo: 20cm<\/p>\n<\/div>\n","protected":false},"excerpt":{"rendered":"<p>Muitas vezes ter toda\u00a0a eletr\u00f4nica em um s\u00f3 lugar pode facilitar a sua vida e este m\u00f3dulo faz exatamente isso. Este m\u00f3dulo de matriz de LED \u00e9 capaz de controlar 8&#215;8 LEDs simultaneamente. Especifica\u00e7\u00f5es: &#8211; Tens\u00e3o de opera\u00e7\u00e3o: 5V &#8211; Cor LED: Vermelha &#8211; 4 furos para fixa\u00e7\u00e3o &#8211; Dimens\u00f5es: 5,0 x 3,2 x 1,5cm [&hellip;]<\/p>\n","protected":false},"featured_media":1667,"template":"","meta":[],"product_brand":[],"product_cat":[183,234],"product_tag":[],"class_list":{"0":"post-1666","1":"product","2":"type-product","3":"status-publish","4":"has-post-thumbnail","6":"product_cat-displays","7":"product_cat-led","9":"entry","10":"has-media","12":"first","13":"instock","14":"purchasable","15":"product-type-simple","16":"has-product-nav","17":"col","18":"span_1_of_3","19":"owp-content-center","20":"owp-thumbs-layout-horizontal","21":"owp-btn-normal","22":"owp-tabs-layout-horizontal"},"_links":{"self":[{"href":"https:\/\/arduxop.com.br\/loja\/wp-json\/wp\/v2\/product\/1666","targetHints":{"allow":["GET"]}}],"collection":[{"href":"https:\/\/arduxop.com.br\/loja\/wp-json\/wp\/v2\/product"}],"about":[{"href":"https:\/\/arduxop.com.br\/loja\/wp-json\/wp\/v2\/types\/product"}],"wp:featuredmedia":[{"embeddable":true,"href":"https:\/\/arduxop.com.br\/loja\/wp-json\/wp\/v2\/media\/1667"}],"wp:attachment":[{"href":"https:\/\/arduxop.com.br\/loja\/wp-json\/wp\/v2\/media?parent=1666"}],"wp:term":[{"taxonomy":"product_brand","embeddable":true,"href":"https:\/\/arduxop.com.br\/loja\/wp-json\/wp\/v2\/product_brand?post=1666"},{"taxonomy":"product_cat","embeddable":true,"href":"https:\/\/arduxop.com.br\/loja\/wp-json\/wp\/v2\/product_cat?post=1666"},{"taxonomy":"product_tag","embeddable":true,"href":"https:\/\/arduxop.com.br\/loja\/wp-json\/wp\/v2\/product_tag?post=1666"}],"curies":[{"name":"wp","href":"https:\/\/api.w.org\/{rel}","templated":true}]}}