{"id":1658,"date":"2018-01-16T11:27:20","date_gmt":"2018-01-16T13:27:20","guid":{"rendered":"https:\/\/arduxop.com.br\/loja\/produto\/servo-motor-mg996-alto-torque\/"},"modified":"2024-07-25T07:57:16","modified_gmt":"2024-07-25T11:57:16","slug":"servo-motor-mg996-alto-torque","status":"publish","type":"product","link":"https:\/\/arduxop.com.br\/loja\/produto\/servo-motor-mg996-alto-torque\/","title":{"rendered":"Servo Motor Mg995 (alto Torque)"},"content":{"rendered":"<p>Servo Motor MG996 possui engrenagens de metal Caracter\u00edsticas Peso:\u00a055gVelocidade de opera\u00e7\u00e3o:\u00a00,17sec \/ 60 graus (4,8V sem carga)Velocidade de opera\u00e7\u00e3o:\u00a00,13sec \/ 60 graus (6,0V sem carga)Torque Stall:\u00a013 kg cm (180,5 oz-in) em 4.8VTorque Stall:\u00a015 kg-cm (208,3 oz-in) em 6VTens\u00e3o da opera\u00e7\u00e3o:\u00a04,8 \u2013 7,2VoltsFio Conector:\u00a0Heavy Duty, 11,81 &#8220;(300mm) \u00a0Dimens\u00e3o:\u00a040mm x 19mm x 43 mil\u00edmetros<\/p>\n","protected":false},"excerpt":{"rendered":"<p>Servo Motor MG996 possui engrenagens de metal Caracter\u00edsticas Peso:\u00a055gVelocidade de opera\u00e7\u00e3o:\u00a00,17sec \/ 60 graus (4,8V sem carga)Velocidade de opera\u00e7\u00e3o:\u00a00,13sec \/ 60 graus (6,0V sem carga)Torque Stall:\u00a013 kg cm (180,5 oz-in) em 4.8VTorque Stall:\u00a015 kg-cm (208,3 oz-in) em 6VTens\u00e3o da opera\u00e7\u00e3o:\u00a04,8 \u2013 7,2VoltsFio Conector:\u00a0Heavy Duty, 11,81 &#8220;(300mm) \u00a0Dimens\u00e3o:\u00a040mm x 19mm x 43 mil\u00edmetros<\/p>\n","protected":false},"featured_media":1659,"template":"","meta":[],"product_brand":[],"product_cat":[192],"product_tag":[],"class_list":{"0":"post-1658","1":"product","2":"type-product","3":"status-publish","4":"has-post-thumbnail","6":"product_cat-servos","8":"entry","9":"has-media","11":"first","12":"outofstock","13":"sold-individually","14":"purchasable","15":"product-type-simple","16":"has-product-nav","17":"col","18":"span_1_of_3","19":"owp-content-center","20":"owp-thumbs-layout-horizontal","21":"owp-btn-normal","22":"owp-tabs-layout-horizontal"},"_links":{"self":[{"href":"https:\/\/arduxop.com.br\/loja\/wp-json\/wp\/v2\/product\/1658","targetHints":{"allow":["GET"]}}],"collection":[{"href":"https:\/\/arduxop.com.br\/loja\/wp-json\/wp\/v2\/product"}],"about":[{"href":"https:\/\/arduxop.com.br\/loja\/wp-json\/wp\/v2\/types\/product"}],"wp:featuredmedia":[{"embeddable":true,"href":"https:\/\/arduxop.com.br\/loja\/wp-json\/wp\/v2\/media\/1659"}],"wp:attachment":[{"href":"https:\/\/arduxop.com.br\/loja\/wp-json\/wp\/v2\/media?parent=1658"}],"wp:term":[{"taxonomy":"product_brand","embeddable":true,"href":"https:\/\/arduxop.com.br\/loja\/wp-json\/wp\/v2\/product_brand?post=1658"},{"taxonomy":"product_cat","embeddable":true,"href":"https:\/\/arduxop.com.br\/loja\/wp-json\/wp\/v2\/product_cat?post=1658"},{"taxonomy":"product_tag","embeddable":true,"href":"https:\/\/arduxop.com.br\/loja\/wp-json\/wp\/v2\/product_tag?post=1658"}],"curies":[{"name":"wp","href":"https:\/\/api.w.org\/{rel}","templated":true}]}}