{"id":16570,"date":"2021-03-12T11:30:58","date_gmt":"2021-03-12T14:30:58","guid":{"rendered":"https:\/\/arduxop.com.br\/loja\/?post_type=product&#038;p=16570"},"modified":"2024-07-25T07:54:39","modified_gmt":"2024-07-25T11:54:39","slug":"qbit-microbit-robo-kit","status":"publish","type":"product","link":"https:\/\/arduxop.com.br\/loja\/produto\/qbit-microbit-robo-kit\/","title":{"rendered":"QBIT &#8211; MICRO:BIT rob\u00f4 kit"},"content":{"rendered":"<div>\n<div class=\"product-overview\">\n<div id=\"product-description\" class=\"product-description\" data-spm=\"1000023\">\n<div class=\"origin-part box-sizing\">\n<p><b><span data-spm-anchor-id=\"a2g0o.detail.1000023.i0.4abfbf2cuxwSb0\">MICRO:BIT rob\u00f4 kit program\u00e1vel rob\u00f4 rc carro app controle web programa gr\u00e1fico<\/span><\/b><\/p>\n<p>Par\u00e2metros:<br \/>\n-Software de programa\u00e7\u00e3o: micro:bit (scratch\/javascript) url: https:\/\/makecode.microbit.org<br \/>\n-Entrada: sensor ultrass\u00f4nico, sensor de preven\u00e7\u00e3o de obst\u00e1culos infravermelho, sensor de cor, bot\u00e3o,<br \/>\nB\u00fassola eletr\u00f4nica, sensor de temperatura, sensor de som<br \/>\n-Sa\u00edda: buzzer, luzes rgb, duas interfaces do motor, cinco x cinco matriz de pontos led, duas interfaces de expans\u00e3o<br \/>\n-Interface de comunica\u00e7\u00e3o: usb, bluetooth<br \/>\n-Controlador: micro: bit<br \/>\n-Fonte de alimenta\u00e7\u00e3o: bateria de l\u00edtio 3.7v<br \/>\n-Maneira de carregamento: carregamento usb em linha (interface usb na placa inferior)<br \/>\nDura\u00e7\u00e3o: 60 min<br \/>\n-Tamanho do produto: 100x55x100mm<br \/>\n-Tamanho do pacote: 218x156x55mm<br \/>\n-Peso do produto: 158g<\/p>\n<p><u><b>Pacote Inclui:<\/b><\/u><\/p>\n<p>-1 x Microprocessador MICRO:BIT<br \/>\n-1 x placa superior qbit<br \/>\n-1 x placa inferior qbit<br \/>\n-1 x qbit sensor ultrass\u00f4nico<br \/>\n-1 x cabo qbit<br \/>\n-1 x cabo usb<br \/>\n-1 x Chave De Fenda<br \/>\n-Colunas de cobre &amp; parafusos &amp; porcas<\/p>\n<p class=\"responsive-video-wrap clr\"><iframe title=\"Qbit Micro:bit Education\" width=\"1200\" height=\"675\" src=\"https:\/\/www.youtube.com\/embed\/Fm2f0IecHhc?feature=oembed\" frameborder=\"0\" allow=\"accelerometer; autoplay; clipboard-write; encrypted-media; gyroscope; picture-in-picture\" allowfullscreen><\/iframe><\/p>\n<hr \/>\n<p><u><b><\/b><\/u><img decoding=\"async\" src=\"https:\/\/ae01.alicdn.com\/kf\/HTB1os3JKkyWBuNjy0Fpq6yssXXaX.jpg\" alt=\"59230-02\" \/><img decoding=\"async\" src=\"https:\/\/ae01.alicdn.com\/kf\/HTB1Mcr3BZuYBuNkSmRyq6AA3pXaJ.jpg\" alt=\"111111\" \/><img decoding=\"async\" src=\"https:\/\/ae01.alicdn.com\/kf\/HTB1OWDmKXmWBuNjSspdq6zugXXaW.jpg\" alt=\"59230-03\" \/><img decoding=\"async\" src=\"https:\/\/ae01.alicdn.com\/kf\/HTB1hxSCdi6guuRkSmLyq6AulFXaV.jpg\" alt=\"59230-04\" \/><img decoding=\"async\" src=\"https:\/\/ae01.alicdn.com\/kf\/HTB1hy.tvrZnBKNjSZFGq6zt3FXaj.jpg\" alt=\"59230-05\" \/><img decoding=\"async\" src=\"https:\/\/ae01.alicdn.com\/kf\/HTB1oyXYKrSYBuNjSspfq6AZCpXaJ.jpg\" alt=\"59230-06\" \/><img decoding=\"async\" src=\"https:\/\/ae01.alicdn.com\/kf\/HTB1_SBjvHArBKNjSZFLq6A_dVXay.jpg\" alt=\"59230-07\" \/><img decoding=\"async\" src=\"https:\/\/ae01.alicdn.com\/kf\/HTB1S5XYKrSYBuNjSspfq6AZCpXaK.jpg\" alt=\"59230-09\" \/><\/p>\n<p><img decoding=\"async\" src=\"https:\/\/ae01.alicdn.com\/kf\/HTB1lpFYKuySBuNjy1zdq6xPxFXaQ.jpg\" alt=\"1535968605-1\" \/><img decoding=\"async\" src=\"https:\/\/ae01.alicdn.com\/kf\/HTB1mUU0Kk9WBuNjSspeq6yz5VXaf.jpg\" alt=\"1535968606-2\" \/><img decoding=\"async\" src=\"https:\/\/ae01.alicdn.com\/kf\/HTB11O8VKr1YBuNjSszeq6yblFXaB.jpg\" alt=\"1535968607-4\" \/><img decoding=\"async\" src=\"https:\/\/ae01.alicdn.com\/kf\/HTB1NvOydjrguuRjy0Feq6xcbFXaB.jpg\" alt=\"1535968608-5\" \/><\/p>\n<hr \/>\n<\/div>\n<\/div>\n<\/div>\n<\/div>\n<div data-spm=\"1000024\">\n<div id=\"feedback\" class=\"product-reviews\"><\/div>\n<\/div>\n<p class=\"responsive-video-wrap clr\"><iframe title=\"Hiwonder Qbit Educational Robot Car Unboxing\/Assembly\/Software\" width=\"1200\" height=\"675\" src=\"https:\/\/www.youtube.com\/embed\/uV9ctKIGAmQ?feature=oembed\" frameborder=\"0\" allow=\"accelerometer; autoplay; clipboard-write; encrypted-media; gyroscope; picture-in-picture\" allowfullscreen><\/iframe><\/p>\n","protected":false},"excerpt":{"rendered":"<p>MICRO:BIT rob\u00f4 kit program\u00e1vel rob\u00f4 rc carro app controle web programa gr\u00e1fico Par\u00e2metros: -Software de programa\u00e7\u00e3o: micro:bit (scratch\/javascript) url: https:\/\/makecode.microbit.org -Entrada: sensor ultrass\u00f4nico, sensor de preven\u00e7\u00e3o de obst\u00e1culos infravermelho, sensor de cor, bot\u00e3o, B\u00fassola eletr\u00f4nica, sensor de temperatura, sensor de som -Sa\u00edda: buzzer, luzes rgb, duas interfaces do motor, cinco x cinco matriz de pontos [&hellip;]<\/p>\n","protected":false},"featured_media":16580,"template":"","meta":[],"product_brand":[],"product_cat":[48,616,522,49,409],"product_tag":[],"class_list":{"0":"post-16570","1":"product","2":"type-product","3":"status-publish","4":"has-post-thumbnail","6":"product_cat-kits","7":"product_cat-microbit","8":"product_cat-microcontrolador-2","9":"product_cat-microprocessadores","10":"product_cat-robotica","12":"entry","13":"has-media","15":"first","16":"outofstock","17":"shipping-taxable","18":"purchasable","19":"product-type-simple","20":"has-product-nav","21":"col","22":"span_1_of_3","23":"owp-content-center","24":"owp-thumbs-layout-horizontal","25":"owp-btn-normal","26":"owp-tabs-layout-horizontal"},"_links":{"self":[{"href":"https:\/\/arduxop.com.br\/loja\/wp-json\/wp\/v2\/product\/16570","targetHints":{"allow":["GET"]}}],"collection":[{"href":"https:\/\/arduxop.com.br\/loja\/wp-json\/wp\/v2\/product"}],"about":[{"href":"https:\/\/arduxop.com.br\/loja\/wp-json\/wp\/v2\/types\/product"}],"wp:featuredmedia":[{"embeddable":true,"href":"https:\/\/arduxop.com.br\/loja\/wp-json\/wp\/v2\/media\/16580"}],"wp:attachment":[{"href":"https:\/\/arduxop.com.br\/loja\/wp-json\/wp\/v2\/media?parent=16570"}],"wp:term":[{"taxonomy":"product_brand","embeddable":true,"href":"https:\/\/arduxop.com.br\/loja\/wp-json\/wp\/v2\/product_brand?post=16570"},{"taxonomy":"product_cat","embeddable":true,"href":"https:\/\/arduxop.com.br\/loja\/wp-json\/wp\/v2\/product_cat?post=16570"},{"taxonomy":"product_tag","embeddable":true,"href":"https:\/\/arduxop.com.br\/loja\/wp-json\/wp\/v2\/product_tag?post=16570"}],"curies":[{"name":"wp","href":"https:\/\/api.w.org\/{rel}","templated":true}]}}