{"id":16562,"date":"2021-03-05T14:05:57","date_gmt":"2021-03-05T18:05:57","guid":{"rendered":"https:\/\/arduxop.com.br\/loja\/?post_type=product&#038;p=16562"},"modified":"2025-02-27T13:42:10","modified_gmt":"2025-02-27T17:42:10","slug":"bbc-microbit-v2","status":"publish","type":"product","link":"https:\/\/arduxop.com.br\/loja\/produto\/bbc-microbit-v2\/","title":{"rendered":"BBC micro:bit V2"},"content":{"rendered":"<section class=\"l-section wpb_row height_small\">\n<div class=\"l-section-h i-cf\">\n<div class=\"g-cols vc_row type_default valign_top\">\n<div class=\"vc_col-sm-8 wpb_column vc_column_container\">\n<div class=\"vc_column-inner\">\n<div class=\"wpb_wrapper\">\n<div class=\"w-post-elm post_image us_custom_70facfb4 stretched\"><img fetchpriority=\"high\" decoding=\"async\" class=\"attachment-us_850_510_crop size-us_850_510_crop wp-post-image lazyloaded\" src=\"https:\/\/www.embarcados.com.br\/wp-content\/uploads\/2020\/10\/microbit-v2-destaque-850x510.png\" alt=\"\" data-ll-status=\"loaded\" data-mce-src=\"https:\/\/www.embarcados.com.br\/wp-content\/uploads\/2020\/10\/microbit-v2-destaque-850x510.png\" width=\"850\" height=\"510\"><\/div>\n<div class=\"w-separator size_small\"><\/div>\n<div class=\"w-post-elm post_content\">\n<div id=\"ez-toc-container\" class=\"ez-toc-v2_0_16 counter-hierarchy\">\n<div class=\"ez-toc-title-container\">\n<p class=\"ez-toc-title\">\u00cdNDICE DE CONTE\u00daDO<\/p>\n<\/div>\n<\/div>\n<\/div>\n<\/div>\n<\/div>\n<\/div>\n<\/div>\n<\/div>\n<\/section>\n<div id=\"ez-toc-container\" class=\"ez-toc-v2_0_16 counter-hierarchy\"><\/div>\n<p>A funda\u00e7\u00e3o Micro:bit anunciou hoje uma nova vers\u00e3o da sua placa, a micro:bit V2. A nova placa manteve o footprint anterior, mas agora vem equipada com um microcontrolador ARM Cortex M4F e novos recursos.<\/p>\n<p>A seguir apresento todos os detalhes dessa nova vers\u00e3o de placa.<\/p>\n<h2 id=\"h-o-que-tem-de-novo-na-micro-bit-v2\"><span id=\"O-que-tem-de-novo-na-micro-bit-V2\" class=\"ez-toc-section\"><\/span><strong>O que tem de novo na\u00a0 micro:bit V2?<\/strong><\/h2>\n<p>Com mais de 5 milh\u00f5es de placas j\u00e1 vendidas em todo o mundo com seu design de 2015, j\u00e1 estava na hora de um upgrade na <a href=\"https:\/\/www.embarcados.com.br\/microbit\/\" data-wpel-link=\"internal\" data-mce-href=\"https:\/\/www.embarcados.com.br\/microbit\/\">placa micro:bit<\/a>. Mantendo o foco no mercado educacional, a nova vers\u00e3o da placa micro:bit vem agora com um SoC <strong>nRF52833<\/strong>, um ARM Cortex M4F, operando a 64 MHz e com 128KB de RAM, 512 KB de Flash e Bluetooth 5.1 LE.<\/p>\n<div class=\"wp-block-image\">\n<figure class=\"aligncenter size-large\"><img decoding=\"async\" class=\"wp-image-82581 lazyloaded\" src=\"https:\/\/www.embarcados.com.br\/wp-content\/uploads\/2020\/10\/1.png\" alt=\"micro:bit V2\" data-ll-status=\"loaded\" data-mce-src=\"https:\/\/www.embarcados.com.br\/wp-content\/uploads\/2020\/10\/1.png\" width=\"653\" height=\"284\"><\/figure>\n<\/div>\n<p>Mantendo o mesmo form factor, foram adicionados um microfone e tamb\u00e9m um buzzer, al\u00e9m de outras melhorias.<\/p>\n<p>Podemos j\u00e1 observar uma altera\u00e7\u00e3o mec\u00e2nica nos conectores para facilitar o uso de garras jacar\u00e9, assim, evitando curto circuito durante seu uso. Essa altera\u00e7\u00e3o no conector n\u00e3o impedir\u00e1 de usar a micro:bit V2 com conectores j\u00e1 presentes no mercados e usados com a micro:bit V1. As duas placas s\u00e3o pino a pino compat\u00edveis.<\/p>\n<div class=\"wp-block-image\">\n<figure class=\"aligncenter size-large is-resized\"><img decoding=\"async\" class=\"wp-image-82580 lazyloaded\" src=\"https:\/\/www.embarcados.com.br\/wp-content\/uploads\/2020\/10\/2-1024x768.png\" alt=\"micro:bit V2\" data-ll-status=\"loaded\" data-mce-src=\"https:\/\/www.embarcados.com.br\/wp-content\/uploads\/2020\/10\/2-1024x768.png\" width=\"489\" height=\"367\"><\/figure>\n<\/div>\n<p>Tamb\u00e9m foi adicionado um sensor touch abaixo do logo. O sensor touch capacitivo, feito no pr\u00f3prio design da PCB, poder\u00e1 ser usado como mais uma entrada para o usu\u00e1rio, al\u00e9m dos 2 bot\u00f5es mec\u00e2nicos.<\/p>\n<p>Al\u00e9m da altera\u00e7\u00e3o do microcontrolador principal, o microcontrolador respons\u00e1vel pela interface de programa\u00e7\u00e3o e comunica\u00e7\u00e3o USB foi alterado para o KL27Z. Esse MCU traz algumas melhorias na interface de programa\u00e7\u00e3o e tamb\u00e9m um regulador de 3,3V (usado para alimentar todo o circuito) com maior capacidade de corrente.<\/p>\n<p>Essas foram algumas caracter\u00edsticas que mais me chamaram a aten\u00e7\u00e3o no an\u00fancio da placa. Infelizmente o esquem\u00e1tico ainda n\u00e3o est\u00e1 dispon\u00edvel, mas podemos ver os detalhes da placa na imagem a seguir.<\/p>\n<figure class=\"wp-block-image size-large\"><img loading=\"lazy\" decoding=\"async\" class=\"wp-image-82579 lazyloaded\" src=\"https:\/\/www.embarcados.com.br\/wp-content\/uploads\/2020\/10\/3-1024x817.png\" alt=\"micro:bit V2\" data-ll-status=\"loaded\" data-mce-src=\"https:\/\/www.embarcados.com.br\/wp-content\/uploads\/2020\/10\/3-1024x817.png\" width=\"1024\" height=\"817\"><\/figure>\n<p>A vers\u00e3o anterior da placa micro:bit ainda ficar\u00e1 dispon\u00edvel e compat\u00edvel com as atualiza\u00e7\u00f5es de software (MakeCode, <a href=\"https:\/\/www.embarcados.com.br\/leitura-dos-botoes-da-microbit-com-micropython\/\" data-wpel-link=\"internal\" data-mce-href=\"https:\/\/www.embarcados.com.br\/leitura-dos-botoes-da-microbit-com-micropython\/\">Python<\/a>, e Scratch). Segundo a funda\u00e7\u00e3o, eles est\u00e3o trabalhando para manter a compatibilidade, por\u00e9m adicionando mais recursos de programa\u00e7\u00e3o, inclusive vir\u00e3o em breve (2021) aplica\u00e7\u00f5es de IA e ML.<\/p>\n<p>O nRF52833 permitir\u00e1 explorar mais aplica\u00e7\u00f5es, tanto pelo poder de processamento quanto pela capacidade de mem\u00f3rias integradas. Isso ajudar\u00e1 bastante na evolu\u00e7\u00e3o do projeto. Ele ainda possui suporte a NFC o que poder\u00e1 ser explorado no futuro em aplica\u00e7\u00f5es com a placa.<\/p>\n<p>Para manter a compatibilidade mec\u00e2nica, n\u00e3o houve um upgrade do conector micro USB para USB tipo C.<\/p>\n<figure class=\"wp-block-embed-youtube wp-block-embed is-type-video is-provider-youtube wp-embed-aspect-16-9 wp-has-aspect-ratio\">\n<div class=\"wp-block-embed__wrapper\">\n<div class=\"rll-youtube-player\" data-src=\"https:\/\/www.youtube.com\/embed\/pIUJ4kvJ_QU\" data-id=\"pIUJ4kvJ_QU\" data-query=\"feature=oembed\">\n<div data-id=\"pIUJ4kvJ_QU\" data-query=\"feature=oembed\" data-src=\"https:\/\/www.youtube.com\/embed\/pIUJ4kvJ_QU\">\n<p><p class=\"responsive-video-wrap clr\"><iframe title=\"Meet the latest BBC micro:bit\" width=\"1200\" height=\"675\" src=\"https:\/\/www.youtube.com\/embed\/pIUJ4kvJ_QU?feature=oembed\" frameborder=\"0\" allow=\"accelerometer; autoplay; clipboard-write; encrypted-media; gyroscope; picture-in-picture\" allowfullscreen><\/iframe><\/p>\n<\/p>\n<div class=\"play\"><\/div>\n<\/div>\n<\/div>\n<\/div>\n<\/figure>\n<p>Confira algumas aplica\u00e7\u00f5es que poder\u00e3o ser exploradas com a micro:bit V2:<\/p>\n<figure class=\"wp-block-embed-youtube wp-block-embed is-type-video is-provider-youtube wp-embed-aspect-16-9 wp-has-aspect-ratio\">\n<div class=\"wp-block-embed__wrapper\">\n<div class=\"rll-youtube-player\" data-src=\"https:\/\/www.youtube.com\/embed\/JYvUnb2zImk\" data-id=\"JYvUnb2zImk\" data-query=\"feature=oembed\">\n<div data-id=\"JYvUnb2zImk\" data-query=\"feature=oembed\" data-src=\"https:\/\/www.youtube.com\/embed\/JYvUnb2zImk\">\n<p><p class=\"responsive-video-wrap clr\"><iframe title=\"Clap hearts - reveal the micro:bit heart beat\" width=\"1200\" height=\"675\" src=\"https:\/\/www.youtube.com\/embed\/JYvUnb2zImk?feature=oembed\" frameborder=\"0\" allow=\"accelerometer; autoplay; clipboard-write; encrypted-media; gyroscope; picture-in-picture\" allowfullscreen><\/iframe><\/p>\n<\/p>\n<div class=\"play\"><\/div>\n<\/div>\n<\/div>\n<\/div>\n<\/figure>\n<figure class=\"wp-block-embed-youtube wp-block-embed is-type-video is-provider-youtube wp-embed-aspect-16-9 wp-has-aspect-ratio\">\n<div class=\"wp-block-embed__wrapper\">\n<div class=\"rll-youtube-player\" data-src=\"https:\/\/www.youtube.com\/embed\/KbB6-6Nn19U\" data-id=\"KbB6-6Nn19U\" data-query=\"feature=oembed\">\n<div data-id=\"KbB6-6Nn19U\" data-query=\"feature=oembed\" data-src=\"https:\/\/www.youtube.com\/embed\/KbB6-6Nn19U\">\n<div class=\"play\">https:\/\/youtu.be\/KbB6-6Nn19U<\/div>\n<div><\/div>\n<\/div>\n<\/div>\n<\/div>\n<\/figure>\n<figure class=\"wp-block-embed-youtube wp-block-embed is-type-video is-provider-youtube wp-embed-aspect-16-9 wp-has-aspect-ratio\">\n<div class=\"wp-block-embed__wrapper\">\n<div class=\"rll-youtube-player\" data-src=\"https:\/\/www.youtube.com\/embed\/cw_rDuByN_8\" data-id=\"cw_rDuByN_8\" data-query=\"feature=oembed\">\n<div data-id=\"cw_rDuByN_8\" data-query=\"feature=oembed\" data-src=\"https:\/\/www.youtube.com\/embed\/cw_rDuByN_8\">\n<p><p class=\"responsive-video-wrap clr\"><iframe title=\"Hold the note - a challenge from the micro:bit\" width=\"1200\" height=\"675\" src=\"https:\/\/www.youtube.com\/embed\/cw_rDuByN_8?feature=oembed\" frameborder=\"0\" allow=\"accelerometer; autoplay; clipboard-write; encrypted-media; gyroscope; picture-in-picture\" allowfullscreen><\/iframe><\/p>\n<\/p>\n<div class=\"play\"><\/div>\n<\/div>\n<\/div>\n<\/div>\n<\/figure>\n<figure class=\"wp-block-embed-youtube wp-block-embed is-type-video is-provider-youtube wp-embed-aspect-16-9 wp-has-aspect-ratio\">\n<div class=\"wp-block-embed__wrapper\">\n<div class=\"rll-youtube-player\" data-src=\"https:\/\/www.youtube.com\/embed\/9xpvNcYtd6Q\" data-id=\"9xpvNcYtd6Q\" data-query=\"feature=oembed\">\n<div data-id=\"9xpvNcYtd6Q\" data-query=\"feature=oembed\" data-src=\"https:\/\/www.youtube.com\/embed\/9xpvNcYtd6Q\">\n<p><p class=\"responsive-video-wrap clr\"><iframe title=\"Mimic - the micro:bit parrot\" width=\"1200\" height=\"675\" src=\"https:\/\/www.youtube.com\/embed\/9xpvNcYtd6Q?feature=oembed\" frameborder=\"0\" allow=\"accelerometer; autoplay; clipboard-write; encrypted-media; gyroscope; picture-in-picture\" allowfullscreen><\/iframe><\/p>\n<\/p>\n<div class=\"play\"><\/div>\n<\/div>\n<\/div>\n<\/div>\n<\/figure>\n<h2 id=\"h-conclus-o\"><span id=\"Conclusao\" class=\"ez-toc-section\"><\/span><strong>Conclus\u00e3o<\/strong><\/h2>\n<p>As novidades apresentadas pela funda\u00e7\u00e3o micro:bit para o seu novo hardware n\u00e3o fogem muito do que a Adafruit j\u00e1 trouxe na <a href=\"https:\/\/www.embarcados.com.br\/conheca-a-adafruit-circuit-playground-express\/\" data-wpel-link=\"internal\" data-mce-href=\"https:\/\/www.embarcados.com.br\/conheca-a-adafruit-circuit-playground-express\/\">Circuit Playground<\/a> e <a href=\"https:\/\/www.embarcados.com.br\/adafruit-clue\/\" data-wpel-link=\"internal\" data-mce-href=\"https:\/\/www.embarcados.com.br\/adafruit-clue\/\">CLUE<\/a>.<\/p>\n<p>A escolha do ARM Cortex M4F talvez seja o maior benef\u00edcio nesse momento, j\u00e1 que permitir\u00e1 evoluir as aplica\u00e7\u00f5es com a placa. Eles j\u00e1 poderiam ter escolhido um ARM Cortex M4F na primeira vers\u00e3o, mas nunca \u00e9 tarde.<\/p>\n<p>Os novos recursos na placa dar\u00e3o mais possibilidades para os professores deixarem suas aulas mais interessante.<\/p>\n<p>Infelizmente, o conector USB C n\u00e3o chegou dessa vez bem como um carregador de baterias. Eles tamb\u00e9m poderiam ter deixado alguns pinos mais acess\u00edveis, fora do conector edge ou at\u00e9 mesmo um conector estilo grove.<\/p>\n<p>A pergunta que fica sem resposta por enquanto: por quanto essa placa chegar\u00e1 ao Brasil ap\u00f3s o seu <strong>lan\u00e7amento em Novembro de 2020<\/strong>? J\u00e1 que sua vers\u00e3o anterior ainda est\u00e1 com um custo muito alto para nossa realidade<\/p>\n<p>De qualquer forma, esse upgrade veio em boa hora e ajudar\u00e1 os professores e alunos no ensino\/aprendizagem de tecnologias com o ecossistema fant\u00e1stico da micro:bit.<\/p>\n","protected":false},"excerpt":{"rendered":"<p class=\"w-post-elm post_title us_custom_d6b5cf89 entry-title color_link_inherit\">Nova BBC micro:bit V2 vem com nRF52833<\/p>\n","protected":false},"featured_media":16563,"template":"","meta":[],"product_brand":[],"product_cat":[616,522,49,175],"product_tag":[],"class_list":{"0":"post-16562","1":"product","2":"type-product","3":"status-publish","4":"has-post-thumbnail","6":"product_cat-microbit","7":"product_cat-microcontrolador-2","8":"product_cat-microprocessadores","9":"product_cat-placas","11":"entry","12":"has-media","14":"first","15":"instock","16":"shipping-taxable","17":"purchasable","18":"product-type-simple","19":"has-product-nav","20":"col","21":"span_1_of_3","22":"owp-content-center","23":"owp-thumbs-layout-horizontal","24":"owp-btn-normal","25":"owp-tabs-layout-horizontal"},"_links":{"self":[{"href":"https:\/\/arduxop.com.br\/loja\/wp-json\/wp\/v2\/product\/16562","targetHints":{"allow":["GET"]}}],"collection":[{"href":"https:\/\/arduxop.com.br\/loja\/wp-json\/wp\/v2\/product"}],"about":[{"href":"https:\/\/arduxop.com.br\/loja\/wp-json\/wp\/v2\/types\/product"}],"wp:featuredmedia":[{"embeddable":true,"href":"https:\/\/arduxop.com.br\/loja\/wp-json\/wp\/v2\/media\/16563"}],"wp:attachment":[{"href":"https:\/\/arduxop.com.br\/loja\/wp-json\/wp\/v2\/media?parent=16562"}],"wp:term":[{"taxonomy":"product_brand","embeddable":true,"href":"https:\/\/arduxop.com.br\/loja\/wp-json\/wp\/v2\/product_brand?post=16562"},{"taxonomy":"product_cat","embeddable":true,"href":"https:\/\/arduxop.com.br\/loja\/wp-json\/wp\/v2\/product_cat?post=16562"},{"taxonomy":"product_tag","embeddable":true,"href":"https:\/\/arduxop.com.br\/loja\/wp-json\/wp\/v2\/product_tag?post=16562"}],"curies":[{"name":"wp","href":"https:\/\/api.w.org\/{rel}","templated":true}]}}