{"id":1655,"date":"2018-01-16T10:27:20","date_gmt":"2018-01-16T13:27:20","guid":{"rendered":"https:\/\/arduxop.com.br\/loja\/produto\/motor-de-passo-nema-17-11kgf-cm\/"},"modified":"2024-07-25T07:59:01","modified_gmt":"2024-07-25T11:59:01","slug":"motor-de-passo-nema-17-11kgf-cm","status":"publish","type":"product","link":"https:\/\/arduxop.com.br\/loja\/produto\/motor-de-passo-nema-17-11kgf-cm\/","title":{"rendered":"MOTOR DE PASSO NEMA 17"},"content":{"rendered":"<p>DESCRI\u00c7\u00c3O DO PRODUTO:<\/p>\n<p>O motor de passo AK17\/1.10F6LN1.8 \u00e9 uma solu\u00e7\u00e3o que oferece o melhor custo benef\u00edcio quando se necessita de movimenta\u00e7\u00e3o com precis\u00e3o de posicionamento. Dada a sua robustez possui baix\u00edssimo \u00edndice de manuten\u00e7\u00e3o. Otimizado para trabalhar com resolu\u00e7\u00f5es de micropasso que garantem uma precis\u00e3o maior ao sistema de movimenta\u00e7\u00e3o.<\/p>\n<p>Para controlar esse motor, recomendamos o driver AKDMP5-2.2A &#8211; que \u00e9 o driver recomendado pelo fabricante para atingir o torque nominal. Caso tenha interesse apenas no movimento do motor, com torque inferior ao nominal, pode ser usado o Driver de Motor de Passo A4988<\/p>\n<p>APLICA\u00c7\u00c3O DO PRODUTO:<\/p>\n<p>Agricultura<br \/>Agropecu\u00e1ria<br \/>Aliment\u00edcia<br \/>Automobil\u00edstica<br \/>Conforma\u00e7\u00e3o de Metais<br \/>Cortes CNC<br \/>Dosadoras<br \/>Embaladoras<br \/>Empacotadoras<br \/>Envasadoras<br \/>Esteiras Alimentadoras<br \/>Extrusora<br \/>Fresadoras<br \/>Hospitalares<br \/>Impress\u00e3o Flexografica<br \/>Impressoras<br \/>Injetoras<br \/>Integrador<br \/>Madeireira<br \/>Manipuladoras<br \/>Metrologia<br \/>Moveleira<br \/>Movimenta\u00e7\u00e3o de Cargas<br \/>Nautica<br \/>Revenda<br \/>Rob\u00f3tica<br \/>Rotuladoras<br \/>Routers CNC<br \/>Serigrafica<br \/>Sinalizadores<br \/>Tampografia<br \/>T\u00eaxtil e Cal\u00e7adista<br \/>Tornos<br \/>Trefiladoras<\/p>\n","protected":false},"excerpt":{"rendered":"<p><br data-mce-bogus=\"1\"><\/p>\n","protected":false},"featured_media":1656,"template":"","meta":[],"product_brand":[],"product_cat":[51,212],"product_tag":[],"class_list":{"0":"post-1655","1":"product","2":"type-product","3":"status-publish","4":"has-post-thumbnail","6":"product_cat-motores","7":"product_cat-passo","9":"entry","10":"has-media","12":"first","13":"instock","14":"purchasable","15":"product-type-simple","16":"has-product-nav","17":"col","18":"span_1_of_3","19":"owp-content-center","20":"owp-thumbs-layout-horizontal","21":"owp-btn-normal","22":"owp-tabs-layout-horizontal"},"_links":{"self":[{"href":"https:\/\/arduxop.com.br\/loja\/wp-json\/wp\/v2\/product\/1655","targetHints":{"allow":["GET"]}}],"collection":[{"href":"https:\/\/arduxop.com.br\/loja\/wp-json\/wp\/v2\/product"}],"about":[{"href":"https:\/\/arduxop.com.br\/loja\/wp-json\/wp\/v2\/types\/product"}],"wp:featuredmedia":[{"embeddable":true,"href":"https:\/\/arduxop.com.br\/loja\/wp-json\/wp\/v2\/media\/1656"}],"wp:attachment":[{"href":"https:\/\/arduxop.com.br\/loja\/wp-json\/wp\/v2\/media?parent=1655"}],"wp:term":[{"taxonomy":"product_brand","embeddable":true,"href":"https:\/\/arduxop.com.br\/loja\/wp-json\/wp\/v2\/product_brand?post=1655"},{"taxonomy":"product_cat","embeddable":true,"href":"https:\/\/arduxop.com.br\/loja\/wp-json\/wp\/v2\/product_cat?post=1655"},{"taxonomy":"product_tag","embeddable":true,"href":"https:\/\/arduxop.com.br\/loja\/wp-json\/wp\/v2\/product_tag?post=1655"}],"curies":[{"name":"wp","href":"https:\/\/api.w.org\/{rel}","templated":true}]}}