{"id":1647,"date":"2018-01-16T10:27:20","date_gmt":"2018-01-16T13:27:20","guid":{"rendered":"https:\/\/arduxop.com.br\/loja\/produto\/micro-fonte-para-automacao-hi-link-5v-x-06a\/"},"modified":"2024-07-25T07:59:02","modified_gmt":"2024-07-25T11:59:02","slug":"micro-fonte-para-automacao-hi-link-5v-x-06a","status":"publish","type":"product","link":"https:\/\/arduxop.com.br\/loja\/produto\/micro-fonte-para-automacao-hi-link-5v-x-06a\/","title":{"rendered":"Micro fonte para automa\u00e7\u00e3o Hi-link 5v x 0,6A"},"content":{"rendered":"<p>Micro Fonte Para Automa\u00e7\u00e3o Hi Link Hlk-pm01 110-220v &#8211; 5v<\/p>\n<p>Encaixa direto no Protoboard ou na placa de circuito impresso.<\/p>\n","protected":false},"excerpt":{"rendered":"<p>Micro fonte para automa\u00e7\u00e3o Hi-link 5v x 0,6A<\/p>\n","protected":false},"featured_media":1648,"template":"","meta":[],"product_brand":[],"product_cat":[185],"product_tag":[],"class_list":{"0":"post-1647","1":"product","2":"type-product","3":"status-publish","4":"has-post-thumbnail","6":"product_cat-fontes","8":"entry","9":"has-media","11":"first","12":"instock","13":"sale","14":"purchasable","15":"product-type-simple","16":"has-product-nav","17":"col","18":"span_1_of_3","19":"owp-content-center","20":"owp-thumbs-layout-horizontal","21":"owp-btn-normal","22":"owp-tabs-layout-horizontal"},"_links":{"self":[{"href":"https:\/\/arduxop.com.br\/loja\/wp-json\/wp\/v2\/product\/1647","targetHints":{"allow":["GET"]}}],"collection":[{"href":"https:\/\/arduxop.com.br\/loja\/wp-json\/wp\/v2\/product"}],"about":[{"href":"https:\/\/arduxop.com.br\/loja\/wp-json\/wp\/v2\/types\/product"}],"wp:featuredmedia":[{"embeddable":true,"href":"https:\/\/arduxop.com.br\/loja\/wp-json\/wp\/v2\/media\/1648"}],"wp:attachment":[{"href":"https:\/\/arduxop.com.br\/loja\/wp-json\/wp\/v2\/media?parent=1647"}],"wp:term":[{"taxonomy":"product_brand","embeddable":true,"href":"https:\/\/arduxop.com.br\/loja\/wp-json\/wp\/v2\/product_brand?post=1647"},{"taxonomy":"product_cat","embeddable":true,"href":"https:\/\/arduxop.com.br\/loja\/wp-json\/wp\/v2\/product_cat?post=1647"},{"taxonomy":"product_tag","embeddable":true,"href":"https:\/\/arduxop.com.br\/loja\/wp-json\/wp\/v2\/product_tag?post=1647"}],"curies":[{"name":"wp","href":"https:\/\/api.w.org\/{rel}","templated":true}]}}