{"id":1644,"date":"2018-01-16T11:27:20","date_gmt":"2018-01-16T14:27:20","guid":{"rendered":"https:\/\/arduxop.com.br\/loja\/produto\/jumpers-feme-femea-20-un\/"},"modified":"2026-02-03T13:05:00","modified_gmt":"2026-02-03T17:05:00","slug":"jumpers-feme-femea-20-un","status":"publish","type":"product","link":"https:\/\/arduxop.com.br\/loja\/produto\/jumpers-feme-femea-20-un\/","title":{"rendered":"Jumpers F\u00eamea-F\u00eamea"},"content":{"rendered":"<p>Fios Jumpers Femea e Femea para projetos eletr\u00f4nicos \u00a0\u00a0 20 fios de 20 cm cada com uma ponta\u00a0Femea de um lado e F\u00eamea do outro, com diferentes cores, os fios vem colados, e As pontas dos fios possuem 1 polegada, a medida praticamente universal dos conectores de placas e protoboards. Especifica\u00e7\u00f5es:- Jumpers com cores variadas- Tipo Conector : F\u00eamea x F\u00eamea- Sec\u00e7\u00e3o do fio condutor: 24 AWG- Comprimento do cabo: 20cm \u00a0Acompanha: &#8211; 20\u00a0Jumpers F\u00eamea-F\u00eamea Coloridos<\/p>\n","protected":false},"excerpt":{"rendered":"<p>Jumpers F\u00eame-F\u00eamea 40 Un 20 CM<\/p>\n","protected":false},"featured_media":2687,"template":"","meta":[],"product_brand":[],"product_cat":[184],"product_tag":[],"class_list":{"0":"post-1644","1":"product","2":"type-product","3":"status-publish","4":"has-post-thumbnail","6":"product_cat-fios-e-cabos","8":"entry","9":"has-media","11":"first","12":"instock","13":"purchasable","14":"product-type-simple","15":"has-product-nav","16":"col","17":"span_1_of_3","18":"owp-content-center","19":"owp-thumbs-layout-horizontal","20":"owp-btn-normal","21":"owp-tabs-layout-horizontal"},"_links":{"self":[{"href":"https:\/\/arduxop.com.br\/loja\/wp-json\/wp\/v2\/product\/1644","targetHints":{"allow":["GET"]}}],"collection":[{"href":"https:\/\/arduxop.com.br\/loja\/wp-json\/wp\/v2\/product"}],"about":[{"href":"https:\/\/arduxop.com.br\/loja\/wp-json\/wp\/v2\/types\/product"}],"wp:featuredmedia":[{"embeddable":true,"href":"https:\/\/arduxop.com.br\/loja\/wp-json\/wp\/v2\/media\/2687"}],"wp:attachment":[{"href":"https:\/\/arduxop.com.br\/loja\/wp-json\/wp\/v2\/media?parent=1644"}],"wp:term":[{"taxonomy":"product_brand","embeddable":true,"href":"https:\/\/arduxop.com.br\/loja\/wp-json\/wp\/v2\/product_brand?post=1644"},{"taxonomy":"product_cat","embeddable":true,"href":"https:\/\/arduxop.com.br\/loja\/wp-json\/wp\/v2\/product_cat?post=1644"},{"taxonomy":"product_tag","embeddable":true,"href":"https:\/\/arduxop.com.br\/loja\/wp-json\/wp\/v2\/product_tag?post=1644"}],"curies":[{"name":"wp","href":"https:\/\/api.w.org\/{rel}","templated":true}]}}