{"id":1639,"date":"2018-01-16T10:27:20","date_gmt":"2018-01-16T13:27:20","guid":{"rendered":"https:\/\/arduxop.com.br\/loja\/produto\/esp-01-nodemcu-8266\/"},"modified":"2024-07-25T07:59:03","modified_gmt":"2024-07-25T11:59:03","slug":"esp-01-nodemcu-8266","status":"publish","type":"product","link":"https:\/\/arduxop.com.br\/loja\/produto\/esp-01-nodemcu-8266\/","title":{"rendered":"ESP01 NODEMCU 8266"},"content":{"rendered":"<p>O ESP8266 \u00e9 um chip compacto desenhado para atender as necessidades de conectividade sem fio (padr\u00e3o 802.11 B\/G\/N) podendo tanto ser utilizado independentemente ou em conjunto com um microcontrolador externo (Arduino, PIC, ARM, etc).<\/p>\n<p>O m\u00f3dulo WiFi ESP8266 suporta o protocolo TCP\/IP integrado e consegue oferecer a qualquer microcontrolador (Arduino, PICe etc) acesso a sua rede WiFi. O ESP8266 \u00e9 capaz tanto de hospedar uma aplica\u00e7\u00e3o quanto descarregar todas as fun\u00e7\u00f5es de redes WiFi a partir de outro processador de aplica\u00e7\u00e3o.<\/p>\n<p>Esse m\u00f3dulo possui um processador poderoso o suficiente para ser capaz de integra\u00e7\u00e3o com sensores e outras aplica\u00e7\u00f5es espec\u00edficas usandos seus pr\u00f3prios GPIOs (pinos de entrada\/sa\u00edda). Por se tratar de um m\u00f3dulo baseado em um Microcontrolador, ele requer pouqu\u00edssimos componentes na placa, o que o torna muito pequeno e conveniente para projetos conectados na Internet. O ESP866 suporta APSD para aplica\u00e7\u00f5es VOIP.<\/p>\n<p>Ele possui RF auto-calibr\u00e1vel e n\u00e3o requer nenhum componete de RF externo.Comunica-se com seu roteador Wifi ou diretamente com WiFi do seu celular. Possui protocolos da camada de rede internos (Stacks), N\u00c3O NECESSITA DE BIBLIOTECA, a comunica\u00e7\u00e3o \u00e9 feita atrav\u00e9s de porta serial TX\/RX com comandos AT (descritos no manual).<\/p>\n<p>Antena embutida com alcan\u00e7e, que segundo testes feitos por blogueiros, chegou a 300m em visada direta, conectado a um roteador TP-LINK padr\u00e3o.<br \/>Suporta modos &#8220;Statation&#8221; (se conecta a uma rede wifi) e &#8220;Access Point&#8221; (cria uma rede wifi nova).Firmware atualizav\u00e9l.<\/p>\n<p>Tens\u00e3o (alimenta\u00e7\u00e3o \/ IO): 3.3v (Aten\u00e7\u00e3o desenvolvedores para Arduino: A maioria dos modelos do Arduino trabalham com tens\u00e3o de I\/O de 5V o que pode danificar o m\u00f3dulo. N\u00e3o conectar o mesmo diretamente ao Arduino sem usar um level shifter.<\/p>\n<p>############ ESPECIFICA\u00c7\u00d5ES ############<\/p>\n<p>&#8211; Chip: ESP8266<br \/>&#8211; Modelo: ESP-01<br \/>&#8211; Protocolo: 802.11 b\/g\/n<br \/>&#8211; WiFi Direto: (P2P), soft-AP<br \/>&#8211; Protocolo: TCP\/IP<br \/>&#8211; Switch TR integrado, balun, LNA, amplificador de pot\u00eancia e matching network<br \/>&#8211; PLL integrado, reguladores, DCXO e unidade de gerenciamento de pot\u00eancia<br \/>&#8211; Pot\u00eancia de sa\u00edda de +19,5dBm no modo 802.11b<br \/>&#8211; STBC, 1&#215;1 MIMO, 2&#215;1 MIMO<br \/>&#8211; Agrega\u00e7\u00e3o A-MPDU &amp; A-MSDU &amp; 0,4ms de intervalo de guarda<br \/>&#8211; Liga\u00e7\u00e3o e transmiss\u00e3o de pacotes em menos de 2ms<br \/>&#8211; Consumo em standby: menos de 1,0mW (DTIM3)<br \/>&#8211; Wi-Fi Direct (P2P), soft-AP<br \/>&#8211; CPU 32 bits de baixo consumo inegrada (voc\u00ea pode executar seus programas diretamente no m\u00f3dulo, dispensando microcontrolador externo)<br \/>&#8211; ADC 10 bits<br \/>&#8211; Tens\u00e3o de opera\u00e7\u00e3o: 3,3V<br \/>&#8211; Alcance: 50m aprox.<br \/>&#8211; Comunica\u00e7\u00e3o com MCU externa: Serial (TX\/RX)<br \/>&#8211; Conectores: GPIO, I2C, SPI, UART, Entrada ADC, Sa\u00edda PWM e Sensor de Temperatura interno.<br \/>&#8211; Modo de seguran\u00e7a: OPEN\/WEP\/WPA_<br \/>&#8211; PSK\/WPA2_PSK\/WPA_WPA2_PSK<br \/>&#8211; Dimens\u00f5es: 25 x 14 x 2mm<br \/>&#8211; Peso: 7g<\/p>\n","protected":false},"excerpt":{"rendered":"<p class=\"item-title__primary \">Placa Esp8266 Esp-01 Wifi 802.11 B\/g\/n Arduino Serial Esp 01<\/p>\n","protected":false},"featured_media":1640,"template":"","meta":[],"product_brand":[],"product_cat":[210,50,180],"product_tag":[279,277,276,433,278],"class_list":{"0":"post-1639","1":"product","2":"type-product","3":"status-publish","4":"has-post-thumbnail","6":"product_cat-comunicacoes","7":"product_cat-modulos","8":"product_cat-wifi","9":"product_tag-802-11","10":"product_tag-esp-01","11":"product_tag-esp8266","12":"product_tag-essp01","13":"product_tag-wifi","15":"entry","16":"has-media","18":"first","19":"instock","20":"purchasable","21":"product-type-simple","22":"has-product-nav","23":"col","24":"span_1_of_3","25":"owp-content-center","26":"owp-thumbs-layout-horizontal","27":"owp-btn-normal","28":"owp-tabs-layout-horizontal"},"_links":{"self":[{"href":"https:\/\/arduxop.com.br\/loja\/wp-json\/wp\/v2\/product\/1639","targetHints":{"allow":["GET"]}}],"collection":[{"href":"https:\/\/arduxop.com.br\/loja\/wp-json\/wp\/v2\/product"}],"about":[{"href":"https:\/\/arduxop.com.br\/loja\/wp-json\/wp\/v2\/types\/product"}],"wp:featuredmedia":[{"embeddable":true,"href":"https:\/\/arduxop.com.br\/loja\/wp-json\/wp\/v2\/media\/1640"}],"wp:attachment":[{"href":"https:\/\/arduxop.com.br\/loja\/wp-json\/wp\/v2\/media?parent=1639"}],"wp:term":[{"taxonomy":"product_brand","embeddable":true,"href":"https:\/\/arduxop.com.br\/loja\/wp-json\/wp\/v2\/product_brand?post=1639"},{"taxonomy":"product_cat","embeddable":true,"href":"https:\/\/arduxop.com.br\/loja\/wp-json\/wp\/v2\/product_cat?post=1639"},{"taxonomy":"product_tag","embeddable":true,"href":"https:\/\/arduxop.com.br\/loja\/wp-json\/wp\/v2\/product_tag?post=1639"}],"curies":[{"name":"wp","href":"https:\/\/api.w.org\/{rel}","templated":true}]}}