{"id":1634,"date":"2018-01-16T11:27:20","date_gmt":"2018-01-16T13:27:20","guid":{"rendered":"https:\/\/arduxop.com.br\/loja\/produto\/leds-rgb-catodo-comum-alto-brilho\/"},"modified":"2024-07-25T07:57:12","modified_gmt":"2024-07-25T11:57:12","slug":"leds-rgb-catodo-comum-alto-brilho","status":"publish","type":"product","link":"https:\/\/arduxop.com.br\/loja\/produto\/leds-rgb-catodo-comum-alto-brilho\/","title":{"rendered":"LEDs RGB  catodo comum alto brilho"},"content":{"rendered":"<p>Led Rgb 5mm C\u00e1todo Comum 4 Terminais Alto Brilho  O  LED (Diodo Emissor de Luz) como o pr\u00f3prio nome sugere, \u00e9 um diodo que  polarizado corretamente, emite luz. \u00c9 um dos componentes b\u00e1sicos mais  utilizados no mundo devido a sua vasta aplica\u00e7\u00e3o (indo desde enfeites  at\u00e9 indicativos de estado do circuito). O LED RGB Transparente,  diferentemente do difuso (que possui envolt\u00f3rio colorido), apresenta seu  envolt\u00f3rio transparente, sendo facilmente poss\u00edvel ver seu circuito  interior e ainda apresenta quatro terminais, cada um correspondendo a  uma cor diferente, tornando poss\u00edvel visualizar todo o espectro de  cores, ou seja, ele pode ter a cor que voc\u00ea quiser! Caracter\u00edsticas: Cores: Vermelho, Verde e Azul Envolt\u00f3rio: Transparente Di\u00e2metro: 5mm<\/p>\n","protected":false},"excerpt":{"rendered":"<p>Led Rgb 5mm C\u00e1todo Comum 4 Terminais Alto Brilho O LED (Diodo Emissor de Luz) como o pr\u00f3prio nome sugere, \u00e9 um diodo que polarizado corretamente, emite luz. \u00c9 um dos componentes b\u00e1sicos mais utilizados no mundo devido a sua vasta aplica\u00e7\u00e3o (indo desde enfeites at\u00e9 indicativos de estado do circuito). O LED RGB Transparente, [&hellip;]<\/p>\n","protected":false},"featured_media":1635,"template":"","meta":[],"product_brand":[],"product_cat":[234],"product_tag":[],"class_list":{"0":"post-1634","1":"product","2":"type-product","3":"status-publish","4":"has-post-thumbnail","6":"product_cat-led","8":"entry","9":"has-media","11":"first","12":"onbackorder","13":"sale","14":"sold-individually","15":"purchasable","16":"product-type-simple","17":"has-product-nav","18":"col","19":"span_1_of_3","20":"owp-content-center","21":"owp-thumbs-layout-horizontal","22":"owp-btn-normal","23":"owp-tabs-layout-horizontal"},"_links":{"self":[{"href":"https:\/\/arduxop.com.br\/loja\/wp-json\/wp\/v2\/product\/1634","targetHints":{"allow":["GET"]}}],"collection":[{"href":"https:\/\/arduxop.com.br\/loja\/wp-json\/wp\/v2\/product"}],"about":[{"href":"https:\/\/arduxop.com.br\/loja\/wp-json\/wp\/v2\/types\/product"}],"wp:featuredmedia":[{"embeddable":true,"href":"https:\/\/arduxop.com.br\/loja\/wp-json\/wp\/v2\/media\/1635"}],"wp:attachment":[{"href":"https:\/\/arduxop.com.br\/loja\/wp-json\/wp\/v2\/media?parent=1634"}],"wp:term":[{"taxonomy":"product_brand","embeddable":true,"href":"https:\/\/arduxop.com.br\/loja\/wp-json\/wp\/v2\/product_brand?post=1634"},{"taxonomy":"product_cat","embeddable":true,"href":"https:\/\/arduxop.com.br\/loja\/wp-json\/wp\/v2\/product_cat?post=1634"},{"taxonomy":"product_tag","embeddable":true,"href":"https:\/\/arduxop.com.br\/loja\/wp-json\/wp\/v2\/product_tag?post=1634"}],"curies":[{"name":"wp","href":"https:\/\/api.w.org\/{rel}","templated":true}]}}