{"id":1628,"date":"2018-01-16T11:27:20","date_gmt":"2018-01-16T13:27:20","guid":{"rendered":"https:\/\/arduxop.com.br\/loja\/produto\/tip-42c\/"},"modified":"2024-07-25T07:57:14","modified_gmt":"2024-07-25T11:57:14","slug":"tip-42c","status":"publish","type":"product","link":"https:\/\/arduxop.com.br\/loja\/produto\/tip-42c\/","title":{"rendered":"TIP 42C"},"content":{"rendered":"<p>Transistor PNP, ideal para aplica\u00e7\u00f5es lineares de m\u00e9dia pot\u00eancia e de chaveamento. O TIP42C possui encapsulamento convencional SOT78 (TO220AB). Descri\u00e7\u00e3o do fabricante: Complementary Silicon Power Transistor PNP Datasheet:\u00a0TIP41C-42C.pdf<\/p>\n","protected":false},"excerpt":{"rendered":"<p>Transistor PNP, ideal para aplica\u00e7\u00f5es lineares de m\u00e9dia pot\u00eancia e de chaveamento. O TIP42C possui encapsulamento convencional SOT78 (TO220AB). Descri\u00e7\u00e3o do fabricante: Complementary Silicon Power Transistor PNP Datasheet:\u00a0TIP41C-42C.pdf<\/p>\n","protected":false},"featured_media":1629,"template":"","meta":[],"product_brand":[],"product_cat":[45],"product_tag":[],"class_list":{"0":"post-1628","1":"product","2":"type-product","3":"status-publish","4":"has-post-thumbnail","6":"product_cat-componentes","8":"entry","9":"has-media","11":"first","12":"onbackorder","13":"sale","14":"sold-individually","15":"purchasable","16":"product-type-simple","17":"has-product-nav","18":"col","19":"span_1_of_3","20":"owp-content-center","21":"owp-thumbs-layout-horizontal","22":"owp-btn-normal","23":"owp-tabs-layout-horizontal"},"_links":{"self":[{"href":"https:\/\/arduxop.com.br\/loja\/wp-json\/wp\/v2\/product\/1628","targetHints":{"allow":["GET"]}}],"collection":[{"href":"https:\/\/arduxop.com.br\/loja\/wp-json\/wp\/v2\/product"}],"about":[{"href":"https:\/\/arduxop.com.br\/loja\/wp-json\/wp\/v2\/types\/product"}],"wp:featuredmedia":[{"embeddable":true,"href":"https:\/\/arduxop.com.br\/loja\/wp-json\/wp\/v2\/media\/1629"}],"wp:attachment":[{"href":"https:\/\/arduxop.com.br\/loja\/wp-json\/wp\/v2\/media?parent=1628"}],"wp:term":[{"taxonomy":"product_brand","embeddable":true,"href":"https:\/\/arduxop.com.br\/loja\/wp-json\/wp\/v2\/product_brand?post=1628"},{"taxonomy":"product_cat","embeddable":true,"href":"https:\/\/arduxop.com.br\/loja\/wp-json\/wp\/v2\/product_cat?post=1628"},{"taxonomy":"product_tag","embeddable":true,"href":"https:\/\/arduxop.com.br\/loja\/wp-json\/wp\/v2\/product_tag?post=1628"}],"curies":[{"name":"wp","href":"https:\/\/api.w.org\/{rel}","templated":true}]}}