{"id":1623,"date":"2018-01-16T10:27:20","date_gmt":"2018-01-16T13:27:20","guid":{"rendered":"https:\/\/arduxop.com.br\/loja\/produto\/display-oled-128x64-0-96-i2c-amerelo-e-azul\/"},"modified":"2025-02-05T13:14:30","modified_gmt":"2025-02-05T17:14:30","slug":"display-oled-128x64-0-96-i2c-amerelo-e-azul","status":"publish","type":"product","link":"https:\/\/arduxop.com.br\/loja\/produto\/display-oled-128x64-0-96-i2c-amerelo-e-azul\/","title":{"rendered":"Display Oled 128&#215;64 0.96 I2c Amerelo e Azul"},"content":{"rendered":"<p>Este display gr\u00e1fico de 0,96 polegadas \u00e9 uma op\u00e7\u00e3o muito interessante para quem busca visualizar pouca informa\u00e7\u00e3o mas ainda com muita nitidez. Isso \u00e9 poss\u00edvel devido ao alto contraste dos displays OLED (Organic Light-Emitting Diode).<\/p>\n","protected":false},"excerpt":{"rendered":"<p>Este display gr\u00e1fico de 0,96 polegadas \u00e9 uma op\u00e7\u00e3o muito interessante para quem busca visualizar pouca informa\u00e7\u00e3o mas ainda com muita nitidez. Isso \u00e9 poss\u00edvel devido ao alto contraste dos displays OLED (Organic Light-Emitting Diode).<\/p>\n","protected":false},"featured_media":2154,"template":"","meta":[],"product_brand":[],"product_cat":[183],"product_tag":[],"class_list":{"0":"post-1623","1":"product","2":"type-product","3":"status-publish","4":"has-post-thumbnail","6":"product_cat-displays","8":"entry","9":"has-media","11":"first","12":"instock","13":"purchasable","14":"product-type-simple","15":"has-product-nav","16":"col","17":"span_1_of_3","18":"owp-content-center","19":"owp-thumbs-layout-horizontal","20":"owp-btn-normal","21":"owp-tabs-layout-horizontal"},"_links":{"self":[{"href":"https:\/\/arduxop.com.br\/loja\/wp-json\/wp\/v2\/product\/1623","targetHints":{"allow":["GET"]}}],"collection":[{"href":"https:\/\/arduxop.com.br\/loja\/wp-json\/wp\/v2\/product"}],"about":[{"href":"https:\/\/arduxop.com.br\/loja\/wp-json\/wp\/v2\/types\/product"}],"wp:featuredmedia":[{"embeddable":true,"href":"https:\/\/arduxop.com.br\/loja\/wp-json\/wp\/v2\/media\/2154"}],"wp:attachment":[{"href":"https:\/\/arduxop.com.br\/loja\/wp-json\/wp\/v2\/media?parent=1623"}],"wp:term":[{"taxonomy":"product_brand","embeddable":true,"href":"https:\/\/arduxop.com.br\/loja\/wp-json\/wp\/v2\/product_brand?post=1623"},{"taxonomy":"product_cat","embeddable":true,"href":"https:\/\/arduxop.com.br\/loja\/wp-json\/wp\/v2\/product_cat?post=1623"},{"taxonomy":"product_tag","embeddable":true,"href":"https:\/\/arduxop.com.br\/loja\/wp-json\/wp\/v2\/product_tag?post=1623"}],"curies":[{"name":"wp","href":"https:\/\/api.w.org\/{rel}","templated":true}]}}