{"id":1620,"date":"2018-01-16T11:27:20","date_gmt":"2018-01-16T14:27:20","guid":{"rendered":"https:\/\/arduxop.com.br\/loja\/produto\/sensor-de-temperatura-ds18b20-a-prova-dagua\/"},"modified":"2026-02-04T13:36:23","modified_gmt":"2026-02-04T17:36:23","slug":"sensor-de-temperatura-ds18b20-a-prova-dagua","status":"publish","type":"product","link":"https:\/\/arduxop.com.br\/loja\/produto\/sensor-de-temperatura-ds18b20-a-prova-dagua\/","title":{"rendered":"Sensor De Temperatura Ds18b20"},"content":{"rendered":"<p>DESCRI\u00c7\u00c3O:<\/p>\n<p>O term\u00f4metro digital DS18B20 fornece medi\u00e7\u00f5es de temperatura de 9 a 12 bits de resolu\u00e7\u00e3o (configur\u00e1vel).<\/p>\n<p>A informa\u00e7\u00e3o \u00e9 enviada ou recebida ao longo de uma interface de um-fio, de modo que apenas um fio (e o gnd) precisa ser ligado a partir de um microprocessador central para um DS18B20. O sensor pode derivar a alimenta\u00e7\u00e3o direto da linha de dados, sem necessidade de uma fonte externa de energia (\u201cparasite power\u201d).<\/p>\n<p>Pelo fato de cada DS18B20 conter um n\u00famero de s\u00e9rie \u00fanico, v\u00e1rios DS18B20s podem existir no mesmo barramento 1-Wire. Isto permite a coloca\u00e7\u00e3o de v\u00e1rios sensores de temperatura em locais diferentes.<\/p>\n<p>Aplica\u00e7\u00f5es onde este recurso \u00e9 \u00fatil incluem controles de climatiza\u00e7\u00e3o ambiental, temperaturas de sensoriamento no interior de edif\u00edcios, equipamentos ou m\u00e1quinas, monitoramento e controle do processo.<\/p>\n<p>ESPECIFICA\u00c7\u00d5ES:<\/p>\n<p>Utiliz\u00e1vel com 3.0V a 5.5V alimenta\u00e7\u00e3o\/dados<br \/>\nPrecis\u00e3o de \u00b10.5\u00b0C na faixa de \u201310 a +85\u00b0C<br \/>\nGama de temperatura utiliz\u00e1vel: -55 a 125 \u00b0 C (-67 \u00b0 F a 257 \u00b0 F)<br \/>\nResolu\u00e7\u00e3o selecion\u00e1vel de 9 a 12 bit<br \/>\nUsa interface 1-Wire que requer apenas um pino digital para comunica\u00e7\u00e3o<br \/>\nID \u00fanico de 64-bit gravado em cada sensor<br \/>\nV\u00e1rios sensores podem compartilhar um pino<br \/>\nSistema de alarme program\u00e1vel para uma temperatura limite<br \/>\nTempo de consulta inferior a 750ms<br \/>\nTr\u00eas fios de interface:<br \/>\nTipo A<br \/>\nFio vermelho &#8211; VCC<br \/>\nFio preto &#8211; GND<br \/>\nFio amarelo &#8211; DATA<br \/>\nTipo B<br \/>\nFio vermelho &#8211; VCC<br \/>\nFio amarelo &#8211; GND<br \/>\nFio verde &#8211; DATA<br \/>\nTubo de a\u00e7o inoxid\u00e1vel de 6mm x 35mm<br \/>\nDi\u00e2metro do cabo: 4mm<br \/>\nComprimento: 90cm<\/p>\n","protected":false},"excerpt":{"rendered":"<p>Sensor De Temperatura Ds18b20 \u00c0 Prova D\u00e1gua<\/p>\n","protected":false},"featured_media":1621,"template":"","meta":[],"product_brand":[],"product_cat":[178],"product_tag":[269],"class_list":{"0":"post-1620","1":"product","2":"type-product","3":"status-publish","4":"has-post-thumbnail","6":"product_cat-sensores","7":"product_tag-temperatura","9":"entry","10":"has-media","12":"first","13":"instock","14":"purchasable","15":"product-type-simple","16":"has-product-nav","17":"col","18":"span_1_of_3","19":"owp-content-center","20":"owp-thumbs-layout-horizontal","21":"owp-btn-normal","22":"owp-tabs-layout-horizontal"},"_links":{"self":[{"href":"https:\/\/arduxop.com.br\/loja\/wp-json\/wp\/v2\/product\/1620","targetHints":{"allow":["GET"]}}],"collection":[{"href":"https:\/\/arduxop.com.br\/loja\/wp-json\/wp\/v2\/product"}],"about":[{"href":"https:\/\/arduxop.com.br\/loja\/wp-json\/wp\/v2\/types\/product"}],"wp:featuredmedia":[{"embeddable":true,"href":"https:\/\/arduxop.com.br\/loja\/wp-json\/wp\/v2\/media\/1621"}],"wp:attachment":[{"href":"https:\/\/arduxop.com.br\/loja\/wp-json\/wp\/v2\/media?parent=1620"}],"wp:term":[{"taxonomy":"product_brand","embeddable":true,"href":"https:\/\/arduxop.com.br\/loja\/wp-json\/wp\/v2\/product_brand?post=1620"},{"taxonomy":"product_cat","embeddable":true,"href":"https:\/\/arduxop.com.br\/loja\/wp-json\/wp\/v2\/product_cat?post=1620"},{"taxonomy":"product_tag","embeddable":true,"href":"https:\/\/arduxop.com.br\/loja\/wp-json\/wp\/v2\/product_tag?post=1620"}],"curies":[{"name":"wp","href":"https:\/\/api.w.org\/{rel}","templated":true}]}}