{"id":1618,"date":"2018-01-16T11:26:54","date_gmt":"2018-01-16T13:26:54","guid":{"rendered":"https:\/\/arduxop.com.br\/loja\/produto\/modulo-rf-433-mhz\/"},"modified":"2024-07-25T07:57:27","modified_gmt":"2024-07-25T11:57:27","slug":"modulo-rf-433-mhz","status":"publish","type":"product","link":"https:\/\/arduxop.com.br\/loja\/produto\/modulo-rf-433-mhz\/","title":{"rendered":"M\u00f3dulo RF 433 Mhz"},"content":{"rendered":"<p>M\u00d3DULO RF TRANSMISSOR E RECEPTOR 433MHZ<\/p>\n<p>Este m\u00f3dulo RF (R\u00e1dio Frequ\u00eancia) \u00e9 um pequeno dispositivo eletr\u00f4nico utilizado para transmitir e \/ ou receber sinais de r\u00e1dio entre dois dispositivos. Em um sistema embarcado, \u00e9 muitas vezes utlizado para comunicar com um outro dispositivo sem fios. Esta comunica\u00e7\u00e3o sem fio pode ser conseguida atrav\u00e9s de uma comunica\u00e7\u00e3o \u00f3ptica ou atrav\u00e9s de comunica\u00e7\u00e3o por radiofrequ\u00eancia (RF). Para muitas aplica\u00e7\u00f5es, o meio de escolha \u00e9 RF, uma vez que n\u00e3o requer linha de vis\u00e3o. Comunica\u00e7\u00f5es de RF incorporaram um transmissor e \/ ou receptor.<\/p>\n<p>Principais Caracter\u00edsticas:<\/p>\n<p>Transmissor:<br \/>\n&#8211; Modelo: MX-FS-03V;<br \/>\n&#8211; Alcance (em 5V): 40m indoor e 100m em \u00e1rea aberta;<br \/>\n&#8211; Tens\u00e3o de opera\u00e7\u00e3o: 3,5-12V;<br \/>\n&#8211; Modo de opera\u00e7\u00e3o: Modula\u00e7\u00e3o em Amplitude (AM);<br \/>\n&#8211; Taxa de transfer\u00eancia: 4KB\/s;<br \/>\n&#8211; Pot\u00eancia de transmiss\u00e3o: 10mW;<br \/>\n&#8211; Frequ\u00eancia de transmiss\u00e3o: 433MHz;<br \/>\n&#8211; Pinagem: Dados-VCC-GND (Esq.-&gt;Dir.);<br \/>\n&#8211; Dimens\u00f5es (CxLxA): 19x19x7mm;<br \/>\n&#8211; Peso do transmissor: 2,7g.<\/p>\n<p>Receptor:<br \/>\n&#8211; Modelo: MX-05V;<br \/>\n&#8211; Tens\u00e3o de opera\u00e7\u00e3o: 5VDC;<br \/>\n&#8211; Corrente de opera\u00e7\u00e3o: 4mA;<br \/>\n&#8211; Frequ\u00eancia de recep\u00e7\u00e3o: 433MHz;<br \/>\n&#8211; Sensibilidade: -105dB;<br \/>\n&#8211; Dimens\u00f5es (CxLxA): 30x14x7mm;<br \/>\n&#8211; Peso do receptor: 2,2g.<\/p>\n<p>Itens Inclusos:<\/p>\n<p>&#8211; 01 M\u00f3dulo Transmissor 433mhz;<br \/>\n&#8211; 01 M\u00f3dulo Receptor 433mhz.<\/p>\n","protected":false},"excerpt":{"rendered":"<p>M\u00d3DULO RF TRANSMISSOR E RECEPTOR 433MHZ Este m\u00f3dulo RF (R\u00e1dio Frequ\u00eancia) \u00e9 um pequeno dispositivo eletr\u00f4nico utilizado para transmitir e \/ ou receber sinais de r\u00e1dio entre dois dispositivos. Em um sistema embarcado, \u00e9 muitas vezes utlizado para comunicar com um outro dispositivo sem fios. Esta comunica\u00e7\u00e3o sem fio pode ser conseguida atrav\u00e9s de uma [&hellip;]<\/p>\n","protected":false},"featured_media":1619,"template":"","meta":[],"product_brand":[],"product_cat":[45,210,195],"product_tag":[],"class_list":{"0":"post-1618","1":"product","2":"type-product","3":"status-publish","4":"has-post-thumbnail","6":"product_cat-componentes","7":"product_cat-comunicacoes","8":"product_cat-controle-remoto","10":"entry","11":"has-media","13":"first","14":"outofstock","15":"purchasable","16":"product-type-simple","17":"has-product-nav","18":"col","19":"span_1_of_3","20":"owp-content-center","21":"owp-thumbs-layout-horizontal","22":"owp-btn-normal","23":"owp-tabs-layout-horizontal","24":"has-no-thumbnails"},"_links":{"self":[{"href":"https:\/\/arduxop.com.br\/loja\/wp-json\/wp\/v2\/product\/1618","targetHints":{"allow":["GET"]}}],"collection":[{"href":"https:\/\/arduxop.com.br\/loja\/wp-json\/wp\/v2\/product"}],"about":[{"href":"https:\/\/arduxop.com.br\/loja\/wp-json\/wp\/v2\/types\/product"}],"wp:featuredmedia":[{"embeddable":true,"href":"https:\/\/arduxop.com.br\/loja\/wp-json\/wp\/v2\/media\/1619"}],"wp:attachment":[{"href":"https:\/\/arduxop.com.br\/loja\/wp-json\/wp\/v2\/media?parent=1618"}],"wp:term":[{"taxonomy":"product_brand","embeddable":true,"href":"https:\/\/arduxop.com.br\/loja\/wp-json\/wp\/v2\/product_brand?post=1618"},{"taxonomy":"product_cat","embeddable":true,"href":"https:\/\/arduxop.com.br\/loja\/wp-json\/wp\/v2\/product_cat?post=1618"},{"taxonomy":"product_tag","embeddable":true,"href":"https:\/\/arduxop.com.br\/loja\/wp-json\/wp\/v2\/product_tag?post=1618"}],"curies":[{"name":"wp","href":"https:\/\/api.w.org\/{rel}","templated":true}]}}