{"id":1611,"date":"2018-01-16T10:26:54","date_gmt":"2018-01-16T13:26:54","guid":{"rendered":"https:\/\/arduxop.com.br\/loja\/produto\/amplificador-de-audio\/"},"modified":"2024-07-25T07:59:06","modified_gmt":"2024-07-25T11:59:06","slug":"amplificador-de-audio","status":"publish","type":"product","link":"https:\/\/arduxop.com.br\/loja\/produto\/amplificador-de-audio\/","title":{"rendered":"Amplificador de \u00c1udio"},"content":{"rendered":"<p>Mini amplificador de \u00e1udio est\u00e9reo, componente muito popular entre projetistas e hobistas, recomendado para pequenos projetos envolvendo arduino e sistemas embarcados em geral.<\/p>\n<p>Muito f\u00e1cil de usar.<\/p>\n<p>Caracter\u00edsticas:Potenci\u00f4metro B50K com Interruptor de alimenta\u00e7\u00e3o permite ligar\/desligar o amplificador e ajustar o volume.<\/p>\n<p>Tens\u00e3o de opera\u00e7\u00e3o: Entre 2,5 e 5,5 Vcc<\/p>\n<p>Pot\u00eancia de Sa\u00edda: 3W x 2Modelo: PAM8043<\/p>\n<p>Dimens\u00f5es:Comprimento: 30mmLargura: 20mmAltura: 12mmAten\u00e7\u00e3o: O amplificador \u00e9 est\u00e9reo, ou seja possui 2 canais (direita\/esquerda).<\/p>\n<p>N\u00e3o ligar em modo BRIDGE. DETALHES FUNCIONA ENTRE 2 E 5 VOLTS SAIDA STEREO DIREITO\/ESQUERDO FUNCIONA BEM EM 4 OHMS SUPER FACIL DE USAR MUITO USADO EM ROBOTICA . .<\/p>\n<p>ATENCAO\u00a0\u00a0PERIGO NAO USAR \u00a0ACIMA DE 5 VOLTS POIS QUEIMARA O CI NAO LIGAR EM BRIDGE\u00a0 SEMPRE QUE POSIVEL CONECTAR OS FALANTES\u00a0 ANTES DE LIGAR A FONTE DE ENERGIA PARA EVITAR DANOS NAO INVERTER A POLARIDADE DA FONTE \u00a0DE ALIMENTACAO<\/p>\n","protected":false},"excerpt":{"rendered":"<p class=\"item-title__primary \">Mini-amplificador Digital Stereo 3+3w 2,5-5v<\/p>\n","protected":false},"featured_media":2264,"template":"","meta":[],"product_brand":[],"product_cat":[45,48,175],"product_tag":[314,315],"class_list":{"0":"post-1611","1":"product","2":"type-product","3":"status-publish","4":"has-post-thumbnail","6":"product_cat-componentes","7":"product_cat-kits","8":"product_cat-placas","9":"product_tag-amplificador","10":"product_tag-audio","12":"entry","13":"has-media","15":"first","16":"instock","17":"purchasable","18":"product-type-simple","19":"has-product-nav","20":"col","21":"span_1_of_3","22":"owp-content-center","23":"owp-thumbs-layout-horizontal","24":"owp-btn-normal","25":"owp-tabs-layout-horizontal"},"_links":{"self":[{"href":"https:\/\/arduxop.com.br\/loja\/wp-json\/wp\/v2\/product\/1611","targetHints":{"allow":["GET"]}}],"collection":[{"href":"https:\/\/arduxop.com.br\/loja\/wp-json\/wp\/v2\/product"}],"about":[{"href":"https:\/\/arduxop.com.br\/loja\/wp-json\/wp\/v2\/types\/product"}],"wp:featuredmedia":[{"embeddable":true,"href":"https:\/\/arduxop.com.br\/loja\/wp-json\/wp\/v2\/media\/2264"}],"wp:attachment":[{"href":"https:\/\/arduxop.com.br\/loja\/wp-json\/wp\/v2\/media?parent=1611"}],"wp:term":[{"taxonomy":"product_brand","embeddable":true,"href":"https:\/\/arduxop.com.br\/loja\/wp-json\/wp\/v2\/product_brand?post=1611"},{"taxonomy":"product_cat","embeddable":true,"href":"https:\/\/arduxop.com.br\/loja\/wp-json\/wp\/v2\/product_cat?post=1611"},{"taxonomy":"product_tag","embeddable":true,"href":"https:\/\/arduxop.com.br\/loja\/wp-json\/wp\/v2\/product_tag?post=1611"}],"curies":[{"name":"wp","href":"https:\/\/api.w.org\/{rel}","templated":true}]}}