{"id":16083,"date":"2021-02-04T10:55:00","date_gmt":"2021-02-04T13:55:00","guid":{"rendered":"https:\/\/arduxop.com.br\/loja\/?post_type=product&#038;p=16083"},"modified":"2024-11-07T16:54:34","modified_gmt":"2024-11-07T20:54:34","slug":"esp32-modulo-display","status":"publish","type":"product","link":"https:\/\/arduxop.com.br\/loja\/produto\/esp32-modulo-display\/","title":{"rendered":"Esp32 Modulo Display"},"content":{"rendered":"<h2 class=\"ui-pdp-description__title\">Descri\u00e7\u00e3o<\/h2>\n<p class=\"ui-pdp-description__content\">Nome do produto: M\u00f3dulo Esp32 TTGO display 1.44&#8242; Colorido<br \/>\nBateria: N\u00c3O INCLUIDA<br \/>\nChipset: ESPRESSIF-ESP32 240 mhz xtensa duplo-n\u00facleo 32-bit lx6 microprocessador<br \/>\nFlash: qspi flash 4 mb<br \/>\nSram: 520 kb sram<br \/>\nButton: bot\u00e3o de Reset<br \/>\nUsb para ttl: cp2104<br \/>\nInterface: uart, spi, sdio, i2c, led pwm, tv pwm, i2s, irgpio, adc, sensor de toque do capacitor, pr\u00e9-amplificador de daclna<br \/>\nDisplay: IPS ST7789V 1.14 Polegada<br \/>\nTens\u00e3o de funcionamento: 2.7 v-4.2 v<br \/>\nCorrente de trabalho: sobre 60ma<br \/>\nSono atual: sobre 120ua<br \/>\nFaixa de temperatura de trabalho:-40c ~ + 85c<br \/>\nTamanho: cerca de 51.52&#215;25.04&#215;8.54mm<br \/>\nEspecifica\u00e7\u00e3o da fonte de Alimenta\u00e7\u00e3o:<br \/>\nFonte de alimenta\u00e7\u00e3o: usb 5 v\/1a<br \/>\nCorrente de carregamento: 500mA<br \/>\nBateria: bateria de l\u00edtio 3.7 v<br \/>\nConector jst: 2pin 1.25mm<br \/>\nUsb: tipo-c<br \/>\nWi-Fi Especifica\u00e7\u00e3o:<br \/>\nPadr\u00e3o: fcc\/CE-RED\/ic\/telec\/kcc\/srrc\/ncc<br \/>\nProtocolo : 802.11 b\/g\/n (802.11n, acelerar at\u00e9 150 mbps) A-MPDU e A-MSDU polimeriza\u00e7\u00e3o, apoio 0.4us prote\u00e7\u00e3o intervalo<br \/>\nFaixa de frequ\u00eancia: 2.4gh2 2.5 2400 ghz (2483.5 m-m)<br \/>\nPot\u00eancia De transmiss\u00e3o: 22dBm<br \/>\nDist\u00e2ncia de comunica\u00e7\u00e3o: 300 m<br \/>\nEspecifica\u00e7\u00e3o Bluetooth:<br \/>\nProtocolo : Suporte bluetooth v4.2br\/edr e padr\u00e3o ble<br \/>\nFreq\u00fc\u00eancia de r\u00e1dio: com-97dbm sensibilidade ngif receptor classe-1, cl ass-2 &amp; classe-3 emissor afh<br \/>\nFreq\u00fc\u00eancia de \u00e1udio: frequ\u00eancia de \u00e1udio cvsd &amp; sbc<\/p>\n<p>O pacote inclui:<br \/>\n1 PC x M\u00f3dulo<br \/>\n1 pc x cabo da bateria<br \/>\nBateria: N\u00c3O INCLUIDA<\/p>\n<p class=\"responsive-video-wrap clr\"><iframe title=\"Getting started with ESP32 development using the TTGO T-DISPLAY\" width=\"1200\" height=\"675\" src=\"https:\/\/www.youtube.com\/embed\/UE1mtlsxfKM?feature=oembed\" frameborder=\"0\" allow=\"accelerometer; autoplay; clipboard-write; encrypted-media; gyroscope; picture-in-picture\" allowfullscreen><\/iframe><\/p>\n","protected":false},"excerpt":{"rendered":"<p class=\"ui-pdp-title\">Esp32 Modulo Display Cores Lcd 1.44&#8242; Wifi Bluetooth TTGO<\/p>\n","protected":false},"featured_media":16086,"template":"","meta":[],"product_brand":[],"product_cat":[193,208,183,522,49,50,517],"product_tag":[],"class_list":{"0":"post-16083","1":"product","2":"type-product","3":"status-publish","4":"has-post-thumbnail","6":"product_cat-bluetooth","7":"product_cat-circuito-integrado","8":"product_cat-displays","9":"product_cat-microcontrolador-2","10":"product_cat-microprocessadores","11":"product_cat-modulos","12":"product_cat-oled","14":"entry","15":"has-media","17":"first","18":"instock","19":"shipping-taxable","20":"purchasable","21":"product-type-simple","22":"has-product-nav","23":"col","24":"span_1_of_3","25":"owp-content-center","26":"owp-thumbs-layout-horizontal","27":"owp-btn-normal","28":"owp-tabs-layout-horizontal"},"_links":{"self":[{"href":"https:\/\/arduxop.com.br\/loja\/wp-json\/wp\/v2\/product\/16083","targetHints":{"allow":["GET"]}}],"collection":[{"href":"https:\/\/arduxop.com.br\/loja\/wp-json\/wp\/v2\/product"}],"about":[{"href":"https:\/\/arduxop.com.br\/loja\/wp-json\/wp\/v2\/types\/product"}],"wp:featuredmedia":[{"embeddable":true,"href":"https:\/\/arduxop.com.br\/loja\/wp-json\/wp\/v2\/media\/16086"}],"wp:attachment":[{"href":"https:\/\/arduxop.com.br\/loja\/wp-json\/wp\/v2\/media?parent=16083"}],"wp:term":[{"taxonomy":"product_brand","embeddable":true,"href":"https:\/\/arduxop.com.br\/loja\/wp-json\/wp\/v2\/product_brand?post=16083"},{"taxonomy":"product_cat","embeddable":true,"href":"https:\/\/arduxop.com.br\/loja\/wp-json\/wp\/v2\/product_cat?post=16083"},{"taxonomy":"product_tag","embeddable":true,"href":"https:\/\/arduxop.com.br\/loja\/wp-json\/wp\/v2\/product_tag?post=16083"}],"curies":[{"name":"wp","href":"https:\/\/api.w.org\/{rel}","templated":true}]}}