{"id":1604,"date":"2018-01-16T11:26:54","date_gmt":"2018-01-16T14:26:54","guid":{"rendered":"https:\/\/arduxop.com.br\/loja\/produto\/sensor-de-obstaculos-com-lm-393\/"},"modified":"2025-07-08T13:27:12","modified_gmt":"2025-07-08T17:27:12","slug":"sensor-de-obstaculos-com-lm-393","status":"publish","type":"product","link":"https:\/\/arduxop.com.br\/loja\/produto\/sensor-de-obstaculos-com-lm-393\/","title":{"rendered":"Sensor de Obst\u00e1culos com LM 393"},"content":{"rendered":"<p>Este m\u00f3dulo possui um sensor baseado no sistema de reflex\u00e3o de luz infravermelha.<br \/>\nCom um LED emissor de infravermelho e um fotodiodo apontando para o mesmo lado, ele consegue identificar um obst\u00e1culo ou objeto que esteja dentro do \u00e2ngulo de reflex\u00e3o e da dist\u00e2ncia ajustada.<br \/>\nO circuito de filtro\/controle \u00e9 baseado no circuito integrado amplificador operacional LM393.<br \/>\nAo detectar um obst\u00e1culo, um LED verde na placa acende e a sa\u00edda vai para n\u00edvel l\u00f3gico baixo.<br \/>\nEste sensor possui um trimpot para ajuste da dist\u00e2ncia de detec\u00e7\u00e3o, que pode ficar entre 2 e 30cm. Esta dist\u00e2ncia, mesmo ap\u00f3s ser ajustada pelo trimpot, poder\u00e1 ser diferente dependendo do tamanho e cor do obst\u00e1culo.<br \/>\nCompat\u00edvel com 3.3V e 5V, podendo ser conectado diretamente \u00e0 porta do microcontrolador (Arduino, PIC e outros).<\/p>\n","protected":false},"excerpt":{"rendered":"<p>Este m\u00f3dulo possui um sensor baseado no sistema de reflex\u00e3o de luz infravermelha. Com um LED emissor de infravermelho e um fotodiodo apontando para o mesmo lado, ele consegue identificar um obst\u00e1culo ou objeto que esteja dentro do \u00e2ngulo de reflex\u00e3o e da dist\u00e2ncia ajustada. O circuito de filtro\/controle \u00e9 baseado no circuito integrado amplificador [&hellip;]<\/p>\n","protected":false},"featured_media":1605,"template":"","meta":[],"product_brand":[],"product_cat":[50,178],"product_tag":[493,494,421],"class_list":{"0":"post-1604","1":"product","2":"type-product","3":"status-publish","4":"has-post-thumbnail","6":"product_cat-modulos","7":"product_cat-sensores","8":"product_tag-carrinho","9":"product_tag-seguidor","10":"product_tag-trilha","12":"entry","13":"has-media","15":"first","16":"instock","17":"purchasable","18":"product-type-simple","19":"has-product-nav","20":"col","21":"span_1_of_3","22":"owp-content-center","23":"owp-thumbs-layout-horizontal","24":"owp-btn-normal","25":"owp-tabs-layout-horizontal"},"_links":{"self":[{"href":"https:\/\/arduxop.com.br\/loja\/wp-json\/wp\/v2\/product\/1604","targetHints":{"allow":["GET"]}}],"collection":[{"href":"https:\/\/arduxop.com.br\/loja\/wp-json\/wp\/v2\/product"}],"about":[{"href":"https:\/\/arduxop.com.br\/loja\/wp-json\/wp\/v2\/types\/product"}],"wp:featuredmedia":[{"embeddable":true,"href":"https:\/\/arduxop.com.br\/loja\/wp-json\/wp\/v2\/media\/1605"}],"wp:attachment":[{"href":"https:\/\/arduxop.com.br\/loja\/wp-json\/wp\/v2\/media?parent=1604"}],"wp:term":[{"taxonomy":"product_brand","embeddable":true,"href":"https:\/\/arduxop.com.br\/loja\/wp-json\/wp\/v2\/product_brand?post=1604"},{"taxonomy":"product_cat","embeddable":true,"href":"https:\/\/arduxop.com.br\/loja\/wp-json\/wp\/v2\/product_cat?post=1604"},{"taxonomy":"product_tag","embeddable":true,"href":"https:\/\/arduxop.com.br\/loja\/wp-json\/wp\/v2\/product_tag?post=1604"}],"curies":[{"name":"wp","href":"https:\/\/api.w.org\/{rel}","templated":true}]}}