{"id":1599,"date":"2018-01-16T11:26:54","date_gmt":"2018-01-16T13:26:54","guid":{"rendered":"https:\/\/arduxop.com.br\/loja\/produto\/40-fios-jumper-macho-femea-20cm-arduino\/"},"modified":"2026-02-03T13:02:09","modified_gmt":"2026-02-03T17:02:09","slug":"40-fios-jumper-macho-femea-20cm-arduino","status":"publish","type":"product","link":"https:\/\/arduxop.com.br\/loja\/produto\/40-fios-jumper-macho-femea-20cm-arduino\/","title":{"rendered":"Jumper Macho-F\u00eamea"},"content":{"rendered":"<p>DESCRI\u00c7\u00c3O T\u00c9CNICA<\/p>\n<p>Os Cabos Jumpers Macho x F\u00eamea foram desenvolvidos para liga\u00e7\u00e3o entre sensores bricks\u00a0e m\u00f3dulos externos as placas Arduino.<\/p>\n<p>S\u00e3o uma excelente escolha para a montagem dos seus projetos e interliga\u00e7\u00e3o do arduino com o seu protoboard<\/p>\n<p>ESPECIFICA\u00c7\u00d5ES T\u00c9CNICAS<\/p>\n<p>Flat com 40 cabos destac\u00e1veis.Conector F\u00eamea &#8211; F\u00eameaFios de 24 AWG<\/p>\n<p>Comprimento de cada cabo 10 cmACOMPANHA40 Cabos Jumper F\u00eamea x F\u00eamea \u00a0 Podem ser separados um a um ou em grupos facilmente.<\/p>\n<p>PERFEITO para usar com arduino, protoboard, PIC, etc..Muito mais agilidade no seu projetoTAMANHO: 10 CM<\/p>\n","protected":false},"excerpt":{"rendered":"<p>Jumper Macho F\u00eamea\u00a0 40 Fios 20cm<\/p>\n","protected":false},"featured_media":2688,"template":"","meta":[],"product_brand":[],"product_cat":[184],"product_tag":[],"class_list":{"0":"post-1599","1":"product","2":"type-product","3":"status-publish","4":"has-post-thumbnail","6":"product_cat-fios-e-cabos","8":"entry","9":"has-media","11":"first","12":"instock","13":"purchasable","14":"product-type-simple","15":"has-product-nav","16":"col","17":"span_1_of_3","18":"owp-content-center","19":"owp-thumbs-layout-horizontal","20":"owp-btn-normal","21":"owp-tabs-layout-horizontal"},"_links":{"self":[{"href":"https:\/\/arduxop.com.br\/loja\/wp-json\/wp\/v2\/product\/1599","targetHints":{"allow":["GET"]}}],"collection":[{"href":"https:\/\/arduxop.com.br\/loja\/wp-json\/wp\/v2\/product"}],"about":[{"href":"https:\/\/arduxop.com.br\/loja\/wp-json\/wp\/v2\/types\/product"}],"wp:featuredmedia":[{"embeddable":true,"href":"https:\/\/arduxop.com.br\/loja\/wp-json\/wp\/v2\/media\/2688"}],"wp:attachment":[{"href":"https:\/\/arduxop.com.br\/loja\/wp-json\/wp\/v2\/media?parent=1599"}],"wp:term":[{"taxonomy":"product_brand","embeddable":true,"href":"https:\/\/arduxop.com.br\/loja\/wp-json\/wp\/v2\/product_brand?post=1599"},{"taxonomy":"product_cat","embeddable":true,"href":"https:\/\/arduxop.com.br\/loja\/wp-json\/wp\/v2\/product_cat?post=1599"},{"taxonomy":"product_tag","embeddable":true,"href":"https:\/\/arduxop.com.br\/loja\/wp-json\/wp\/v2\/product_tag?post=1599"}],"curies":[{"name":"wp","href":"https:\/\/api.w.org\/{rel}","templated":true}]}}