{"id":1590,"date":"2018-01-16T11:26:54","date_gmt":"2018-01-16T13:26:54","guid":{"rendered":"https:\/\/arduxop.com.br\/loja\/produto\/kit-5-medidas-7-cores-espaguete-isolante-termo-retratil\/"},"modified":"2024-07-25T07:57:31","modified_gmt":"2024-07-25T11:57:31","slug":"kit-5-medidas-7-cores-espaguete-isolante-termo-retratil","status":"publish","type":"product","link":"https:\/\/arduxop.com.br\/loja\/produto\/kit-5-medidas-7-cores-espaguete-isolante-termo-retratil\/","title":{"rendered":"Espaguete Termo Retr\u00e1til"},"content":{"rendered":"<p>Kit 5 Medidas 7 Cores Espaguete Isolante Termo Retratil\u00a0 7<\/p>\n<p>Cores:\u00a0Azul, Vermelho, Amarelo, Preto, Verde, Branco e transparente 5 Medidas:\u00a01.0mm, 1.5mm, 2.5mm, 3.0mm,\u00a05.0mm 35 peda\u00e7os de 10cm:<\/p>\n<p>Total 3,5mts Temperatura de Utiliza\u00e7\u00e3o:\u00a0-55\u00b0C a +125\u00b0C Temperatura de Contra\u00e7\u00e3o:\u00a0+90\u00b0C\u00a0 Contra\u00e7\u00e3o Longitudinal:\u00a0inferior a 5% Flamabilidade:\u00a0UL VW-1 Encolhimento:\u00a02&#215;1 encolhe em at\u00e9 50% do seu di\u00e2metro interno (de 2,0mm encolhe at\u00e9 1,0mm) Voltagem M\u00e1xima Suportada:\u00a0600V Material:\u00a0Poliolefina flex\u00edvel\u00a0\u00a0 Os nossos espaguetes termo encolh\u00edveis possuem as normas Standart: UL224VW-1 e CSA C-UL c 22,2 OFT.<\/p>\n<p>S\u00e3o produzidos em poliolefina flex\u00edvel com encolhimento de 2&#215;1. S\u00e3o livres de halog\u00eaneos e metais pesados, atendem a norma RoHS.<\/p>\n<p>Possuem as propriedades: Retardador de Chamas Flexibilidade Encolhimento R\u00e1pido\u00a0 Podem ser utilizados para isolar chicotes el\u00e9tricos, conectores, plugs, componentes eletr\u00f4nicos, celulares, pilhas, etc, substituem as fitas isolantes, deixando o trabalho com aspecto profissional.<\/p>\n","protected":false},"excerpt":{"rendered":"<p>Kit 5 Medidas 7 Cores Espaguete Isolante Termo Retr\u00e1til<\/p>\n","protected":false},"featured_media":1591,"template":"","meta":[],"product_brand":[],"product_cat":[47,184],"product_tag":[],"class_list":{"0":"post-1590","1":"product","2":"type-product","3":"status-publish","4":"has-post-thumbnail","6":"product_cat-diversos","7":"product_cat-fios-e-cabos","9":"entry","10":"has-media","12":"first","13":"instock","14":"sold-individually","15":"purchasable","16":"product-type-simple","17":"has-product-nav","18":"col","19":"span_1_of_3","20":"owp-content-center","21":"owp-thumbs-layout-horizontal","22":"owp-btn-normal","23":"owp-tabs-layout-horizontal"},"_links":{"self":[{"href":"https:\/\/arduxop.com.br\/loja\/wp-json\/wp\/v2\/product\/1590","targetHints":{"allow":["GET"]}}],"collection":[{"href":"https:\/\/arduxop.com.br\/loja\/wp-json\/wp\/v2\/product"}],"about":[{"href":"https:\/\/arduxop.com.br\/loja\/wp-json\/wp\/v2\/types\/product"}],"wp:featuredmedia":[{"embeddable":true,"href":"https:\/\/arduxop.com.br\/loja\/wp-json\/wp\/v2\/media\/1591"}],"wp:attachment":[{"href":"https:\/\/arduxop.com.br\/loja\/wp-json\/wp\/v2\/media?parent=1590"}],"wp:term":[{"taxonomy":"product_brand","embeddable":true,"href":"https:\/\/arduxop.com.br\/loja\/wp-json\/wp\/v2\/product_brand?post=1590"},{"taxonomy":"product_cat","embeddable":true,"href":"https:\/\/arduxop.com.br\/loja\/wp-json\/wp\/v2\/product_cat?post=1590"},{"taxonomy":"product_tag","embeddable":true,"href":"https:\/\/arduxop.com.br\/loja\/wp-json\/wp\/v2\/product_tag?post=1590"}],"curies":[{"name":"wp","href":"https:\/\/api.w.org\/{rel}","templated":true}]}}