{"id":1583,"date":"2018-01-16T11:26:54","date_gmt":"2018-01-16T13:26:54","guid":{"rendered":"https:\/\/arduxop.com.br\/loja\/produto\/modulo-laser-5v-5mw-650nm-6mm-arduino-pic\/"},"modified":"2025-07-02T09:47:27","modified_gmt":"2025-07-02T13:47:27","slug":"modulo-laser-5v-5mw-650nm-6mm-arduino-pic","status":"publish","type":"product","link":"https:\/\/arduxop.com.br\/loja\/produto\/modulo-laser-5v-5mw-650nm-6mm-arduino-pic\/","title":{"rendered":"M\u00f3dulo Laser"},"content":{"rendered":"<p>Atrav\u00e9s de seus dois \u00fanicos cabos o \u00a0M\u00f3dulo Laser \u00e9 um produto que apresenta extrema facilidade de instala\u00e7\u00e3o sendo destes um positivo e outro negativo.Com tens\u00e3o vari\u00e1vel entre 3,3V a 5V, o Laser Vermelho apresentar\u00e1 maior luminosidade sempre que a tens\u00e3o for elevada, devendo respeitar-se os limites m\u00e1ximos de tens\u00e3o tolerados.ESPECIFICA\u00c7\u00d5ES:Tens\u00e3o de funcionamento:\u00a03,3 a 5V;Pot\u00eancia:\u00a05mW;Comprimento de onda:\u00a0650nm;Corrente de funcionamento:\u00a0&lt; 40mA;Temperatura de trabalho:\u00a0-10\u00b0C &lt; 40\u00b0C;Comprimento do cabo:\u00a012cm;Comprimento total:\u00a014mm;Di\u00e2metro: 6mm;Peso: 1,3g.<\/p>\n","protected":false},"excerpt":{"rendered":"<p>M\u00f3dulo Laser 5v 5mw 650nm 6mm Arduino Pic<\/p>\n","protected":false},"featured_media":1584,"template":"","meta":[],"product_brand":[],"product_cat":[47,186],"product_tag":[],"class_list":{"0":"post-1583","1":"product","2":"type-product","3":"status-publish","4":"has-post-thumbnail","6":"product_cat-diversos","7":"product_cat-leds","9":"entry","10":"has-media","12":"first","13":"instock","14":"sold-individually","15":"purchasable","16":"product-type-simple","17":"has-product-nav","18":"col","19":"span_1_of_3","20":"owp-content-center","21":"owp-thumbs-layout-horizontal","22":"owp-btn-normal","23":"owp-tabs-layout-horizontal"},"_links":{"self":[{"href":"https:\/\/arduxop.com.br\/loja\/wp-json\/wp\/v2\/product\/1583","targetHints":{"allow":["GET"]}}],"collection":[{"href":"https:\/\/arduxop.com.br\/loja\/wp-json\/wp\/v2\/product"}],"about":[{"href":"https:\/\/arduxop.com.br\/loja\/wp-json\/wp\/v2\/types\/product"}],"wp:featuredmedia":[{"embeddable":true,"href":"https:\/\/arduxop.com.br\/loja\/wp-json\/wp\/v2\/media\/1584"}],"wp:attachment":[{"href":"https:\/\/arduxop.com.br\/loja\/wp-json\/wp\/v2\/media?parent=1583"}],"wp:term":[{"taxonomy":"product_brand","embeddable":true,"href":"https:\/\/arduxop.com.br\/loja\/wp-json\/wp\/v2\/product_brand?post=1583"},{"taxonomy":"product_cat","embeddable":true,"href":"https:\/\/arduxop.com.br\/loja\/wp-json\/wp\/v2\/product_cat?post=1583"},{"taxonomy":"product_tag","embeddable":true,"href":"https:\/\/arduxop.com.br\/loja\/wp-json\/wp\/v2\/product_tag?post=1583"}],"curies":[{"name":"wp","href":"https:\/\/api.w.org\/{rel}","templated":true}]}}