{"id":1579,"date":"2018-01-16T11:26:54","date_gmt":"2018-01-16T14:26:54","guid":{"rendered":"https:\/\/arduxop.com.br\/loja\/produto\/modulo-detector-sensor-de-som-palmas-arduino-pic\/"},"modified":"2024-07-25T07:57:20","modified_gmt":"2024-07-25T11:57:20","slug":"modulo-detector-sensor-de-som-palmas-arduino-pic","status":"publish","type":"product","link":"https:\/\/arduxop.com.br\/loja\/produto\/modulo-detector-sensor-de-som-palmas-arduino-pic\/","title":{"rendered":"Detector De Som"},"content":{"rendered":"<p>Caracter\u00edsticas: \u00a0 1 &#8211; Chip principal:\u00a0LM393\u00a0, Electret microfone\u00a02 &#8211; Tens\u00e3o de funcionamento: DC\u00a04-6V3 &#8211; Detec\u00e7\u00e3o de som.4 &#8211; Intensidade do som \u00e9 proporcional ao valor da sa\u00edda anal\u00f3gica.5 &#8211; Sensibilidade ajust\u00e1vel atrav\u00e9s do ajuste de ganho no circuito de amplificador4 &#8211; Desempenho est\u00e1vel.5 &#8211; A sa\u00edda anal\u00f3gica de sinal \u00e9 proporcional a amplitude do sinal VCC \/ 2<\/p>\n","protected":false},"excerpt":{"rendered":"<p>Caracter\u00edsticas: \u00a0 1 &#8211; Chip principal:\u00a0LM393\u00a0, Electret microfone\u00a02 &#8211; Tens\u00e3o de funcionamento: DC\u00a04-6V3 &#8211; Detec\u00e7\u00e3o de som.4 &#8211; Intensidade do som \u00e9 proporcional ao valor da sa\u00edda anal\u00f3gica.5 &#8211; Sensibilidade ajust\u00e1vel atrav\u00e9s do ajuste de ganho no circuito de amplificador4 &#8211; Desempenho est\u00e1vel.5 &#8211; A sa\u00edda anal\u00f3gica de sinal \u00e9 proporcional a amplitude do sinal [&hellip;]<\/p>\n","protected":false},"featured_media":1580,"template":"","meta":[],"product_brand":[],"product_cat":[178],"product_tag":[414,413],"class_list":{"0":"post-1579","1":"product","2":"type-product","3":"status-publish","4":"has-post-thumbnail","6":"product_cat-sensores","7":"product_tag-palmas","8":"product_tag-som","10":"entry","11":"has-media","13":"first","14":"instock","15":"sale","16":"sold-individually","17":"purchasable","18":"product-type-simple","19":"has-product-nav","20":"col","21":"span_1_of_3","22":"owp-content-center","23":"owp-thumbs-layout-horizontal","24":"owp-btn-normal","25":"owp-tabs-layout-horizontal"},"_links":{"self":[{"href":"https:\/\/arduxop.com.br\/loja\/wp-json\/wp\/v2\/product\/1579","targetHints":{"allow":["GET"]}}],"collection":[{"href":"https:\/\/arduxop.com.br\/loja\/wp-json\/wp\/v2\/product"}],"about":[{"href":"https:\/\/arduxop.com.br\/loja\/wp-json\/wp\/v2\/types\/product"}],"wp:featuredmedia":[{"embeddable":true,"href":"https:\/\/arduxop.com.br\/loja\/wp-json\/wp\/v2\/media\/1580"}],"wp:attachment":[{"href":"https:\/\/arduxop.com.br\/loja\/wp-json\/wp\/v2\/media?parent=1579"}],"wp:term":[{"taxonomy":"product_brand","embeddable":true,"href":"https:\/\/arduxop.com.br\/loja\/wp-json\/wp\/v2\/product_brand?post=1579"},{"taxonomy":"product_cat","embeddable":true,"href":"https:\/\/arduxop.com.br\/loja\/wp-json\/wp\/v2\/product_cat?post=1579"},{"taxonomy":"product_tag","embeddable":true,"href":"https:\/\/arduxop.com.br\/loja\/wp-json\/wp\/v2\/product_tag?post=1579"}],"curies":[{"name":"wp","href":"https:\/\/api.w.org\/{rel}","templated":true}]}}